{"id":916,"date":"2023-12-15T14:07:28","date_gmt":"2023-12-15T14:07:28","guid":{"rendered":"https:\/\/sufiwebsoft.us\/cbsglobal\/?post_type=product&#038;p=916"},"modified":"2024-10-21T22:52:03","modified_gmt":"2024-10-21T22:52:03","slug":"kalipro-capsules-n-30","status":"publish","type":"product","link":"https:\/\/shop.cbs.ge\/en\/product\/kalipro-capsules-n-30\/","title":{"rendered":"Kalipro Capsules N 30"},"content":{"rendered":"<p><strong>\u10d8\u10dc\u10d2\u10e0\u10d4\u10d3\u10d8\u10d4\u10dc\u10e2\u10d4\u10d1\u10d8: <\/strong>\u10d9\u10d0\u10da\u10d8\u10e3\u10db\u10d8\u10e1 \u10d0\u10e1\u10de\u10d0\u10e0\u10d0\u10d2\u10d8\u10dc\u10d0\u10e2\u10d8, \u10db\u10d0\u10d2\u10dc\u10d8\u10e3\u10db\u10d8\u10e1 \u10d0\u10e1\u10de\u10d0\u10e0\u10d0\u10d2\u10d8\u10dc\u10d0\u10e2\u10d8.<\/p>\n<p><strong>\u10e1\u10ee\u10d5\u10d0 \u10d8\u10dc\u10d2\u10e0\u10d4\u10d3\u10d8\u10d4\u10dc\u10e2\u10d4\u10d1\u10d8:<\/strong> \u10db\u10d0\u10d2\u10dc\u10d8\u10e3\u10db\u10d8\u10e1 \u10e1\u10e2\u10d4\u10d0\u10e0\u10d0\u10e2\u10d8, \u10e1\u10d8\u10db\u10d8\u10dc\u10d3\u10d8\u10e1 \u10e1\u10d0\u10ee\u10d0\u10db\u10d4\u10d1\u10d4\u10da\u10d8.<\/p>\n<table width=\"618\">\n<tbody>\n<tr>\n<td width=\"192\">\u10d9\u10d5\u10d4\u10d1\u10d8\u10d7\u10d8 \u10e6\u10d8\u10e0\u10d4\u10d1\u10e3\u10da\u10d4\u10d1\u10d0<\/p>\n<p>(\u10e1\u10d0\u10e8\u10e3\u10d0\u10da\u10dd \u10db\u10dc\u10d8\u10e8\u10d5\u10dc\u10d4\u10da\u10dd\u10d1\u10d0)<\/td>\n<td width=\"117\">100 \u10d2 \u10db\u10e8\u10e0\u10d0\u10da \u10de\u10e0\u10dd\u10d3\u10e3\u10e5\u10e2\u10d6\u10d4<\/td>\n<td width=\"154\">\u10d3\u10e6\u10d8\u10e3\u10e0\u10d8 \u10d3\u10dd\u10d6\u10d0<\/p>\n<p>(1 \u10d9\u10d0\u10e4\u10e1\u10e3\u10da\u10d0)<\/td>\n<td width=\"155\">\u10e1\u10d0\u10d3\u10e6\u10d4\u10e6\u10d0\u10db\u10d8\u10e1\u10dd \u10d2\u10d0\u10db\u10dd\u10e7\u10d4\u10dc\u10d4\u10d1\u10d8\u10e1 \u10e0\u10d4\u10d9\u10dd\u10db\u10d4\u10dc\u10d3\u10d4\u10d1\u10e3\u10da\u10d8 \u10dc\u10dd\u10e0\u10db\u10d8\u10e1% \u10d6\u10e0\u10d3\u10d0\u10e1\u10e0\u10e3\u10da\u10d8 \u10d0\u10d3\u10d0\u10db\u10d8\u10d0\u10dc\u10d8\u10e1\u10d0\u10d7\u10d5\u10d8\u10e1<\/p>\n<p>DRI%*<\/td>\n<\/tr>\n<tr>\n<td width=\"192\">\u10d4\u10dc\u10d4\u10e0\u10d2\u10d4\u10e2\u10d8\u10d9\u10e3\u10da\u10d8 \u10e6\u10d8\u10e0\u10d4\u10d1\u10e3\u10da\u10d4\u10d1\u10d0 (\u10d9\u10d9\u10d0\u10da)<\/p>\n<p>&nbsp;<\/td>\n<td width=\"117\">24.5 \u10d9\u10d9\u10d0\u10da<\/td>\n<td width=\"154\">0.18 \u10d9\u10d9\u10d0\u10da<\/td>\n<td width=\"155\">0.009<\/td>\n<\/tr>\n<tr>\n<td width=\"192\">\u10ea\u10ee\u10d8\u10db\u10d4\u10d1\u10d8 (\u10d2)<\/p>\n<p>\u10db\u10d0\u10d7 \u10e8\u10dd\u10e0\u10d8\u10e1 \u10dc\u10d0\u10ef\u10d4\u10e0\u10d8 (\u10d2)<\/td>\n<td width=\"117\">&#8211;<\/td>\n<td width=\"154\">&#8211;<\/td>\n<td width=\"155\">&#8211;<\/td>\n<\/tr>\n<tr>\n<td width=\"192\">\u10d9\u10d0\u10e0\u10d1\u10dd\u10dc\u10f0\u10d8\u10d3\u10e0\u10d0\u10e2\u10d4\u10d1\u10d8 (\u10d2)<\/p>\n<p>\u10db\u10d0\u10d7 \u10e8\u10dd\u10e0\u10d8\u10e1 \u10e8\u10d0\u10e5\u10e0\u10d4\u10d1\u10d8 (\u10d2)<\/td>\n<td width=\"117\">5,71 \u10d2<\/p>\n<p>&#8211;<\/td>\n<td width=\"154\">0,042 \u10d2<\/p>\n<p>&#8211;<\/td>\n<td width=\"155\">&#8211;<\/p>\n<p>&#8211;<\/td>\n<\/tr>\n<tr>\n<td width=\"192\">\u10e1\u10d0\u10d9\u10d5\u10d4\u10d1\u10d8 \u10d1\u10dd\u10ed\u10d9\u10dd\u10d4\u10d1\u10d8<\/td>\n<td width=\"117\">&#8211;<\/td>\n<td width=\"154\">&#8211;<\/td>\n<td width=\"155\">&#8211;<\/td>\n<\/tr>\n<tr>\n<td width=\"192\">\u10de\u10e0\u10dd\u10e2\u10d4\u10dc\u10d8 (\u10d2)<\/td>\n<td width=\"117\">&#8211;<\/td>\n<td width=\"154\">&#8211;<\/td>\n<td width=\"155\">&#8211;<\/td>\n<\/tr>\n<tr>\n<td width=\"192\">\u10db\u10d0\u10e0\u10d8\u10da\u10d4\u10d1\u10d8 (\u10d2)<\/td>\n<td width=\"117\">0.0006 \u10d2<\/td>\n<td width=\"154\">0.004 \u10db\u10d2<\/td>\n<td width=\"155\">0,0002<\/td>\n<\/tr>\n<\/tbody>\n<\/table>\n<p>&nbsp;<\/p>\n<table width=\"620\">\n<tbody>\n<tr>\n<td colspan=\"4\" width=\"620\"><strong>\u10d8\u10dc\u10d2\u10e0\u10d4\u10d3\u10d8\u10d4\u10dc\u10e2\u10d4\u10d1\u10d8<\/strong><\/td>\n<\/tr>\n<tr>\n<td width=\"192\">\u10d9\u10d0\u10da\u10d8\u10e3\u10db\u10d8<\/p>\n<p>(\u10d9\u10d0\u10da\u10d8\u10e3\u10db\u10d8\u10e1 \u10d0\u10e1\u10de\u10d0\u10e0\u10d0\u10d2\u10d8\u10dc\u10d0\u10e2\u10d8)<\/td>\n<td width=\"118\">9,67 \u10d2<\/p>\n<p>42,13 \u10d2<\/td>\n<td width=\"155\">72,58 \u10db\u10d2<\/p>\n<p>316 \u10db\u10d2<\/td>\n<td width=\"155\">3,63<\/td>\n<\/tr>\n<tr>\n<td width=\"192\">\u10db\u10d0\u10d2\u10dc\u10d8\u10e3\u10db\u10d8<\/p>\n<p>(\u10db\u10d0\u10d2\u10dc\u10d8\u10e3\u10db\u10d8\u10e1 \u10d0\u10e1\u10de\u10d0\u10e0\u10d0\u10d2\u10d8\u10dc\u10d0\u10e2\u10d8)<\/td>\n<td width=\"118\">3,14 \u10d2<\/p>\n<p>37,33 \u10d2<\/td>\n<td width=\"155\">23,59 \u10db\u10d2<\/p>\n<p>280 \u10db\u10d2<\/td>\n<td width=\"155\">6,29<\/td>\n<\/tr>\n<\/tbody>\n<\/table>\n<p>&nbsp;<\/p>\n<p><strong>DRI<\/strong><strong>%<\/strong><strong> * <\/strong><strong>\u10d3\u10e6\u10d8\u10e3\u10e0\u10d8 \u10db\u10dd\u10d7\u10ee\u10dd\u10d5\u10dc\u10d8\u10da\u10d4\u10d1\u10d0<\/strong><\/p>\n<p><strong>\u10e0\u10d4\u10d9\u10dd\u10db\u10d4\u10dc\u10d3\u10d0\u10ea\u10d8\u10d0 \u10d2\u10d0\u10db\u10dd\u10e7\u10d4\u10dc\u10d4\u10d1\u10d8\u10e1\u10d7\u10d5\u10d8\u10e1:<\/strong><\/p>\n<p>1 \u00a0\u10d9\u10d0\u10e4\u10e1\u10e3\u10da\u10d0 \u10d3\u10e6\u10d4\u10e8\u10d8, \u10d0\u10dc \u10d4\u10e5\u10d8\u10db\u10d8\u10e1 \u10e0\u10d4\u10d9\u10dd\u10db\u10d4\u10dc\u10d3\u10d0\u10ea\u10d8\u10d8\u10e1 \u10db\u10d8\u10ee\u10d4\u10d3\u10d5\u10d8\u10d7.<\/p>\n<p><strong>\u10d2\u10d0\u10e4\u10e0\u10d7\u10ee\u10d8\u10da\u10d4\u10d1\u10d0:<\/strong><\/p>\n<p>\u10d0\u10e0 \u10d2\u10d0\u10d3\u10d0\u10d0\u10ed\u10d0\u10e0\u10d1\u10dd\u10d7 \u10e0\u10d4\u10d9\u10dd\u10db\u10d4\u10dc\u10d3\u10d4\u10d1\u10e3\u10da \u10d3\u10e6\u10d8\u10e3\u10e0 \u10d3\u10dd\u10d6\u10d0\u10e1.<\/p>\n<p>\u10e1\u10e3\u10e0\u10e1\u10d0\u10d7\u10d8\u10e1 (\u10e1\u10d0\u10e1\u10e3\u10e0\u10e1\u10d0\u10d7\u10dd) \u10d3\u10d0\u10dc\u10d0\u10db\u10d0\u10e2\u10e1 \u10e8\u10d4\u10e3\u10eb\u10da\u10d8\u10d0 \u10db\u10ee\u10dd\u10da\u10dd\u10d3 \u10d3\u10d0\u10ee\u10db\u10d0\u10e0\u10d4\u10d1\u10d8\u10e1 \u10d2\u10d0\u10ec\u10d4\u10d5\u10d0, \u10d7\u10e3 \u10e1\u10d0\u10d9\u10d5\u10d4\u10d1\u10d8\u10d3\u10d0\u10dc \u10d0\u10e0 \u10ee\u10d3\u10d4\u10d1\u10d0 \u10e1\u10d0\u10d9\u10db\u10d0\u10e0\u10d8\u10e1\u10d0\u10d3 \u10db\u10d0\u10d7\u10d8 \u10db\u10d8\u10e6\u10d4\u10d1\u10d0. \u10e1\u10e3\u10e0\u10e1\u10d0\u10d7\u10d8\u10e1 (\u10e1\u10d0\u10e1\u10e3\u10e0\u10e1\u10d0\u10d7\u10dd) \u10d3\u10d0\u10dc\u10d0\u10db\u10d0\u10e2\u10d8<\/p>\n<p>\u10d0\u10e0 \u10d0\u10e0\u10d8\u10e1 \u10d2\u10d0\u10dc\u10d9\u10e3\u10d7\u10d5\u10dc\u10d8\u10da\u10d8 \u10db\u10e0\u10d0\u10d5\u10d0\u10da\u10e4\u10d4\u10e0\u10dd\u10d5\u10d0\u10dc\u10d8 \u10d3\u10d0 \u10d1\u10d0\u10da\u10d0\u10dc\u10e1\u10d8\u10e0\u10d4\u10d1\u10e3\u10da\u10d8 \u10d3\u10d8\u10d4\u10e2\u10d8\u10e1 \u00a0\u10d3\u10d0 \u10ea\u10ee\u10dd\u10d5\u10e0\u10d4\u10d1\u10d8\u10e1 \u10ef\u10d0\u10dc\u10e1\u10d0\u10e6\u10d8 \u10ec\u10d4\u10e1\u10d8\u10e1 \u10e9\u10d0\u10e1\u10d0\u10dc\u10d0\u10ea\u10d5\u10da\u10d4\u10d1\u10da\u10d0\u10d3.<\/p>\n<p>\u10e0\u10d4\u10d9\u10dd\u10db\u10d4\u10dc\u10d3\u10d4\u10d1\u10e3\u10da\u10d8\u10d0 \u10db\u10e0\u10d0\u10d5\u10d0\u10da\u10e4\u10d4\u10e0\u10dd\u10d5\u10d0\u10dc\u10d8 \u10d3\u10d0 \u10d1\u10d0\u10da\u10d0\u10dc\u10e1\u10d8\u10e0\u10d4\u10d1\u10e3\u10da\u10d8 \u10d3\u10d8\u10d4\u10e2\u10d0 \u10d3\u10d0 \u10ef\u10d0\u10dc\u10e1\u10d0\u10e6\u10d8 \u10ea\u10ee\u10dd\u10d5\u10e0\u10d4\u10d1\u10d8\u10e1 \u10ec\u10d4\u10e1\u10d8.<\/p>\n<p><strong>\u00a0<\/strong><\/p>\n<p><strong>\u10e8\u10d4\u10dc\u10d0\u10ee\u10d5\u10d8\u10e1 \u10de\u10e0\u10dd\u10d1\u10d4\u10d1\u10d8:<\/strong><\/p>\n<p>\u10e8\u10d4\u10d8\u10dc\u10d0\u10ee\u10d4\u10d7 \u10d1\u10d0\u10d5\u10e8\u10d5\u10d4\u10d1\u10d8\u10e1\u10d0\u10d2\u10d0\u10dc \u10db\u10d8\u10e3\u10ec\u10d5\u10d3\u10dd\u10db\u10d4\u10da \u10d0\u10d3\u10d2\u10d8\u10da\u10d0\u10e1. \u10d8\u10dc\u10d0\u10ee\u10d4\u10d1\u10d0 25<sup>o<\/sup>C &#8211; \u10d6\u10d4 \u10d3\u10d0\u10d1\u10d0\u10da \u10e2\u10d4\u10db\u10de\u10d4\u10e0\u10d0\u10e2\u10e3\u10e0\u10d0\u10d6\u10d4, \u10db\u10e8\u10e0\u10d0\u10da, \u10db\u10d6\u10d8\u10e1 \u10e1\u10ee\u10d8\u10d5\u10d4\u10d1\u10d8\u10e1\u10d0\u10d2\u10d0\u10dc \u10d3\u10d0\u10ea\u10e3\u10da \u10d0\u10d3\u10d2\u10d8\u10da\u10d0\u10e1.<\/p>\n<p><strong>\u10e4\u10dd\u10e0\u10db\u10d0 \u10d3\u10d0 \u10e8\u10d4\u10e4\u10e3\u10d7\u10d5\u10d0: <\/strong>N 30 \u10d9\u10d0\u10e4\u10e1\u10e3\u10da\u10d0 \u10db\u10d8\u10dc\u10d8\u10e1 \u10d1\u10dd\u10d7\u10da\u10e8\u10d8.<\/p>\n<p><strong>\u10db\u10d0\u10e1\u10d0:<\/strong> 22.5 \u10d2<\/p>\n<p><strong>\u10d3\u10d0\u10db\u10d6\u10d0\u10d3\u10d4\u10d1\u10e3\u10da\u10d8\u10d0<\/strong> \u10e8\u10de\u10e1 \u10d2\u10da\u10dd\u10d1\u10d0\u10da \u10ea\u10d1\u10e1 -\u10d7\u10d5\u10d8\u10e1 Honor \u0130la\u00e7 Sanayi ve Tic. Ltd. \u015eti \u00a0\u10db\u10d8\u10d4\u10e0.<\/p>\n<p>&nbsp;<\/p>","protected":false},"excerpt":{"rendered":"<p><strong>\u10d9\u10d0\u10da\u10d8\u10de\u10e0\u10dd<\/strong><\/p>\n<p>\u10d9\u10d0\u10e4\u10e1\u10e3\u10da\u10d0 N30<\/p>\n<p>\u10d9\u10d0\u10da\u10d8\u10de\u10e0\u10dd \u10e1\u10e3\u10e0\u10e1\u10d0\u10d7\u10d8\u10e1 (\u10e1\u10d0\u10e1\u10e3\u10e0\u10e1\u10d0\u10d7\u10dd) \u10d3\u10d0\u10dc\u10d0\u10db\u10d0\u10e2\u10d8\u10d0, \u10e0\u10dd\u10db\u10d4\u10da\u10d8\u10ea \u10e8\u10d4\u10d8\u10ea\u10d0\u10d5\u10e1 \u10d9\u10d0\u10da\u10d8\u10e3\u10db\u10d8\u10e1\u10d0 \u10d3\u10d0 \u10db\u10d0\u10d2\u10dc\u10d8\u10e3\u10db\u10d8\u10e1 \u10db\u10d0\u10e0\u10d8\u10da\u10d4\u10d1\u10e1.<\/p>","protected":false},"featured_media":1444,"comment_status":"open","ping_status":"closed","template":"","meta":{"_acf_changed":false},"product_cat":[50],"product_tag":[],"class_list":{"0":"post-916","1":"product","2":"type-product","3":"status-publish","4":"has-post-thumbnail","6":"product_cat-general-wellness","7":"entry","9":"first","10":"instock","11":"shipping-taxable","12":"purchasable","13":"product-type-simple"},"acf":[],"yoast_head":"<!-- This site is optimized with the Yoast SEO plugin v24.2 - https:\/\/yoast.com\/wordpress\/plugins\/seo\/ -->\n<title>Kalipro Capsules N 30 for Arrhythmia, Heart Health, Potassium and Magnesium Deficiency<\/title>\n<meta name=\"description\" content=\"Shop for Kalipro Capsules N 30 for Arrhythmia, Heart Health, Potassium and Magnesium Deficiency at CBS Global. Find quality health products to add to your Shopping List or order online for Delivery or Pickup.\" \/>\n<meta name=\"robots\" content=\"index, follow, max-snippet:-1, max-image-preview:large, max-video-preview:-1\" \/>\n<link rel=\"canonical\" href=\"https:\/\/shop.cbs.ge\/en\/product\/kalipro-capsules-n-30\/\" \/>\n<meta property=\"og:locale\" content=\"en_US\" \/>\n<meta property=\"og:type\" content=\"article\" \/>\n<meta property=\"og:title\" content=\"Kalipro Capsules N 30 for Arrhythmia, Heart Health, Potassium and Magnesium Deficiency\" \/>\n<meta property=\"og:description\" content=\"Shop for Kalipro Capsules N 30 for Arrhythmia, Heart Health, Potassium and Magnesium Deficiency at CBS Global. Find quality health products to add to your Shopping List or order online for Delivery or Pickup.\" \/>\n<meta property=\"og:url\" content=\"https:\/\/shop.cbs.ge\/en\/product\/kalipro-capsules-n-30\/\" \/>\n<meta property=\"og:site_name\" content=\"CBS Global\" \/>\n<meta property=\"article:modified_time\" content=\"2024-10-21T22:52:03+00:00\" \/>\n<meta property=\"og:image\" content=\"http:\/\/shop.cbs.ge\/wp-content\/uploads\/2023\/12\/Kalipro_Capsules_N_30-removebg-preview.png\" \/>\n\t<meta property=\"og:image:width\" content=\"449\" \/>\n\t<meta property=\"og:image:height\" content=\"556\" \/>\n\t<meta property=\"og:image:type\" content=\"image\/png\" \/>\n<meta name=\"twitter:card\" content=\"summary_large_image\" \/>\n<meta name=\"twitter:label1\" content=\"Est. reading time\" \/>\n\t<meta name=\"twitter:data1\" content=\"2 minutes\" \/>\n<script type=\"application\/ld+json\" class=\"yoast-schema-graph\">{\"@context\":\"https:\/\/schema.org\",\"@graph\":[{\"@type\":\"WebPage\",\"@id\":\"https:\/\/shop.cbs.ge\/product\/kalipro-capsules-n-30\/\",\"url\":\"https:\/\/shop.cbs.ge\/product\/kalipro-capsules-n-30\/\",\"name\":\"Kalipro Capsules N 30 for Arrhythmia, Heart Health, Potassium and Magnesium Deficiency\",\"isPartOf\":{\"@id\":\"https:\/\/shop.cbs.ge\/#website\"},\"primaryImageOfPage\":{\"@id\":\"https:\/\/shop.cbs.ge\/product\/kalipro-capsules-n-30\/#primaryimage\"},\"image\":{\"@id\":\"https:\/\/shop.cbs.ge\/product\/kalipro-capsules-n-30\/#primaryimage\"},\"thumbnailUrl\":\"https:\/\/shop.cbs.ge\/wp-content\/uploads\/2023\/12\/Kalipro_Capsules_N_30-removebg-preview.png\",\"datePublished\":\"2023-12-15T14:07:28+00:00\",\"dateModified\":\"2024-10-21T22:52:03+00:00\",\"description\":\"Shop for Kalipro Capsules N 30 for Arrhythmia, Heart Health, Potassium and Magnesium Deficiency at CBS Global. Find quality health products to add to your Shopping List or order online for Delivery or Pickup.\",\"breadcrumb\":{\"@id\":\"https:\/\/shop.cbs.ge\/product\/kalipro-capsules-n-30\/#breadcrumb\"},\"inLanguage\":\"en-US\",\"potentialAction\":[{\"@type\":\"ReadAction\",\"target\":[\"https:\/\/shop.cbs.ge\/product\/kalipro-capsules-n-30\/\"]}]},{\"@type\":\"ImageObject\",\"inLanguage\":\"en-US\",\"@id\":\"https:\/\/shop.cbs.ge\/product\/kalipro-capsules-n-30\/#primaryimage\",\"url\":\"https:\/\/shop.cbs.ge\/wp-content\/uploads\/2023\/12\/Kalipro_Capsules_N_30-removebg-preview.png\",\"contentUrl\":\"https:\/\/shop.cbs.ge\/wp-content\/uploads\/2023\/12\/Kalipro_Capsules_N_30-removebg-preview.png\",\"width\":449,\"height\":556},{\"@type\":\"BreadcrumbList\",\"@id\":\"https:\/\/shop.cbs.ge\/product\/kalipro-capsules-n-30\/#breadcrumb\",\"itemListElement\":[{\"@type\":\"ListItem\",\"position\":1,\"name\":\"Home\",\"item\":\"https:\/\/shop.cbs.ge\/\"},{\"@type\":\"ListItem\",\"position\":2,\"name\":\"\u10db\u10d0\u10e6\u10d0\u10d6\u10d8\u10d0\",\"item\":\"https:\/\/shop.cbs.ge\/shop\/\"},{\"@type\":\"ListItem\",\"position\":3,\"name\":\"Kalipro Capsules N 30\"}]},{\"@type\":\"WebSite\",\"@id\":\"https:\/\/shop.cbs.ge\/#website\",\"url\":\"https:\/\/shop.cbs.ge\/\",\"name\":\"CBS Global\",\"description\":\"Welcome to CBS Global\",\"publisher\":{\"@id\":\"https:\/\/shop.cbs.ge\/#organization\"},\"potentialAction\":[{\"@type\":\"SearchAction\",\"target\":{\"@type\":\"EntryPoint\",\"urlTemplate\":\"https:\/\/shop.cbs.ge\/?s={search_term_string}\"},\"query-input\":{\"@type\":\"PropertyValueSpecification\",\"valueRequired\":true,\"valueName\":\"search_term_string\"}}],\"inLanguage\":\"en-US\"},{\"@type\":\"Organization\",\"@id\":\"https:\/\/shop.cbs.ge\/#organization\",\"name\":\"CBS Global\",\"url\":\"https:\/\/shop.cbs.ge\/\",\"logo\":{\"@type\":\"ImageObject\",\"inLanguage\":\"en-US\",\"@id\":\"https:\/\/shop.cbs.ge\/#\/schema\/logo\/image\/\",\"url\":\"https:\/\/shop.cbs.ge\/wp-content\/uploads\/2023\/06\/cbs_logo.png\",\"contentUrl\":\"https:\/\/shop.cbs.ge\/wp-content\/uploads\/2023\/06\/cbs_logo.png\",\"width\":313,\"height\":501,\"caption\":\"CBS Global\"},\"image\":{\"@id\":\"https:\/\/shop.cbs.ge\/#\/schema\/logo\/image\/\"}}]}<\/script>\n<!-- \/ Yoast SEO plugin. -->","yoast_head_json":{"title":"Kalipro Capsules N 30 for Arrhythmia, Heart Health, Potassium and Magnesium Deficiency","description":"Shop for Kalipro Capsules N 30 for Arrhythmia, Heart Health, Potassium and Magnesium Deficiency at CBS Global. Find quality health products to add to your Shopping List or order online for Delivery or Pickup.","robots":{"index":"index","follow":"follow","max-snippet":"max-snippet:-1","max-image-preview":"max-image-preview:large","max-video-preview":"max-video-preview:-1"},"canonical":"https:\/\/shop.cbs.ge\/en\/product\/kalipro-capsules-n-30\/","og_locale":"en_US","og_type":"article","og_title":"Kalipro Capsules N 30 for Arrhythmia, Heart Health, Potassium and Magnesium Deficiency","og_description":"Shop for Kalipro Capsules N 30 for Arrhythmia, Heart Health, Potassium and Magnesium Deficiency at CBS Global. Find quality health products to add to your Shopping List or order online for Delivery or Pickup.","og_url":"https:\/\/shop.cbs.ge\/en\/product\/kalipro-capsules-n-30\/","og_site_name":"CBS Global","article_modified_time":"2024-10-21T22:52:03+00:00","og_image":[{"width":449,"height":556,"url":"http:\/\/shop.cbs.ge\/wp-content\/uploads\/2023\/12\/Kalipro_Capsules_N_30-removebg-preview.png","type":"image\/png"}],"twitter_card":"summary_large_image","twitter_misc":{"Est. reading time":"2 minutes"},"schema":{"@context":"https:\/\/schema.org","@graph":[{"@type":"WebPage","@id":"https:\/\/shop.cbs.ge\/product\/kalipro-capsules-n-30\/","url":"https:\/\/shop.cbs.ge\/product\/kalipro-capsules-n-30\/","name":"Kalipro Capsules N 30 for Arrhythmia, Heart Health, Potassium and Magnesium Deficiency","isPartOf":{"@id":"https:\/\/shop.cbs.ge\/#website"},"primaryImageOfPage":{"@id":"https:\/\/shop.cbs.ge\/product\/kalipro-capsules-n-30\/#primaryimage"},"image":{"@id":"https:\/\/shop.cbs.ge\/product\/kalipro-capsules-n-30\/#primaryimage"},"thumbnailUrl":"https:\/\/shop.cbs.ge\/wp-content\/uploads\/2023\/12\/Kalipro_Capsules_N_30-removebg-preview.png","datePublished":"2023-12-15T14:07:28+00:00","dateModified":"2024-10-21T22:52:03+00:00","description":"Shop for Kalipro Capsules N 30 for Arrhythmia, Heart Health, Potassium and Magnesium Deficiency at CBS Global. Find quality health products to add to your Shopping List or order online for Delivery or Pickup.","breadcrumb":{"@id":"https:\/\/shop.cbs.ge\/product\/kalipro-capsules-n-30\/#breadcrumb"},"inLanguage":"en-US","potentialAction":[{"@type":"ReadAction","target":["https:\/\/shop.cbs.ge\/product\/kalipro-capsules-n-30\/"]}]},{"@type":"ImageObject","inLanguage":"en-US","@id":"https:\/\/shop.cbs.ge\/product\/kalipro-capsules-n-30\/#primaryimage","url":"https:\/\/shop.cbs.ge\/wp-content\/uploads\/2023\/12\/Kalipro_Capsules_N_30-removebg-preview.png","contentUrl":"https:\/\/shop.cbs.ge\/wp-content\/uploads\/2023\/12\/Kalipro_Capsules_N_30-removebg-preview.png","width":449,"height":556},{"@type":"BreadcrumbList","@id":"https:\/\/shop.cbs.ge\/product\/kalipro-capsules-n-30\/#breadcrumb","itemListElement":[{"@type":"ListItem","position":1,"name":"Home","item":"https:\/\/shop.cbs.ge\/"},{"@type":"ListItem","position":2,"name":"\u10db\u10d0\u10e6\u10d0\u10d6\u10d8\u10d0","item":"https:\/\/shop.cbs.ge\/shop\/"},{"@type":"ListItem","position":3,"name":"Kalipro Capsules N 30"}]},{"@type":"WebSite","@id":"https:\/\/shop.cbs.ge\/#website","url":"https:\/\/shop.cbs.ge\/","name":"CBS Global","description":"Welcome to CBS Global","publisher":{"@id":"https:\/\/shop.cbs.ge\/#organization"},"potentialAction":[{"@type":"SearchAction","target":{"@type":"EntryPoint","urlTemplate":"https:\/\/shop.cbs.ge\/?s={search_term_string}"},"query-input":{"@type":"PropertyValueSpecification","valueRequired":true,"valueName":"search_term_string"}}],"inLanguage":"en-US"},{"@type":"Organization","@id":"https:\/\/shop.cbs.ge\/#organization","name":"CBS Global","url":"https:\/\/shop.cbs.ge\/","logo":{"@type":"ImageObject","inLanguage":"en-US","@id":"https:\/\/shop.cbs.ge\/#\/schema\/logo\/image\/","url":"https:\/\/shop.cbs.ge\/wp-content\/uploads\/2023\/06\/cbs_logo.png","contentUrl":"https:\/\/shop.cbs.ge\/wp-content\/uploads\/2023\/06\/cbs_logo.png","width":313,"height":501,"caption":"CBS Global"},"image":{"@id":"https:\/\/shop.cbs.ge\/#\/schema\/logo\/image\/"}}]}},"_links":{"self":[{"href":"https:\/\/shop.cbs.ge\/en\/wp-json\/wp\/v2\/product\/916","targetHints":{"allow":["GET"]}}],"collection":[{"href":"https:\/\/shop.cbs.ge\/en\/wp-json\/wp\/v2\/product"}],"about":[{"href":"https:\/\/shop.cbs.ge\/en\/wp-json\/wp\/v2\/types\/product"}],"replies":[{"embeddable":true,"href":"https:\/\/shop.cbs.ge\/en\/wp-json\/wp\/v2\/comments?post=916"}],"wp:featuredmedia":[{"embeddable":true,"href":"https:\/\/shop.cbs.ge\/en\/wp-json\/wp\/v2\/media\/1444"}],"wp:attachment":[{"href":"https:\/\/shop.cbs.ge\/en\/wp-json\/wp\/v2\/media?parent=916"}],"wp:term":[{"taxonomy":"product_cat","embeddable":true,"href":"https:\/\/shop.cbs.ge\/en\/wp-json\/wp\/v2\/product_cat?post=916"},{"taxonomy":"product_tag","embeddable":true,"href":"https:\/\/shop.cbs.ge\/en\/wp-json\/wp\/v2\/product_tag?post=916"}],"curies":[{"name":"wp","href":"https:\/\/api.w.org\/{rel}","templated":true}]}}