{"id":835,"date":"2023-12-14T19:34:35","date_gmt":"2023-12-14T19:34:35","guid":{"rendered":"https:\/\/sufiwebsoft.us\/cbsglobal\/?post_type=product&#038;p=835"},"modified":"2024-10-02T05:33:09","modified_gmt":"2024-10-02T05:33:09","slug":"brainnour-capsules-n-30","status":"publish","type":"product","link":"https:\/\/shop.cbs.ge\/en\/product\/brainnour-capsules-n-30\/","title":{"rendered":"Brainnour Capsules N 30"},"content":{"rendered":"<p><strong>\u10d8\u10dc\u10d2\u10e0\u10d4\u10d3\u10d8\u10d4\u10dc\u10e2\u10d4\u10d1\u10d8: <\/strong>\u10d2\u10d8\u10dc\u10d9\u10dd \u10d1\u10d8\u10da\u10dd\u10d1\u10d0, \u10e4\u10dd\u10e1\u10e4\u10d0\u10e2\u10d8\u10d3\u10d8\u10da\u10e1\u10d4\u10e0\u10d8\u10dc\u10d8, N-\u10d0\u10ea\u10d4\u10e2\u10d8\u10da &#8211; L- \u10d9\u10d0\u10e0\u10dc\u10d8\u10e2\u10d8\u10dc\u10d8\u10e1 \u10f0\u10d8\u10d3\u10e0\u10dd\u10e5\u10da\u10dd\u10e0\u10d8\u10d3\u10d8, \u10d9\u10e0\u10d0\u10d6\u10d0\u10dc\u10d0, \u10d2\u10da\u10e3\u10e2\u10d0\u10db\u10d8\u10dc\u10d8, \u10d3\u10d8\u10db\u10d4\u10d7\u10d8\u10da\u10d0\u10db\u10d8\u10dc\u10dd\u10d4\u10d7\u10d0\u10dc\u10dd\u10da\u10d8, \u10d5\u10d8\u10dc\u10de\u10dd\u10ea\u10d4\u10e2\u10d8\u10dc\u10d8, \u10f0\u10e3\u10de\u10d4\u10e0\u10d6\u10d8\u10dc &#8211; A.<strong>\u00a0 <\/strong><\/p>\n<p><strong>\u10e1\u10ee\u10d5\u10d0 \u10d8\u10dc\u10d2\u10e0\u10d4\u10d3\u10d8\u10d4\u10dc\u10e2\u10d4\u10d1\u10d8: <\/strong><strong>\u00a0<\/strong>\u10db\u10d0\u10d2\u10dc\u10d8\u10e3\u10db\u10d8\u10e1 \u10e1\u10e2\u10d4\u10d0\u10e0\u10d0\u10e2\u10d8, \u10e1\u10d8\u10db\u10d8\u10dc\u10d3\u10d8\u10e1 \u10e1\u10d0\u10ee\u10d0\u10db\u10d4\u10d1\u10d4\u10da\u10d8.<\/p>\n<table width=\"784\">\n<tbody>\n<tr>\n<td width=\"230\">\u10d9\u10d5\u10d4\u10d1\u10d8\u10d7\u10d8 \u10e6\u10d8\u10e0\u10d4\u10d1\u10e3\u10da\u10d4\u10d1\u10d0<\/p>\n<p>(\u10e1\u10d0\u10e8\u10e3\u10d0\u10da\u10dd \u10db\u10dc\u10d8\u10e8\u10d5\u10dc\u10d4\u10da\u10dd\u10d1\u10d0)<\/td>\n<td width=\"141\">100 \u10d2 \u10db\u10e8\u10e0\u10d0\u10da \u10de\u10e0\u10dd\u10d3\u10e3\u10e5\u10e2\u10d6\u10d4<\/td>\n<td width=\"185\">\u10d3\u10e6\u10d8\u10e3\u10e0\u10d8 \u10d3\u10dd\u10d6\u10d0<\/p>\n<p>(1 \u10d9\u10d0\u10e4\u10e1\u10e3\u10da\u10d0)<\/td>\n<td width=\"228\">\u10e1\u10d0\u10d3\u10e6\u10d4\u10e6\u10d0\u10db\u10d8\u10e1\u10dd \u10d2\u10d0\u10db\u10dd\u10e7\u10d4\u10dc\u10d4\u10d1\u10d8\u10e1 \u10e0\u10d4\u10d9\u10dd\u10db\u10d4\u10dc\u10d3\u10d4\u10d1\u10e3\u10da\u10d8 \u10dc\u10dd\u10e0\u10db\u10d8\u10e1% \u10d6\u10e0\u10d3\u10d0\u10e1\u10e0\u10e3\u10da\u10d8 \u10d0\u10d3\u10d0\u10db\u10d8\u10d0\u10dc\u10d8\u10e1\u10d0\u10d7\u10d5\u10d8\u10e1<\/p>\n<p>DRI %*<\/td>\n<\/tr>\n<tr>\n<td width=\"230\">\u10d4\u10dc\u10d4\u10e0\u10d2\u10d4\u10e2\u10d8\u10d9\u10e3\u10da\u10d8 \u10e6\u10d8\u10e0\u10d4\u10d1\u10e3\u10da\u10d4\u10d1\u10d0 (\u10d9\u10d9\u10d0\u10da)<\/td>\n<td width=\"141\">166.77 \u10d9\u10d9\u10d0\u10da<\/td>\n<td width=\"185\">1,56 \u10d9\u10d9\u10d0\u10da<\/td>\n<td width=\"228\">0,078<\/td>\n<\/tr>\n<tr>\n<td width=\"230\">\u10ea\u10ee\u10d8\u10db\u10d4\u10d1\u10d8 (\u10d2)<\/p>\n<p>\u10db\u10d0\u10d7 \u10e8\u10dd\u10e0\u10d8\u10e1 \u10dc\u10d0\u10ef\u10d4\u10e0\u10d8 (\u10d2)<\/td>\n<td width=\"141\">14,27 \u10d2<\/td>\n<td width=\"185\">0,13 \u10d2<\/td>\n<td width=\"228\">0,2<\/td>\n<\/tr>\n<tr>\n<td width=\"230\">\u10d9\u10d0\u10e0\u10d1\u10dd\u10dc\u10f0\u10d8\u10d3\u10e0\u10d0\u10e2\u10d4\u10d1\u10d8 (\u10d2)<\/p>\n<p>\u10db\u10d0\u10d7 \u10e8\u10dd\u10e0\u10d8\u10e1 \u10e8\u10d0\u10e5\u10e0\u10d4\u10d1\u10d8 (\u10d2)<\/td>\n<td width=\"141\">7,95 \u10d2<\/p>\n<p>&#8211;<\/td>\n<td width=\"185\">0,07 \u10d2<\/p>\n<p>&#8211;<\/td>\n<td width=\"228\">&#8211;<\/p>\n<p>&#8211;<\/td>\n<\/tr>\n<tr>\n<td width=\"230\">\u10e1\u10d0\u10d9\u10d5\u10d4\u10d1\u10d8 \u10d1\u10dd\u10ed\u10d9\u10dd\u10d4\u10d1\u10d8 (\u10d2)<\/td>\n<td width=\"141\">&#8211;<\/td>\n<td width=\"185\">&#8211;<\/td>\n<td width=\"228\">&#8211;<\/td>\n<\/tr>\n<tr>\n<td width=\"230\">\u10de\u10e0\u10dd\u10e2\u10d4\u10dc\u10d8 (\u10d2)<\/td>\n<td width=\"141\">1,62 \u10d2<\/td>\n<td width=\"185\">0,015 \u10d2<\/td>\n<td width=\"228\">0,03<\/td>\n<\/tr>\n<tr>\n<td width=\"230\">\u10db\u10d0\u10e0\u10d8\u10da\u10d4\u10d1\u10d8 (\u10d2)<\/td>\n<td width=\"141\">0,004 \u10d2<\/td>\n<td width=\"185\">0,00003 \u10d2<\/td>\n<td width=\"228\">0,0014<\/td>\n<\/tr>\n<\/tbody>\n<\/table>\n<p>&nbsp;<\/p>\n<table width=\"777\">\n<tbody>\n<tr>\n<td colspan=\"4\" width=\"777\"><strong>\u10d8\u10dc\u10d2\u10e0\u10d4\u10d3\u10d8\u10d4\u10dc\u10e2\u10d4\u10d1\u10d8<\/strong><\/td>\n<\/tr>\n<tr>\n<td width=\"299\">\u10d2\u10d8\u10dc\u10d9\u10dd \u10d1\u10d8\u10da\u10dd\u10d1\u10d0<\/p>\n<p>(Ginkgo Biloba)<\/td>\n<td width=\"132\">5,336 \u10d2<\/td>\n<td width=\"173\">50 \u10db\u10d2<\/td>\n<td width=\"173\">**<\/td>\n<\/tr>\n<tr>\n<td width=\"299\">\u00a0\u10e4\u10dd\u10e1\u10e4\u10d0\u10e2\u10d8\u10d3\u10d8\u10da\u10e1\u10d4\u10e0\u10d8\u10dc\u10d8<\/td>\n<td width=\"132\">24,012 \u10d2<\/td>\n<td width=\"173\">225 \u10db\u10d2<\/td>\n<td width=\"173\">**<\/td>\n<\/tr>\n<tr>\n<td width=\"299\">N-\u10d0\u10ea\u10d4\u10e2\u10d8\u10da-L-\u10d9\u10d0\u10e0\u10dc\u10d8\u10e2\u10d8\u10dc\u10d8\u10e1 \u10f0\u10d8\u10d3\u10e0\u10dd\u10e5\u10da\u10dd\u10e0\u10d8\u10d3\u10d8<\/td>\n<td width=\"132\">5,336 \u10d2<\/td>\n<td width=\"173\">50 \u10db\u10d2<\/td>\n<td width=\"173\">**<\/td>\n<\/tr>\n<tr>\n<td width=\"299\">\u10d9\u10e0\u10d0\u10d6\u10d0\u10dc\u10d0<\/p>\n<p>(St. John\u2019s Wort)<\/td>\n<td width=\"132\">26,680 \u10d2<\/td>\n<td width=\"173\">250 \u10db\u10d2<\/td>\n<td width=\"173\">**<\/td>\n<\/tr>\n<tr>\n<td width=\"299\">\u10d2\u10da\u10e3\u10e2\u10d0\u10db\u10d8\u10dc\u10d8<\/td>\n<td width=\"132\">16,008 \u10d2<\/td>\n<td width=\"173\">150 \u10db\u10d2<\/td>\n<td width=\"173\">**<\/td>\n<\/tr>\n<tr>\n<td width=\"299\">DMAE<\/p>\n<p>(\u10d3\u10d8\u10db\u10d4\u10d7\u10d8\u10d0\u10db\u10d8\u10dc\u10dd\u10d4\u10d7\u10d0\u10dc\u10dd\u10da\u10d8)<\/td>\n<td width=\"132\">10,672 \u10d2<\/td>\n<td width=\"173\">100 \u10db\u10d2<\/td>\n<td width=\"173\">**<\/td>\n<\/tr>\n<tr>\n<td width=\"299\">\u10d5\u10d8\u10dc\u10de\u10dd\u10ea\u10d4\u10e2\u10d8\u10dc\u10d8<\/td>\n<td width=\"132\">0,213 \u10d2<\/td>\n<td width=\"173\">2 \u10db\u10d2<\/td>\n<td width=\"173\">**<\/td>\n<\/tr>\n<tr>\n<td width=\"299\">\u10f0\u10e3\u10de\u10d4\u10e0\u10d6\u10d8\u10dc &#8211; A<\/td>\n<td width=\"132\">0,002 \u10d2<\/td>\n<td width=\"173\">15 \u10db\u10d9\u10d2<\/td>\n<td width=\"173\">**<\/td>\n<\/tr>\n<\/tbody>\n<\/table>\n<p>&nbsp;<\/p>\n<p><strong>DRI <\/strong><strong>%<\/strong><strong> * <\/strong><strong>\u10d3\u10e6\u10d8\u10e3\u10e0\u10d8 \u10db\u10dd\u10d7\u10ee\u10dd\u10d5\u10dc\u10d8\u10da\u10d4\u10d1\u10d0<\/strong><\/p>\n<p><strong>** \u10d3\u10e6\u10d8\u10e3\u10e0\u10d8 \u10db\u10dd\u10d7\u10ee\u10dd\u10d5\u10dc\u10d8\u10da\u10d4\u10d1\u10d0 \u10d2\u10d0\u10dc\u10e1\u10d0\u10d6\u10e6\u10d5\u10e0\u10e3\u10da\u10d8 \u10d0\u10e0 \u10d0\u10e0\u10d8\u10e1<\/strong><\/p>\n<p><strong>\u10e0\u10d4\u10d9\u10dd\u10db\u10d4\u10dc\u10d3\u10d0\u10ea\u10d8\u10d0 \u10d2\u10d0\u10db\u10dd\u10e7\u10d4\u10dc\u10d4\u10d1\u10d8\u10e1\u10d7\u10d5\u10d8\u10e1:<\/strong><\/p>\n<p>1 \u10d9\u10d0\u10e4\u10e1\u10e3\u10da\u10d0 \u10d3\u10e6\u10d4\u10e8\u10d8, \u00a0\u10d0\u10dc \u10d4\u10e5\u10d8\u10db\u10d8\u10e1 \u10e0\u10d4\u10d9\u10dd\u10db\u10d4\u10dc\u10d3\u10d0\u10ea\u10d8\u10d8\u10e1 \u10db\u10d8\u10ee\u10d4\u10d3\u10d5\u10d8\u10d7.<\/p>\n<p><strong>\u10d2\u10d0\u10e4\u10e0\u10d7\u10ee\u10d8\u10da\u10d4\u10d1\u10d0:<\/strong><\/p>\n<p>\u10d0\u10e0 \u10d2\u10d0\u10d3\u10d0\u10d0\u10ed\u10d0\u10e0\u10d1\u10dd\u10d7 \u10e0\u10d4\u10d9\u10dd\u10db\u10d4\u10dc\u10d3\u10d4\u10d1\u10e3\u10da \u10d3\u10e6\u10d8\u10e3\u10e0 \u10d3\u10dd\u10d6\u10d0\u10e1.<\/p>\n<p>\u10e1\u10e3\u10e0\u10e1\u10d0\u10d7\u10d8\u10e1 (\u10e1\u10d0\u10e1\u10e3\u10e0\u10e1\u10d0\u10d7\u10dd) \u10d3\u10d0\u10dc\u10d0\u10db\u10d0\u10e2\u10e1 \u10e8\u10d4\u10e3\u10eb\u10da\u10d8\u10d0 \u10db\u10ee\u10dd\u10da\u10dd\u10d3 \u10d3\u10d0\u10ee\u10db\u10d0\u10e0\u10d4\u10d1\u10d8\u10e1 \u10d2\u10d0\u10ec\u10d4\u10d5\u10d0, \u10d7\u10e3 \u10e1\u10d0\u10d9\u10d5\u10d4\u10d1\u10d8\u10d3\u10d0\u10dc \u10d0\u10e0 \u10ee\u10d3\u10d4\u10d1\u10d0 \u10e1\u10d0\u10d9\u10db\u10d0\u10e0\u10d8\u10e1\u10d0\u10d3 \u10db\u10d0\u10d7\u10d8 \u10db\u10d8\u10e6\u10d4\u10d1\u10d0. \u10e1\u10e3\u10e0\u10e1\u10d0\u10d7\u10d8\u10e1 (\u10e1\u10d0\u10e1\u10e3\u10e0\u10e1\u10d0\u10d7\u10dd) \u10d3\u10d0\u10dc\u10d0\u10db\u10d0\u10e2\u10d8<\/p>\n<p>\u10d0\u10e0 \u10d0\u10e0\u10d8\u10e1 \u10d2\u10d0\u10dc\u10d9\u10e3\u10d7\u10d5\u10dc\u10d8\u10da\u10d8 \u10db\u10e0\u10d0\u10d5\u10d0\u10da\u10e4\u10d4\u10e0\u10dd\u10d5\u10d0\u10dc\u10d8 \u10d3\u10d0 \u10d1\u10d0\u10da\u10d0\u10dc\u10e1\u10d8\u10e0\u10d4\u10d1\u10e3\u10da\u10d8 \u10d3\u10d8\u10d4\u10e2\u10d8\u10e1 \u00a0\u10d3\u10d0 \u10ea\u10ee\u10dd\u10d5\u10e0\u10d4\u10d1\u10d8\u10e1 \u10ef\u10d0\u10dc\u10e1\u10d0\u10e6\u10d8 \u10ec\u10d4\u10e1\u10d8\u10e1 \u10e9\u10d0\u10e1\u10d0\u10dc\u10d0\u10ea\u10d5\u10da\u10d4\u10d1\u10da\u10d0\u10d3.<\/p>\n<p>\u10e0\u10d4\u10d9\u10dd\u10db\u10d4\u10dc\u10d3\u10d4\u10d1\u10e3\u10da\u10d8\u10d0 \u10db\u10e0\u10d0\u10d5\u10d0\u10da\u10e4\u10d4\u10e0\u10dd\u10d5\u10d0\u10dc\u10d8 \u10d3\u10d0 \u10d1\u10d0\u10da\u10d0\u10dc\u10e1\u10d8\u10e0\u10d4\u10d1\u10e3\u10da\u10d8 \u10d3\u10d8\u10d4\u10e2\u10d0 \u10d3\u10d0 \u10ef\u10d0\u10dc\u10e1\u10d0\u10e6\u10d8 \u10ea\u10ee\u10dd\u10d5\u10e0\u10d4\u10d1\u10d8\u10e1 \u10ec\u10d4\u10e1\u10d8.<\/p>\n<p><strong>\u10e8\u10d4\u10dc\u10d0\u10ee\u10d5\u10d8\u10e1 \u10de\u10e0\u10dd\u10d1\u10d4\u10d1\u10d8:<\/strong><\/p>\n<p>\u10e8\u10d4\u10d8\u10dc\u10d0\u10ee\u10d4\u10d7 \u10d1\u10d0\u10d5\u10e8\u10d5\u10d4\u10d1\u10d8\u10e1\u10d0\u10d2\u10d0\u10dc \u10db\u10d8\u10e3\u10ec\u10d5\u10d3\u10dd\u10db\u10d4\u10da \u10d0\u10d3\u10d2\u10d8\u10da\u10d0\u10e1. \u10d8\u10dc\u10d0\u10ee\u10d4\u10d1\u10d0 25<sup>o<\/sup>C &#8211; \u10d6\u10d4 \u10d3\u10d0\u10d1\u10d0\u10da \u10e2\u10d4\u10db\u10de\u10d4\u10e0\u10d0\u10e2\u10e3\u10e0\u10d0\u10d6\u10d4, \u10db\u10e8\u10e0\u10d0\u10da, \u10db\u10d6\u10d8\u10e1 \u10e1\u10ee\u10d8\u10d5\u10d4\u10d1\u10d8\u10e1\u10d0\u10d2\u10d0\u10dc \u10d3\u10d0\u10ea\u10e3\u10da \u10d0\u10d3\u10d2\u10d8\u10da\u10d0\u10e1.<\/p>\n<p><strong>\u10e4\u10dd\u10e0\u10db\u10d0 \u10d3\u10d0 \u10e8\u10d4\u10e4\u10e3\u10d7\u10d5\u10d0: <\/strong>1X10X3\u00a0 \u10d9\u10d0\u10e4\u10e1\u10e3\u10da\u10d0 \u10d1\u10da\u10d8\u10e1\u10e2\u10d4\u10e0\u10e3\u10da \u10e8\u10d4\u10e4\u10e3\u10d7\u10d5\u10d0\u10e8\u10d8.<\/p>\n<p><strong>\u10db\u10d0\u10e1\u10d0:<\/strong> 28,11 \u10d2<\/p>\n<p><strong>\u10d3\u10d0\u10db\u10d6\u10d0\u10d3\u10d4\u10d1\u10e3\u10da\u10d8\u10d0<\/strong> \u10e8\u10de\u10e1 \u10d2\u10da\u10dd\u10d1\u10d0\u10da \u10ea\u10d1\u10e1 -\u10d7\u10d5\u10d8\u10e1 Honor \u0130la\u00e7 Sanayi ve Tic. Ltd. \u015eti \u00a0\u10db\u10d8\u10d4\u10e0.<\/p>","protected":false},"excerpt":{"rendered":"<p><strong>\u10d1\u10e0\u10d4\u10d8\u10dc\u10e3\u10e0\u10d8<\/strong><\/p>\n<p>\u10d9\u10d0\u10e4\u10e1\u10e3\u10da\u10d0 N30<\/p>\n<p>\u10d1\u10e0\u10d4\u10d8\u10dc\u10e3\u10e0\u10d8 \u10e1\u10e3\u10e0\u10e1\u10d0\u10d7\u10d8\u10e1 (\u10e1\u10d0\u10e1\u10e3\u10e0\u10e1\u10d0\u10d7\u10dd) \u10d3\u10d0\u10dc\u10d0\u10db\u10d0\u10e2\u10d8\u10d0, \u10e0\u10dd\u10db\u10d4\u10da\u10d8\u10ea \u10e8\u10d4\u10d8\u10ea\u10d0\u10d5\u10e1 \u10d1\u10e3\u10dc\u10d4\u10d1\u10e0\u10d8\u10d5 \u10d8\u10dc\u10d2\u10e0\u10d4\u10d3\u10d8\u10d4\u10dc\u10e2\u10d4\u10d1\u10e1.<\/p>\n<ul>\n<li class=\"manufacturer\">Pharmacy purchasing terms:\u00a0Issued without a prescription.<\/li>\n<li class=\"manufacturer\">Production form:\u00a0Capsule<\/li>\n<li class=\"manufacturer\">Package:\u00a0\u2116 30<\/li>\n<li class=\"manufacturer\">User group:\u00a0Male , Female<\/li>\n<li class=\"manufacturer\">EAN\/UPC Bar Code:\u00a00725765293794<\/li>\n<\/ul>","protected":false},"featured_media":845,"comment_status":"open","ping_status":"closed","template":"","meta":{"_acf_changed":false},"product_cat":[49],"product_tag":[],"class_list":{"0":"post-835","1":"product","2":"type-product","3":"status-publish","4":"has-post-thumbnail","6":"product_cat-mental-health","7":"entry","9":"first","10":"instock","11":"shipping-taxable","12":"purchasable","13":"product-type-simple"},"acf":[],"yoast_head":"<!-- This site is optimized with the Yoast SEO plugin v24.2 - https:\/\/yoast.com\/wordpress\/plugins\/seo\/ -->\n<title>Brainnour Capsules N 30 for Memory Problems, Dizziness, Brain Health<\/title>\n<meta name=\"description\" content=\"Shop for Brainnour Capsules N 30 for Memory Problems, Dizziness, Brain Health at CBS Global. Find quality health products to add to your Shopping List or order online for Delivery or Pickup.\" \/>\n<meta name=\"robots\" content=\"index, follow, max-snippet:-1, max-image-preview:large, max-video-preview:-1\" \/>\n<link rel=\"canonical\" href=\"https:\/\/shop.cbs.ge\/en\/product\/brainnour-capsules-n-30\/\" \/>\n<meta property=\"og:locale\" content=\"en_US\" \/>\n<meta property=\"og:type\" content=\"article\" \/>\n<meta property=\"og:title\" content=\"Brainnour Capsules N 30 for Memory Problems, Dizziness, Brain Health\" \/>\n<meta property=\"og:description\" content=\"Shop for Brainnour Capsules N 30 for Memory Problems, Dizziness, Brain Health at CBS Global. Find quality health products to add to your Shopping List or order online for Delivery or Pickup.\" \/>\n<meta property=\"og:url\" content=\"https:\/\/shop.cbs.ge\/en\/product\/brainnour-capsules-n-30\/\" \/>\n<meta property=\"og:site_name\" content=\"CBS Global\" \/>\n<meta property=\"article:modified_time\" content=\"2024-10-02T05:33:09+00:00\" \/>\n<meta property=\"og:image\" content=\"http:\/\/shop.cbs.ge\/wp-content\/uploads\/2023\/12\/BRAINNOUR.jpg\" \/>\n\t<meta property=\"og:image:width\" content=\"1024\" \/>\n\t<meta property=\"og:image:height\" content=\"1024\" \/>\n\t<meta property=\"og:image:type\" content=\"image\/jpeg\" \/>\n<meta name=\"twitter:card\" content=\"summary_large_image\" \/>\n<meta name=\"twitter:label1\" content=\"Est. reading time\" \/>\n\t<meta name=\"twitter:data1\" content=\"2 minutes\" \/>\n<script type=\"application\/ld+json\" class=\"yoast-schema-graph\">{\"@context\":\"https:\/\/schema.org\",\"@graph\":[{\"@type\":\"WebPage\",\"@id\":\"https:\/\/shop.cbs.ge\/product\/brainnour-capsules-n-30\/\",\"url\":\"https:\/\/shop.cbs.ge\/product\/brainnour-capsules-n-30\/\",\"name\":\"Brainnour Capsules N 30 for Memory Problems, Dizziness, Brain Health\",\"isPartOf\":{\"@id\":\"https:\/\/shop.cbs.ge\/#website\"},\"primaryImageOfPage\":{\"@id\":\"https:\/\/shop.cbs.ge\/product\/brainnour-capsules-n-30\/#primaryimage\"},\"image\":{\"@id\":\"https:\/\/shop.cbs.ge\/product\/brainnour-capsules-n-30\/#primaryimage\"},\"thumbnailUrl\":\"https:\/\/shop.cbs.ge\/wp-content\/uploads\/2023\/12\/BRAINNOUR.jpg\",\"datePublished\":\"2023-12-14T19:34:35+00:00\",\"dateModified\":\"2024-10-02T05:33:09+00:00\",\"description\":\"Shop for Brainnour Capsules N 30 for Memory Problems, Dizziness, Brain Health at CBS Global. Find quality health products to add to your Shopping List or order online for Delivery or Pickup.\",\"breadcrumb\":{\"@id\":\"https:\/\/shop.cbs.ge\/product\/brainnour-capsules-n-30\/#breadcrumb\"},\"inLanguage\":\"en-US\",\"potentialAction\":[{\"@type\":\"ReadAction\",\"target\":[\"https:\/\/shop.cbs.ge\/product\/brainnour-capsules-n-30\/\"]}]},{\"@type\":\"ImageObject\",\"inLanguage\":\"en-US\",\"@id\":\"https:\/\/shop.cbs.ge\/product\/brainnour-capsules-n-30\/#primaryimage\",\"url\":\"https:\/\/shop.cbs.ge\/wp-content\/uploads\/2023\/12\/BRAINNOUR.jpg\",\"contentUrl\":\"https:\/\/shop.cbs.ge\/wp-content\/uploads\/2023\/12\/BRAINNOUR.jpg\",\"width\":1024,\"height\":1024},{\"@type\":\"BreadcrumbList\",\"@id\":\"https:\/\/shop.cbs.ge\/product\/brainnour-capsules-n-30\/#breadcrumb\",\"itemListElement\":[{\"@type\":\"ListItem\",\"position\":1,\"name\":\"Home\",\"item\":\"https:\/\/shop.cbs.ge\/\"},{\"@type\":\"ListItem\",\"position\":2,\"name\":\"\u10db\u10d0\u10e6\u10d0\u10d6\u10d8\u10d0\",\"item\":\"https:\/\/shop.cbs.ge\/shop\/\"},{\"@type\":\"ListItem\",\"position\":3,\"name\":\"Brainnour Capsules N 30\"}]},{\"@type\":\"WebSite\",\"@id\":\"https:\/\/shop.cbs.ge\/#website\",\"url\":\"https:\/\/shop.cbs.ge\/\",\"name\":\"CBS Global\",\"description\":\"Welcome to CBS Global\",\"publisher\":{\"@id\":\"https:\/\/shop.cbs.ge\/#organization\"},\"potentialAction\":[{\"@type\":\"SearchAction\",\"target\":{\"@type\":\"EntryPoint\",\"urlTemplate\":\"https:\/\/shop.cbs.ge\/?s={search_term_string}\"},\"query-input\":{\"@type\":\"PropertyValueSpecification\",\"valueRequired\":true,\"valueName\":\"search_term_string\"}}],\"inLanguage\":\"en-US\"},{\"@type\":\"Organization\",\"@id\":\"https:\/\/shop.cbs.ge\/#organization\",\"name\":\"CBS Global\",\"url\":\"https:\/\/shop.cbs.ge\/\",\"logo\":{\"@type\":\"ImageObject\",\"inLanguage\":\"en-US\",\"@id\":\"https:\/\/shop.cbs.ge\/#\/schema\/logo\/image\/\",\"url\":\"https:\/\/shop.cbs.ge\/wp-content\/uploads\/2023\/06\/cbs_logo.png\",\"contentUrl\":\"https:\/\/shop.cbs.ge\/wp-content\/uploads\/2023\/06\/cbs_logo.png\",\"width\":313,\"height\":501,\"caption\":\"CBS Global\"},\"image\":{\"@id\":\"https:\/\/shop.cbs.ge\/#\/schema\/logo\/image\/\"}}]}<\/script>\n<!-- \/ Yoast SEO plugin. -->","yoast_head_json":{"title":"Brainnour Capsules N 30 for Memory Problems, Dizziness, Brain Health","description":"Shop for Brainnour Capsules N 30 for Memory Problems, Dizziness, Brain Health at CBS Global. Find quality health products to add to your Shopping List or order online for Delivery or Pickup.","robots":{"index":"index","follow":"follow","max-snippet":"max-snippet:-1","max-image-preview":"max-image-preview:large","max-video-preview":"max-video-preview:-1"},"canonical":"https:\/\/shop.cbs.ge\/en\/product\/brainnour-capsules-n-30\/","og_locale":"en_US","og_type":"article","og_title":"Brainnour Capsules N 30 for Memory Problems, Dizziness, Brain Health","og_description":"Shop for Brainnour Capsules N 30 for Memory Problems, Dizziness, Brain Health at CBS Global. Find quality health products to add to your Shopping List or order online for Delivery or Pickup.","og_url":"https:\/\/shop.cbs.ge\/en\/product\/brainnour-capsules-n-30\/","og_site_name":"CBS Global","article_modified_time":"2024-10-02T05:33:09+00:00","og_image":[{"width":1024,"height":1024,"url":"http:\/\/shop.cbs.ge\/wp-content\/uploads\/2023\/12\/BRAINNOUR.jpg","type":"image\/jpeg"}],"twitter_card":"summary_large_image","twitter_misc":{"Est. reading time":"2 minutes"},"schema":{"@context":"https:\/\/schema.org","@graph":[{"@type":"WebPage","@id":"https:\/\/shop.cbs.ge\/product\/brainnour-capsules-n-30\/","url":"https:\/\/shop.cbs.ge\/product\/brainnour-capsules-n-30\/","name":"Brainnour Capsules N 30 for Memory Problems, Dizziness, Brain Health","isPartOf":{"@id":"https:\/\/shop.cbs.ge\/#website"},"primaryImageOfPage":{"@id":"https:\/\/shop.cbs.ge\/product\/brainnour-capsules-n-30\/#primaryimage"},"image":{"@id":"https:\/\/shop.cbs.ge\/product\/brainnour-capsules-n-30\/#primaryimage"},"thumbnailUrl":"https:\/\/shop.cbs.ge\/wp-content\/uploads\/2023\/12\/BRAINNOUR.jpg","datePublished":"2023-12-14T19:34:35+00:00","dateModified":"2024-10-02T05:33:09+00:00","description":"Shop for Brainnour Capsules N 30 for Memory Problems, Dizziness, Brain Health at CBS Global. Find quality health products to add to your Shopping List or order online for Delivery or Pickup.","breadcrumb":{"@id":"https:\/\/shop.cbs.ge\/product\/brainnour-capsules-n-30\/#breadcrumb"},"inLanguage":"en-US","potentialAction":[{"@type":"ReadAction","target":["https:\/\/shop.cbs.ge\/product\/brainnour-capsules-n-30\/"]}]},{"@type":"ImageObject","inLanguage":"en-US","@id":"https:\/\/shop.cbs.ge\/product\/brainnour-capsules-n-30\/#primaryimage","url":"https:\/\/shop.cbs.ge\/wp-content\/uploads\/2023\/12\/BRAINNOUR.jpg","contentUrl":"https:\/\/shop.cbs.ge\/wp-content\/uploads\/2023\/12\/BRAINNOUR.jpg","width":1024,"height":1024},{"@type":"BreadcrumbList","@id":"https:\/\/shop.cbs.ge\/product\/brainnour-capsules-n-30\/#breadcrumb","itemListElement":[{"@type":"ListItem","position":1,"name":"Home","item":"https:\/\/shop.cbs.ge\/"},{"@type":"ListItem","position":2,"name":"\u10db\u10d0\u10e6\u10d0\u10d6\u10d8\u10d0","item":"https:\/\/shop.cbs.ge\/shop\/"},{"@type":"ListItem","position":3,"name":"Brainnour Capsules N 30"}]},{"@type":"WebSite","@id":"https:\/\/shop.cbs.ge\/#website","url":"https:\/\/shop.cbs.ge\/","name":"CBS Global","description":"Welcome to CBS Global","publisher":{"@id":"https:\/\/shop.cbs.ge\/#organization"},"potentialAction":[{"@type":"SearchAction","target":{"@type":"EntryPoint","urlTemplate":"https:\/\/shop.cbs.ge\/?s={search_term_string}"},"query-input":{"@type":"PropertyValueSpecification","valueRequired":true,"valueName":"search_term_string"}}],"inLanguage":"en-US"},{"@type":"Organization","@id":"https:\/\/shop.cbs.ge\/#organization","name":"CBS Global","url":"https:\/\/shop.cbs.ge\/","logo":{"@type":"ImageObject","inLanguage":"en-US","@id":"https:\/\/shop.cbs.ge\/#\/schema\/logo\/image\/","url":"https:\/\/shop.cbs.ge\/wp-content\/uploads\/2023\/06\/cbs_logo.png","contentUrl":"https:\/\/shop.cbs.ge\/wp-content\/uploads\/2023\/06\/cbs_logo.png","width":313,"height":501,"caption":"CBS Global"},"image":{"@id":"https:\/\/shop.cbs.ge\/#\/schema\/logo\/image\/"}}]}},"_links":{"self":[{"href":"https:\/\/shop.cbs.ge\/en\/wp-json\/wp\/v2\/product\/835","targetHints":{"allow":["GET"]}}],"collection":[{"href":"https:\/\/shop.cbs.ge\/en\/wp-json\/wp\/v2\/product"}],"about":[{"href":"https:\/\/shop.cbs.ge\/en\/wp-json\/wp\/v2\/types\/product"}],"replies":[{"embeddable":true,"href":"https:\/\/shop.cbs.ge\/en\/wp-json\/wp\/v2\/comments?post=835"}],"wp:featuredmedia":[{"embeddable":true,"href":"https:\/\/shop.cbs.ge\/en\/wp-json\/wp\/v2\/media\/845"}],"wp:attachment":[{"href":"https:\/\/shop.cbs.ge\/en\/wp-json\/wp\/v2\/media?parent=835"}],"wp:term":[{"taxonomy":"product_cat","embeddable":true,"href":"https:\/\/shop.cbs.ge\/en\/wp-json\/wp\/v2\/product_cat?post=835"},{"taxonomy":"product_tag","embeddable":true,"href":"https:\/\/shop.cbs.ge\/en\/wp-json\/wp\/v2\/product_tag?post=835"}],"curies":[{"name":"wp","href":"https:\/\/api.w.org\/{rel}","templated":true}]}}