{"id":591,"date":"2023-11-25T12:40:23","date_gmt":"2023-11-25T12:40:23","guid":{"rendered":"https:\/\/sufiwebsoft.us\/cbsglobal\/?post_type=product&#038;p=591"},"modified":"2024-10-02T06:02:16","modified_gmt":"2024-10-02T06:02:16","slug":"nuroplex-forte-cap-n20","status":"publish","type":"product","link":"https:\/\/shop.cbs.ge\/en\/product\/nuroplex-forte-cap-n20\/","title":{"rendered":"NUROPLEX FORTE, CAP N20"},"content":{"rendered":"<p><strong>\u10d8\u10dc\u10d2\u10e0\u10d4\u10d3\u10d8\u10d4\u10dc\u10e2\u10d4\u10d1\u10d8: <\/strong><\/p>\n<p>B12 \u10d5\u10d8\u10e2\u10d0\u10db\u10d8\u10dc\u10d8 \u10db\u10d4\u10d7\u10d8\u10da\u10d9\u10dd\u10d1\u10d0\u10da\u10d0\u10db\u10d8\u10dc\u10d8\u10e1 \u10e1\u10d0\u10ee\u10d8\u10d7, \u10e4\u10dd\u10da\u10d8\u10e3\u10db\u10d8\u10e1 \u10db\u10df\u10d0\u10d5\u10d0, \u10d0\u10da\u10e4\u10d0-\u10da\u10d8\u10de\u10dd\u10d8\u10e1 \u10db\u10df\u10d0\u10d5\u10d0, \u10d5\u10d8\u10e2\u10d0\u10db\u10d8\u10dc E &#8211;<br \/>\nD-\u10d0\u10da\u10e4\u10d0-\u10e2\u10d8\u10d9\u10dd\u10e4\u10d4\u10e0\u10d8\u10da-\u10d0\u10ea\u10d4\u10e2\u10d0\u10e2\u10d8, \u10d5\u10d8\u10e2\u10d0\u10db\u10d8\u10dc B1 &#8211; \u10d7\u10d8\u10d0\u10db\u10d8\u10dc\u10d8, \u10d5\u10d8\u10e2\u10d0\u10db\u10d8\u10dc B2 &#8211; \u10e0\u10d8\u10d1\u10dd\u10e4\u10da\u10d0\u10d5\u10d8\u10dc\u10d8, \u10d5\u10d8\u10e2\u10d0\u10db\u10d8\u10dc B6 &#8211; \u10f0\u10d8\u10d3\u10e0\u10dd\u10e5\u10e1\u10d8\u10dc\u10d8\u10e1 \u10f0\u10d8\u10d3\u10e0\u10dd\u10e5\u10da\u10dd\u10e0\u10d8\u10d3\u10d8, \u10e1\u10d4\u10da\u10d4\u10dc\u10d8 &#8211; \u10e1\u10d4\u10da\u10d4\u10dc\u10d8\u10e1 \u10d3\u10d8\u10dd\u10e5\u10e1\u10d8\u10d3\u10d8, \u10d1\u10d8\u10dd\u10e2\u10d8\u10dc\u10d8- D \u10d1\u10d8\u10dd\u10e2\u10d8\u10dc\u10d8, \u10d7\u10e3\u10d7\u10d8\u10d0 &#8211; \u10d7\u10e3\u10d7\u10d8\u10d8\u10e1 \u10e1\u10e3\u10da\u10e4\u10d0\u10e2\u10d8\u10e1 \u10db\u10dd\u10dc\u10dd\u10f0\u10d8\u10d3\u10e0\u10d0\u10e2\u10d8.<br \/>\n<strong>\u10e1\u10ee\u10d5\u10d0 \u10d8\u10dc\u10d2\u10e0\u10d4\u10d3\u10d8\u10d4\u10dc\u10e2\u10d4\u10d1\u10d8:<\/strong> \u10e1\u10d8\u10db\u10d8\u10dc\u10d3\u10d8\u10e1 \u10e1\u10d0\u10ee\u10d0\u10db\u10d4\u10d1\u10d4\u10da\u10d8, \u10db\u10d0\u10d2\u10dc\u10d8\u10e3\u10db\u10d8\u10e1 \u10e1\u10e2\u10d4\u10d0\u10e0\u10d0\u10e2\u10d8.<\/p>\n<table>\n<tbody>\n<tr>\n<td width=\"156\">\u10d9\u10d5\u10d4\u10d1\u10d8\u10d7\u10d8 \u10e6\u10d8\u10e0\u10d4\u10d1\u10e3\u10da\u10d4\u10d1\u10d0<br \/>\n(\u10e1\u10d0\u10e8\u10e3\u10d0\u10da\u10dd \u10db\u10dc\u10d8\u10e8\u10d5\u10dc\u10d4\u10da\u10dd\u10d1\u10d0)<\/td>\n<td width=\"156\">\u00a0\u10e7\u10dd\u10d5\u10d4\u10da 100 \u10d2\u10de\u10e0\u10dd\u10d3\u10e3\u10e5\u10e2\u10d6\u10d4<\/td>\n<td width=\"156\">\u10d3\u10e6\u10d8\u10e3\u10e0\u10d8 \u10d3\u10dd\u10d6\u10d0 (1 \u10d9\u10d0\u10e4\u10e1\u10e3\u10da\u10d0)<\/td>\n<td width=\"156\">\u10e1\u10d0\u10d3\u10e6\u10d4\u10e6\u10d0\u10db\u10d8\u10e1\u10dd \u10d2\u10d0\u10db\u10dd\u10e7\u10d4\u10dc\u10d4\u10d1\u10d8\u10e1 \u10e0\u10d4\u10d9\u10dd\u10db\u10d4\u10dc\u10d3\u10d8\u10e0\u10d4\u10d1\u10e3\u10da\u10d8 \u10dc\u10dd\u10e0\u10db\u10d8\u10e1 % \u10d6\u10e0\u10d3\u10d0\u10e1\u10e0\u10e3\u10da\u10d8 \u10d0\u10d3\u10d0\u10db\u10d8\u10d0\u10dc\u10d8\u10e1\u10d7\u10d5\u10d8\u10e1<\/p>\n<p>DRI %<\/td>\n<\/tr>\n<tr>\n<td width=\"156\">\u10d4\u10dc\u10d4\u10e0\u10d2\u10d4\u10e2\u10d8\u10d9\u10e3\u10da\u10d8 \u10e6\u10d8\u10e0\u10d4\u10d1\u10e3\u10da\u10d4\u10d1\u10d0 (\u10d9\u10d9\u10d0\u10da)<\/td>\n<td width=\"156\">\u00a0\u00a0\u00a0\u00a0 156,58 \u10d9\u10d9\u10d0\u10da<\/td>\n<td width=\"156\">\u00a0\u00a0\u00a0\u00a0\u00a0 0,89 \u10d9\u10d9\u10d0\u10da<\/td>\n<td width=\"156\">\u00a0\u00a0\u00a0 0,044<\/td>\n<\/tr>\n<tr>\n<td width=\"156\">\u10ea\u10ee\u10d8\u10db\u10d4\u10d1\u10d8 (\u10d2) \u10db\u10d0\u10d7 \u10e8\u10dd\u10e0\u10d8\u10e1 \u10dc\u10d0\u10ef\u10d4\u10e0\u10d8 (\u10d2)<\/td>\n<td width=\"156\">\u00a0\u00a0\u00a0\u00a0\u00a0\u00a0\u00a0\u00a0\u00a0\u00a0\u00a0\u00a0\u00a0\u00a0\u00a0\u00a0\u00a0\u00a0 &#8211;<\/td>\n<td width=\"156\">\u00a0\u00a0\u00a0\u00a0\u00a0\u00a0\u00a0\u00a0\u00a0\u00a0\u00a0\u00a0\u00a0\u00a0\u00a0\u00a0\u00a0\u00a0 &#8211;<\/td>\n<td width=\"156\">\u00a0\u00a0\u00a0\u00a0\u00a0\u00a0\u00a0\u00a0\u00a0\u00a0\u00a0\u00a0\u00a0\u00a0 &#8211;<\/td>\n<\/tr>\n<tr>\n<td width=\"156\">\u10d9\u10d0\u10e0\u10d1\u10dd\u10dc\u10f0\u10d8\u10d3\u10e0\u10d0\u10e2\u10d4\u10d1\u10d8 (\u10d2) \u10db\u10d0\u10d7 \u10e8\u10dd\u10e0\u10d8\u10e1 \u10e8\u10d0\u10e5\u10e0\u10d4\u10d1\u10d8 (\u10d2)<\/td>\n<td width=\"156\">\u00a0\u00a0\u00a0\u00a0\u00a0\u00a0\u00a0\u00a0\u00a0\u00a0\u00a0\u00a0 36,54 \u10d2<\/td>\n<td width=\"156\">\u00a0\u00a0\u00a0\u00a0\u00a0\u00a0\u00a0\u00a0\u00a0\u00a0\u00a0\u00a0\u00a0\u00a0 0,20 \u10d2<\/td>\n<td width=\"156\">\u00a0\u00a0\u00a0\u00a0\u00a0\u00a0\u00a0\u00a0\u00a0\u00a0\u00a0\u00a0\u00a0\u00a0\u00a0 &#8211;<\/td>\n<\/tr>\n<tr>\n<td width=\"156\">\u10e1\u10d0\u10d9\u10d5\u10d4\u10d1\u10d8 \u10d1\u10dd\u10ed\u10d9\u10dd\u10d4\u10d1\u10d8<\/td>\n<td width=\"156\">\u00a0\u00a0\u00a0\u00a0\u00a0\u00a0\u00a0\u00a0\u00a0\u00a0\u00a0\u00a0\u00a0\u00a0\u00a0\u00a0\u00a0\u00a0\u00a0 &#8211;<\/td>\n<td width=\"156\">\u00a0\u00a0\u00a0\u00a0\u00a0\u00a0\u00a0\u00a0\u00a0\u00a0\u00a0\u00a0\u00a0\u00a0\u00a0\u00a0\u00a0 &#8211;<\/td>\n<td width=\"156\">\u00a0\u00a0\u00a0\u00a0\u00a0\u00a0\u00a0\u00a0\u00a0\u00a0\u00a0\u00a0\u00a0\u00a0\u00a0\u00a0 &#8211;<\/td>\n<\/tr>\n<tr>\n<td width=\"156\">\u10de\u10e0\u10dd\u10e2\u10d4\u10d8\u10dc\u10d8 (\u10d2)<\/td>\n<td width=\"156\">\u00a0\u00a0\u00a0\u00a0\u00a0\u00a0\u00a0\u00a0\u00a0\u00a0\u00a0\u00a0\u00a0\u00a0\u00a0\u00a0\u00a0\u00a0\u00a0 &#8211;<\/td>\n<td width=\"156\">\u00a0\u00a0\u00a0\u00a0\u00a0\u00a0\u00a0\u00a0\u00a0\u00a0\u00a0\u00a0\u00a0\u00a0\u00a0\u00a0\u00a0 &#8211;<\/td>\n<td width=\"156\">\u00a0\u00a0\u00a0\u00a0\u00a0\u00a0\u00a0\u00a0\u00a0\u00a0\u00a0\u00a0\u00a0\u00a0\u00a0\u00a0 &#8211;<\/td>\n<\/tr>\n<tr>\n<td width=\"156\">\u10db\u10d0\u10e0\u10d8\u10da\u10d4\u10d1\u10d8 (\u10d2)<\/td>\n<td width=\"156\">\u00a0\u00a0\u00a0\u00a0\u00a0\u00a0\u00a0\u00a0\u00a0\u00a0\u00a0\u00a0 0,0038 \u10d2<\/td>\n<td width=\"156\">\u00a0\u00a0\u00a0\u00a0\u00a0\u00a0 0,00002 \u10d2<\/td>\n<td width=\"156\">\u00a0\u00a0\u00a0\u00a0\u00a0 \u00a0\u00a0\u00a00,0008<\/td>\n<\/tr>\n<\/tbody>\n<\/table>\n<p>&nbsp;<\/p>\n<p><strong>\u10d8\u10dc\u10d2\u10e0\u10d4\u10d3\u10d8\u10d4\u10dc\u10e2\u10d4\u10d1\u10d8: <\/strong><\/p>\n<table>\n<tbody>\n<tr>\n<td width=\"156\">\u10db\u10d4\u10d7\u10d8\u10da\u10d9\u10dd\u10d1\u10d0\u10da\u10d0\u10db\u10d8\u10dc\u10d8 (\u10d5\u10d8\u10e2\u10d0\u10db\u10d8\u10dc B12)<\/td>\n<td width=\"156\">\u00a0\u00a0\u00a0\u00a0\u00a0\u00a0\u00a0\u00a0\u00a0\u00a0\u00a0\u00a0\u00a0 0,132 \u10d2<\/p>\n<p>&nbsp;<\/td>\n<td width=\"156\">\u00a0\u00a0\u00a0\u00a0\u00a0\u00a0\u00a0\u00a0\u00a0\u00a0\u00a0\u00a0\u00a0 750 \u10db\u10d9\u10d2<\/td>\n<td width=\"156\">\u00a0\u00a0\u00a0\u00a0\u00a0\u00a0\u00a0 30 000<\/td>\n<\/tr>\n<tr>\n<td width=\"156\">\u10e4\u10dd\u10da\u10d8\u10e3\u10db\u10d8\u10e1 \u10db\u10df\u10d0\u10d5\u10d0<\/td>\n<td width=\"156\">\u00a0\u00a0\u00a0\u00a0\u00a0\u00a0\u00a0\u00a0\u00a0\u00a0\u00a0 0,018 \u10d2<\/td>\n<td width=\"156\">\u00a0\u00a0\u00a0\u00a0\u00a0\u00a0\u00a0\u00a0\u00a0\u00a0\u00a0\u00a0\u00a0\u00a0 0,1 \u10d2<\/td>\n<td width=\"156\">\u00a0\u00a0\u00a0\u00a0\u00a0\u00a0\u00a0\u00a0\u00a0\u00a0\u00a0 50<\/td>\n<\/tr>\n<tr>\n<td width=\"156\">\u10d0\u10da\u10e4\u10d0 \u10da\u10d8\u10de\u10dd\u10d8\u10e1 \u10db\u10df\u10d0\u10d5\u10d0<\/td>\n<td width=\"156\">\u00a0\u00a0\u00a0\u00a0\u00a0\u00a0\u00a0\u00a0 35,088 \u10d2<\/td>\n<td width=\"156\">\u00a0\u00a0\u00a0\u00a0\u00a0\u00a0\u00a0\u00a0\u00a0\u00a0\u00a0\u00a0\u00a0\u00a0 200 \u10d2<\/td>\n<td width=\"156\">\u00a0\u00a0\u00a0\u00a0\u00a0\u00a0\u00a0\u00a0\u00a0\u00a0\u00a0\u00a0 *<\/td>\n<\/tr>\n<tr>\n<td width=\"156\">\u10d5\u10d8\u10e2\u10d0\u10db\u10d8\u10dc E (D-\u10d0\u10da\u10e4\u10d0-\u10e2\u10dd\u10d9\u10dd\u10e4\u10d4\u10e0\u10d8\u10da-\u10d0\u10ea\u10d4\u10e2\u10d0\u10e2\u10d8)<\/td>\n<td width=\"156\">\u00a0\u00a0\u00a0\u00a0\u00a0\u00a0\u00a0\u00a0\u00a0\u00a0 1,316 \u10d2<\/td>\n<td width=\"156\">\u00a0\u00a0\u00a0\u00a0\u00a0\u00a0\u00a0\u00a0\u00a0\u00a0\u00a0 7,5 \u10db\u10d2<\/td>\n<td width=\"156\">\u00a0\u00a0\u00a0\u00a0\u00a0\u00a0\u00a0\u00a0\u00a0\u00a0 62.5<\/td>\n<\/tr>\n<tr>\n<td width=\"156\">\u00a0\u10d5\u10d8\u10e2\u10d0\u10db\u10d8\u10dc\u10d8 B1 (\u10d7\u10d8\u10d0\u10db\u10d8\u10dc\u10d8)<\/td>\n<td width=\"156\">\u00a0\u00a0\u00a0\u00a0\u00a0\u00a0\u00a0\u00a0\u00a0\u00a0\u00a0 0,175 \u10d2<\/td>\n<td width=\"156\">\u00a0\u00a0\u00a0\u00a0\u00a0\u00a0\u00a0\u00a0\u00a0\u00a0 1,0 \u10db\u10d2<\/td>\n<td width=\"156\">\u00a0\u00a0\u00a0\u00a0\u00a0\u00a0\u00a0\u00a0\u00a0\u00a0\u00a0\u00a0 90.91<\/td>\n<\/tr>\n<\/tbody>\n<\/table>\n<p>&nbsp;<\/p>\n<table>\n<tbody>\n<tr>\n<td width=\"156\">\u10d5\u10d8\u10e2\u10d0\u10db\u10d8\u10dc\u10d8 B2 (\u10e0\u10d8\u10d1\u10dd\u10e4\u10da\u10d0\u10d5\u10d8\u10dc\u10d8)<\/td>\n<td width=\"156\">\u00a0\u00a0\u00a0\u00a0\u00a0\u00a0\u00a0\u00a0\u00a0\u00a0\u00a0 0,263 \u10d2<\/td>\n<td width=\"156\">\u00a0\u00a0\u00a0\u00a0\u00a0\u00a0\u00a0\u00a0\u00a0\u00a0\u00a0\u00a0 1,5 \u10db\u10d2<\/td>\n<td width=\"156\">\u00a0\u00a0\u00a0\u00a0\u00a0 107,14<\/td>\n<\/tr>\n<tr>\n<td width=\"156\">\u10d5\u10d8\u10e2\u10d0\u10db\u10d8\u10dc\u10d8 B6 (\u10f0\u10d8\u10d3\u10e0\u10dd\u10e5\u10e1\u10d8\u10dc\u10d8\u10e1 \u10f0\u10d8\u10d3\u10e0\u10dd\u10e5\u10da\u10dd\u10e0\u10d8\u10d3\u10d8)<\/td>\n<td width=\"156\">\u00a0\u00a0\u00a0\u00a0\u00a0\u00a0\u00a0\u00a0\u00a0\u00a0 0, 175 \u10d2<\/td>\n<td width=\"156\">\u00a0\u00a0\u00a0\u00a0\u00a0\u00a0\u00a0\u00a0\u00a0\u00a0\u00a0 1,0 \u10db\u10d2<\/td>\n<td width=\"156\">\u00a0\u00a0\u00a0\u00a0\u00a0\u00a0 71.43<\/td>\n<\/tr>\n<tr>\n<td width=\"156\">\u10e1\u10d4\u10da\u10d4\u10dc\u10d8 (\u10e1\u10d4\u10da\u10d4\u10dc\u10d8\u10e1 \u10d3\u10d8\u10dd\u10e5\u10e1\u10d8\u10d3\u10d8)<\/td>\n<td width=\"156\">\u00a0\u00a0\u00a0\u00a0\u00a0\u00a0\u00a0\u00a0\u00a0\u00a0\u00a0 0,005 \u10d2<\/td>\n<td width=\"156\">\u00a0\u00a0\u00a0\u00a0\u00a0\u00a0\u00a0\u00a0\u00a0\u00a0 30 \u10db\u10d9\u10d2<\/td>\n<td width=\"156\">\u00a0\u00a0\u00a0\u00a0\u00a0\u00a0\u00a0\u00a0\u00a0 54.55<\/td>\n<\/tr>\n<tr>\n<td width=\"156\">\u10d1\u10d8\u10dd\u10e2\u10d8\u10dc\u10d8 (D- \u10d1\u10d8\u10dd\u10e2\u10d8\u10dc\u10d8)<\/td>\n<td width=\"156\">\u00a0\u00a0\u00a0\u00a0\u00a0\u00a0\u00a0\u00a0\u00a0\u00a0\u00a0 0,005 \u10d2<\/td>\n<td width=\"156\">\u00a0\u00a0\u00a0\u00a0\u00a0\u00a0\u00a0\u00a0\u00a0\u00a0 30 \u10db\u10d9\u10d2<\/td>\n<td width=\"156\">\u00a0\u00a0\u00a0\u00a0\u00a0\u00a0\u00a0\u00a0\u00a0\u00a0 60<\/td>\n<\/tr>\n<tr>\n<td width=\"156\">\u10d7\u10e3\u10d7\u10d8\u10d0 (\u10d7\u10e3\u10d7\u10d8\u10d8\u10e1 \u10e1\u10e3\u10da\u10e4\u10d0\u10e2\u10d8\u10e1 \u10db\u10dd\u10dc\u10dd\u10f0\u10d8\u10d3\u10e0\u10d0\u10e2\u10d8)<\/td>\n<td width=\"156\">\u00a0\u00a0\u00a0\u00a0\u00a0\u00a0\u00a0\u00a0\u00a0\u00a0\u00a0 2,632 \u10d2<\/td>\n<td width=\"156\">\u00a0\u00a0\u00a0\u00a0\u00a0\u00a0\u00a0\u00a0\u00a0\u00a0\u00a0 15 \u10db\u10d2<\/td>\n<td width=\"156\">\u00a0\u00a0\u00a0\u00a0\u00a0\u00a0\u00a0\u00a0\u00a0\u00a0 150<\/td>\n<\/tr>\n<\/tbody>\n<\/table>\n<p>&nbsp;<\/p>\n<p><strong>DRI%<\/strong><strong>* \u10d3\u10e6\u10d8\u10e3\u10e0\u10d8 \u10db\u10dd\u10d7\u10ee\u10dd\u10d5\u10dc\u10d8\u10da\u10d4\u10d1\u10d0 <\/strong><\/p>\n<p><strong>*\u10d3\u10e6\u10d8\u10e3\u10e0\u10d8 \u10db\u10dd\u10d7\u10ee\u10dd\u10d5\u10dc\u10d8\u10da\u10d4\u10d1\u10d0 \u10d2\u10d0\u10dc\u10e1\u10d0\u10d6\u10e6\u10d5\u10e0\u10e3\u10da\u10d8 \u10d0\u10e0 \u10d0\u10e0\u10d8\u10e1<\/strong><\/p>\n<p><strong>\u10e0\u10d4\u10d9\u10dd\u10db\u10d4\u10dc\u10d3\u10d0\u10ea\u10d8\u10d0 \u10d2\u10d0\u10db\u10dd\u10e7\u10d4\u10dc\u10d4\u10d1\u10d8\u10e1\u10d7\u10d5\u10d8\u10e1: <\/strong><\/p>\n<p>1 \u10d9\u10d0\u10e4\u10e1\u10e3\u10da\u10d0 \u10d3\u10e6\u10d4\u10e8\u10d8, \u10d0\u10dc \u10d4\u10e5\u10d8\u10db\u10d8\u10e1 \u10e0\u10d4\u10d9\u10dd\u10db\u10d4\u10dc\u10d3\u10d0\u10ea\u10d8\u10d8\u10e1 \u10db\u10d8\u10ee\u10d4\u10d3\u10d5\u10d8\u10d7.<\/p>\n<p><strong>\u10d2\u10d0\u10e4\u10e0\u10d7\u10ee\u10d8\u10da\u10d4\u10d1\u10d0: <\/strong><\/p>\n<p>\u10d0\u10e0 \u10d2\u10d0\u10d3\u10d0\u10d0\u10ed\u10d0\u10e0\u10d1\u10dd\u10d7 \u10e0\u10d4\u10d9\u10dd\u10db\u10d4\u10dc\u10d3\u10d8\u10e0\u10d4\u10d1\u10e3\u10da \u10d3\u10dd\u10d6\u10d0\u10e1.<\/p>\n<p>\u10e1\u10e3\u10e0\u10e1\u10d0\u10d7\u10d8\u10e1 (\u10e1\u10d0\u10e1\u10e3\u10e0\u10e1\u10d0\u10d7\u10dd) \u10d3\u10d0\u10dc\u10d0\u10db\u10d0\u10e2\u10e1 \u10e8\u10d4\u10e3\u10eb\u10da\u10d8\u10d0 \u10db\u10ee\u10dd\u10da\u10dd\u10d3 \u10d3\u10d0\u10ee\u10db\u10d0\u10e0\u10d4\u10d1\u10d8\u10e1 \u10d2\u10d0\u10ec\u10d4\u10d5\u10d0, \u10d7\u10e3 \u10e1\u10d0\u10d9\u10d5\u10d4\u10d1\u10d8\u10d3\u10d0\u10dc \u10d0\u10e0 \u10ee\u10d3\u10d4\u10d1\u10d0 \u10e1\u10d0\u10d9\u10db\u10d0\u10e0\u10d8\u10e1\u10d0\u10d3 \u10db\u10d0\u10d7\u10d8 \u10db\u10d8\u10e6\u10d4\u10d1\u10d0. \u10e1\u10e3\u10e0\u10e1\u10d0\u10d7\u10d8\u10e1 ( \u10e1\u10d0\u10e1\u10e3\u10e0\u10e1\u10d0\u10d7\u10dd) \u10d3\u10d0\u10dc\u10d0\u10db\u10d0\u10e2\u10d8 \u10d0\u10e0 \u10d0\u10e0\u10d8\u10e1 \u10d2\u10d0\u10dc\u10d9\u10e3\u10d7\u10d5\u10dc\u10d8\u10da\u10d8 \u10db\u10e0\u10d0\u10d5\u10d0\u10da\u10e4\u10d4\u10e0\u10dd\u10d5\u10d0\u10dc\u10d8 \u10d3\u10d0 \u10d3\u10d0\u10d1\u10d0\u10da\u10d0\u10dc\u10e1\u10d8\u10e0\u10d4\u10d1\u10e3\u10da\u10d8 \u10d3\u10d8\u10d4\u10e2\u10d8\u10e1 \u10d3\u10d0 \u10ea\u10ee\u10dd\u10d5\u10e0\u10d4\u10d1\u10d8\u10e1 \u10ef\u10d0\u10dc\u10e1\u10d0\u10e6\u10d8 \u10ec\u10d4\u10e1\u10d8\u10e1 \u10e9\u10d0\u10e1\u10d0\u10dc\u10d0\u10ea\u10d5\u10da\u10d4\u10d1\u10da\u10d0\u10d3.<\/p>\n<p>&nbsp;<\/p>\n<p>\u10e0\u10d4\u10d9\u10dd\u10db\u10d4\u10dc\u10d3\u10d8\u10e0\u10d4\u10d1\u10e3\u10da\u10d8\u10d0 \u10db\u10e0\u10d0\u10d5\u10d0\u10da\u10e4\u10d4\u10e0\u10dd\u10d5\u10d0\u10dc\u10d8, \u10d1\u10d0\u10da\u10d0\u10dc\u10e1\u10d8\u10e0\u10d4\u10d1\u10e3\u10da\u10d8 \u10d3\u10d8\u10d4\u10e2\u10d0 \u10d3\u10d0 \u10ef\u10d0\u10dc\u10e1\u10d0\u10e6\u10d8 \u10ea\u10ee\u10dd\u10d5\u10e0\u10d4\u10d1\u10d8\u10e1 \u10ec\u10d4\u10e1\u10d8.<\/p>\n<p>&nbsp;<\/p>\n<p><strong>\u10e8\u10d4\u10dc\u10d0\u10ee\u10d5\u10d8\u10e1 \u10de\u10d8\u10e0\u10dd\u10d1\u10d4\u10d1\u10d8: <\/strong><\/p>\n<p>\u10e8\u10d4\u10d8\u10dc\u10d0\u10ee\u10d4\u10d7 \u10d1\u10d0\u10d5\u10e8\u10d5\u10d4\u10d1\u10d8\u10e1\u10d2\u10d0\u10dc \u10db\u10d8\u10e3\u10ec\u10d5\u10d3\u10dd\u10db\u10d4\u10da \u10d0\u10d3\u10d2\u10d8\u10da\u10d0\u10e1. \u10d8\u10dc\u10d0\u10ee\u10d4\u10d1\u10d0 25<sup>o<\/sup>C -\u10d6\u10d4 \u10d3\u10d0\u10d1\u10d0\u10da \u10e2\u10d4\u10db\u10de\u10d4\u10e0\u10d0\u10e2\u10e3\u10e0\u10d0\u10d6\u10d4, \u10db\u10e8\u10e0\u10d0\u10da, \u10db\u10d6\u10d8\u10e1 \u10e1\u10ee\u10d8\u10d5\u10d4\u10d1\u10d8\u10e1\u10d2\u10d0\u10dc \u10d3\u10d0\u10ea\u10e3\u10da \u10d0\u10d3\u10d2\u10d8\u10da\u10d0\u10e1.<\/p>\n<p><strong>\u10e4\u10dd\u10e0\u10db\u10d0 \u10d3\u10d0 \u10e8\u10d4\u10e4\u10e3\u10d7\u10d5\u10d0: <\/strong><strong>\u00a0<\/strong>1X10X2 \u10d9\u10d0\u10e4\u10e1\u10e3\u10da\u10d0 \u10d1\u10da\u10d8\u10e1\u10e2\u10d4\u10e0\u10e3\u10da \u10e8\u10d4\u10e4\u10e3\u10d7\u10d5\u10d0\u10e8\u10d8.<\/p>\n<p><strong>\u10db\u10d0\u10e1\u10d0: <\/strong>11,4 \u10d2.<\/p>\n<p>\u10d3\u10d0\u10db\u10d6\u10d0\u10d3\u10d4\u10d1\u10e3\u10da\u10d8\u10d0 \u10e8\u10de\u10e1 \u10d2\u10da\u10dd\u10d1\u10d0\u10da \u10ea\u10d1\u10e1-\u10d7\u10d5\u10d8\u10e1 Honor \u0130la\u00e7 Sanayi ve Tic. Ltd. \u015eti \u00a0\u10db\u10d8\u10d4\u10e0.<\/p>","protected":false},"excerpt":{"rendered":"<p><strong>\u10dc\u10e3\u10e0\u10dd\u10e4\u10da\u10d4\u10e5\u10e1 \u10e4\u10dd\u10e0\u10e2\u10d4 <\/strong><\/p>\n<p>\u10d9\u10d0\u10e4\u10e1\u10e3\u10da\u10d0 N20<\/p>\n<p>\u10dc\u10e3\u10e0\u10dd\u10de;\u10d4\u10e5\u10e1 \u10e4\u10dd\u10e0\u10e2\u10d4 \u10d0\u10e0\u10d8\u10e1 \u10e1\u10e3\u10e0\u10e1\u10d0\u10d7\u10d8\u10e1 (\u10e1\u10d0\u10e1\u10e3\u10e0\u10e1\u10d0\u10d7\u10dd) \u10d3\u10d0\u10dc\u10d0\u10db\u10d0\u10e2\u10d8, \u10e0\u10dd\u10db\u10d4\u10da\u10d8\u10ea \u10e8\u10d4\u10d8\u10ea\u10d0\u10d5\u10e1 B \u10ef\u10d2\u10e3\u10e4\u10d8\u10e1 \u10d5\u10d8\u10e2\u10d0\u10db\u10d8\u10dc\u10d4\u10d1\u10e1\u10d0 \u10d3\u10d0 \u10d0\u10dc\u10e2\u10d8\u10dd\u10e5\u10e1\u10d8\u10d3\u10d0\u10dc\u10e2\u10d4\u10d1\u10e1.<\/p>\n<ul>","protected":false},"featured_media":592,"comment_status":"open","ping_status":"closed","template":"","meta":{"_acf_changed":false},"product_cat":[50],"product_tag":[],"class_list":{"0":"post-591","1":"product","2":"type-product","3":"status-publish","4":"has-post-thumbnail","6":"product_cat-general-wellness","7":"entry","9":"first","10":"instock","11":"shipping-taxable","12":"purchasable","13":"product-type-simple"},"acf":[],"yoast_head":"<!-- This site is optimized with the Yoast SEO plugin v24.2 - https:\/\/yoast.com\/wordpress\/plugins\/seo\/ -->\n<title>NUROPLEX FORTE, CAP N20 for Anemia and Immune System General Wellness<\/title>\n<meta name=\"description\" content=\"Shop for NUROPLEX FORTE, CAP N20 for Anemia and Immune System General Wellness at CBS Global. Find quality health products to add to your Shopping List or order online for Delivery or Pickup.\" \/>\n<meta name=\"robots\" content=\"index, follow, max-snippet:-1, max-image-preview:large, max-video-preview:-1\" \/>\n<link rel=\"canonical\" href=\"https:\/\/shop.cbs.ge\/en\/product\/nuroplex-forte-cap-n20\/\" \/>\n<meta property=\"og:locale\" content=\"en_US\" \/>\n<meta property=\"og:type\" content=\"article\" \/>\n<meta property=\"og:title\" content=\"NUROPLEX FORTE, CAP N20 for Anemia and Immune System General Wellness\" \/>\n<meta property=\"og:description\" content=\"Shop for NUROPLEX FORTE, CAP N20 for Anemia and Immune System General Wellness at CBS Global. Find quality health products to add to your Shopping List or order online for Delivery or Pickup.\" \/>\n<meta property=\"og:url\" content=\"https:\/\/shop.cbs.ge\/en\/product\/nuroplex-forte-cap-n20\/\" \/>\n<meta property=\"og:site_name\" content=\"CBS Global\" \/>\n<meta property=\"article:modified_time\" content=\"2024-10-02T06:02:16+00:00\" \/>\n<meta property=\"og:image\" content=\"http:\/\/shop.cbs.ge\/wp-content\/uploads\/2023\/11\/NUROPLEX-FORTE-HONOR.jpg\" \/>\n\t<meta property=\"og:image:width\" content=\"1024\" \/>\n\t<meta property=\"og:image:height\" content=\"1024\" \/>\n\t<meta property=\"og:image:type\" content=\"image\/jpeg\" \/>\n<meta name=\"twitter:card\" content=\"summary_large_image\" \/>\n<meta name=\"twitter:label1\" content=\"Est. reading time\" \/>\n\t<meta name=\"twitter:data1\" content=\"2 minutes\" \/>\n<script type=\"application\/ld+json\" class=\"yoast-schema-graph\">{\"@context\":\"https:\/\/schema.org\",\"@graph\":[{\"@type\":\"WebPage\",\"@id\":\"https:\/\/shop.cbs.ge\/product\/nuroplex-forte-cap-n20\/\",\"url\":\"https:\/\/shop.cbs.ge\/product\/nuroplex-forte-cap-n20\/\",\"name\":\"NUROPLEX FORTE, CAP N20 for Anemia and Immune System General Wellness\",\"isPartOf\":{\"@id\":\"https:\/\/shop.cbs.ge\/#website\"},\"primaryImageOfPage\":{\"@id\":\"https:\/\/shop.cbs.ge\/product\/nuroplex-forte-cap-n20\/#primaryimage\"},\"image\":{\"@id\":\"https:\/\/shop.cbs.ge\/product\/nuroplex-forte-cap-n20\/#primaryimage\"},\"thumbnailUrl\":\"https:\/\/shop.cbs.ge\/wp-content\/uploads\/2023\/11\/NUROPLEX-FORTE-HONOR.jpg\",\"datePublished\":\"2023-11-25T12:40:23+00:00\",\"dateModified\":\"2024-10-02T06:02:16+00:00\",\"description\":\"Shop for NUROPLEX FORTE, CAP N20 for Anemia and Immune System General Wellness at CBS Global. Find quality health products to add to your Shopping List or order online for Delivery or Pickup.\",\"breadcrumb\":{\"@id\":\"https:\/\/shop.cbs.ge\/product\/nuroplex-forte-cap-n20\/#breadcrumb\"},\"inLanguage\":\"en-US\",\"potentialAction\":[{\"@type\":\"ReadAction\",\"target\":[\"https:\/\/shop.cbs.ge\/product\/nuroplex-forte-cap-n20\/\"]}]},{\"@type\":\"ImageObject\",\"inLanguage\":\"en-US\",\"@id\":\"https:\/\/shop.cbs.ge\/product\/nuroplex-forte-cap-n20\/#primaryimage\",\"url\":\"https:\/\/shop.cbs.ge\/wp-content\/uploads\/2023\/11\/NUROPLEX-FORTE-HONOR.jpg\",\"contentUrl\":\"https:\/\/shop.cbs.ge\/wp-content\/uploads\/2023\/11\/NUROPLEX-FORTE-HONOR.jpg\",\"width\":1024,\"height\":1024},{\"@type\":\"BreadcrumbList\",\"@id\":\"https:\/\/shop.cbs.ge\/product\/nuroplex-forte-cap-n20\/#breadcrumb\",\"itemListElement\":[{\"@type\":\"ListItem\",\"position\":1,\"name\":\"Home\",\"item\":\"https:\/\/shop.cbs.ge\/\"},{\"@type\":\"ListItem\",\"position\":2,\"name\":\"\u10db\u10d0\u10e6\u10d0\u10d6\u10d8\u10d0\",\"item\":\"https:\/\/shop.cbs.ge\/shop\/\"},{\"@type\":\"ListItem\",\"position\":3,\"name\":\"NUROPLEX FORTE, CAP N20\"}]},{\"@type\":\"WebSite\",\"@id\":\"https:\/\/shop.cbs.ge\/#website\",\"url\":\"https:\/\/shop.cbs.ge\/\",\"name\":\"CBS Global\",\"description\":\"Welcome to CBS Global\",\"publisher\":{\"@id\":\"https:\/\/shop.cbs.ge\/#organization\"},\"potentialAction\":[{\"@type\":\"SearchAction\",\"target\":{\"@type\":\"EntryPoint\",\"urlTemplate\":\"https:\/\/shop.cbs.ge\/?s={search_term_string}\"},\"query-input\":{\"@type\":\"PropertyValueSpecification\",\"valueRequired\":true,\"valueName\":\"search_term_string\"}}],\"inLanguage\":\"en-US\"},{\"@type\":\"Organization\",\"@id\":\"https:\/\/shop.cbs.ge\/#organization\",\"name\":\"CBS Global\",\"url\":\"https:\/\/shop.cbs.ge\/\",\"logo\":{\"@type\":\"ImageObject\",\"inLanguage\":\"en-US\",\"@id\":\"https:\/\/shop.cbs.ge\/#\/schema\/logo\/image\/\",\"url\":\"https:\/\/shop.cbs.ge\/wp-content\/uploads\/2023\/06\/cbs_logo.png\",\"contentUrl\":\"https:\/\/shop.cbs.ge\/wp-content\/uploads\/2023\/06\/cbs_logo.png\",\"width\":313,\"height\":501,\"caption\":\"CBS Global\"},\"image\":{\"@id\":\"https:\/\/shop.cbs.ge\/#\/schema\/logo\/image\/\"}}]}<\/script>\n<!-- \/ Yoast SEO plugin. -->","yoast_head_json":{"title":"NUROPLEX FORTE, CAP N20 for Anemia and Immune System General Wellness","description":"Shop for NUROPLEX FORTE, CAP N20 for Anemia and Immune System General Wellness at CBS Global. Find quality health products to add to your Shopping List or order online for Delivery or Pickup.","robots":{"index":"index","follow":"follow","max-snippet":"max-snippet:-1","max-image-preview":"max-image-preview:large","max-video-preview":"max-video-preview:-1"},"canonical":"https:\/\/shop.cbs.ge\/en\/product\/nuroplex-forte-cap-n20\/","og_locale":"en_US","og_type":"article","og_title":"NUROPLEX FORTE, CAP N20 for Anemia and Immune System General Wellness","og_description":"Shop for NUROPLEX FORTE, CAP N20 for Anemia and Immune System General Wellness at CBS Global. Find quality health products to add to your Shopping List or order online for Delivery or Pickup.","og_url":"https:\/\/shop.cbs.ge\/en\/product\/nuroplex-forte-cap-n20\/","og_site_name":"CBS Global","article_modified_time":"2024-10-02T06:02:16+00:00","og_image":[{"width":1024,"height":1024,"url":"http:\/\/shop.cbs.ge\/wp-content\/uploads\/2023\/11\/NUROPLEX-FORTE-HONOR.jpg","type":"image\/jpeg"}],"twitter_card":"summary_large_image","twitter_misc":{"Est. reading time":"2 minutes"},"schema":{"@context":"https:\/\/schema.org","@graph":[{"@type":"WebPage","@id":"https:\/\/shop.cbs.ge\/product\/nuroplex-forte-cap-n20\/","url":"https:\/\/shop.cbs.ge\/product\/nuroplex-forte-cap-n20\/","name":"NUROPLEX FORTE, CAP N20 for Anemia and Immune System General Wellness","isPartOf":{"@id":"https:\/\/shop.cbs.ge\/#website"},"primaryImageOfPage":{"@id":"https:\/\/shop.cbs.ge\/product\/nuroplex-forte-cap-n20\/#primaryimage"},"image":{"@id":"https:\/\/shop.cbs.ge\/product\/nuroplex-forte-cap-n20\/#primaryimage"},"thumbnailUrl":"https:\/\/shop.cbs.ge\/wp-content\/uploads\/2023\/11\/NUROPLEX-FORTE-HONOR.jpg","datePublished":"2023-11-25T12:40:23+00:00","dateModified":"2024-10-02T06:02:16+00:00","description":"Shop for NUROPLEX FORTE, CAP N20 for Anemia and Immune System General Wellness at CBS Global. Find quality health products to add to your Shopping List or order online for Delivery or Pickup.","breadcrumb":{"@id":"https:\/\/shop.cbs.ge\/product\/nuroplex-forte-cap-n20\/#breadcrumb"},"inLanguage":"en-US","potentialAction":[{"@type":"ReadAction","target":["https:\/\/shop.cbs.ge\/product\/nuroplex-forte-cap-n20\/"]}]},{"@type":"ImageObject","inLanguage":"en-US","@id":"https:\/\/shop.cbs.ge\/product\/nuroplex-forte-cap-n20\/#primaryimage","url":"https:\/\/shop.cbs.ge\/wp-content\/uploads\/2023\/11\/NUROPLEX-FORTE-HONOR.jpg","contentUrl":"https:\/\/shop.cbs.ge\/wp-content\/uploads\/2023\/11\/NUROPLEX-FORTE-HONOR.jpg","width":1024,"height":1024},{"@type":"BreadcrumbList","@id":"https:\/\/shop.cbs.ge\/product\/nuroplex-forte-cap-n20\/#breadcrumb","itemListElement":[{"@type":"ListItem","position":1,"name":"Home","item":"https:\/\/shop.cbs.ge\/"},{"@type":"ListItem","position":2,"name":"\u10db\u10d0\u10e6\u10d0\u10d6\u10d8\u10d0","item":"https:\/\/shop.cbs.ge\/shop\/"},{"@type":"ListItem","position":3,"name":"NUROPLEX FORTE, CAP N20"}]},{"@type":"WebSite","@id":"https:\/\/shop.cbs.ge\/#website","url":"https:\/\/shop.cbs.ge\/","name":"CBS Global","description":"Welcome to CBS Global","publisher":{"@id":"https:\/\/shop.cbs.ge\/#organization"},"potentialAction":[{"@type":"SearchAction","target":{"@type":"EntryPoint","urlTemplate":"https:\/\/shop.cbs.ge\/?s={search_term_string}"},"query-input":{"@type":"PropertyValueSpecification","valueRequired":true,"valueName":"search_term_string"}}],"inLanguage":"en-US"},{"@type":"Organization","@id":"https:\/\/shop.cbs.ge\/#organization","name":"CBS Global","url":"https:\/\/shop.cbs.ge\/","logo":{"@type":"ImageObject","inLanguage":"en-US","@id":"https:\/\/shop.cbs.ge\/#\/schema\/logo\/image\/","url":"https:\/\/shop.cbs.ge\/wp-content\/uploads\/2023\/06\/cbs_logo.png","contentUrl":"https:\/\/shop.cbs.ge\/wp-content\/uploads\/2023\/06\/cbs_logo.png","width":313,"height":501,"caption":"CBS Global"},"image":{"@id":"https:\/\/shop.cbs.ge\/#\/schema\/logo\/image\/"}}]}},"_links":{"self":[{"href":"https:\/\/shop.cbs.ge\/en\/wp-json\/wp\/v2\/product\/591","targetHints":{"allow":["GET"]}}],"collection":[{"href":"https:\/\/shop.cbs.ge\/en\/wp-json\/wp\/v2\/product"}],"about":[{"href":"https:\/\/shop.cbs.ge\/en\/wp-json\/wp\/v2\/types\/product"}],"replies":[{"embeddable":true,"href":"https:\/\/shop.cbs.ge\/en\/wp-json\/wp\/v2\/comments?post=591"}],"wp:featuredmedia":[{"embeddable":true,"href":"https:\/\/shop.cbs.ge\/en\/wp-json\/wp\/v2\/media\/592"}],"wp:attachment":[{"href":"https:\/\/shop.cbs.ge\/en\/wp-json\/wp\/v2\/media?parent=591"}],"wp:term":[{"taxonomy":"product_cat","embeddable":true,"href":"https:\/\/shop.cbs.ge\/en\/wp-json\/wp\/v2\/product_cat?post=591"},{"taxonomy":"product_tag","embeddable":true,"href":"https:\/\/shop.cbs.ge\/en\/wp-json\/wp\/v2\/product_tag?post=591"}],"curies":[{"name":"wp","href":"https:\/\/api.w.org\/{rel}","templated":true}]}}