{"id":567,"date":"2023-11-25T11:53:26","date_gmt":"2023-11-25T11:53:26","guid":{"rendered":"https:\/\/sufiwebsoft.us\/cbsglobal\/?post_type=product&#038;p=567"},"modified":"2024-11-29T14:36:47","modified_gmt":"2024-11-29T14:36:47","slug":"biflex-tab-n-60","status":"publish","type":"product","link":"https:\/\/shop.cbs.ge\/en\/product\/biflex-tab-n-60\/","title":{"rendered":"BIFLEX, TAB N 60"},"content":{"rendered":"<p>\u10d1\u10d8\u10e4\u10da\u10d4\u10e5\u10e1\u10d8<\/p>\n<p>\u10e1\u10e3\u10e0\u10e1\u10d0\u10d7\u10d8\u10e1 (\u10e1\u10d0\u10e1\u10e3\u10e0\u10e1\u10d0\u10d7\u10dd) \u10d3\u10d0\u10dc\u10d0\u10db\u10d0\u10e2\u10d8<\/p>\n<p>N 60 \u10e2\u10d0\u10d1\u10da\u10d4\u10e2\u10d8<\/p>\n<table style=\"height: 820px;\" width=\"986\">\n<tbody>\n<tr>\n<td width=\"324\">\u10d9\u10d5\u10d4\u10d1\u10d8\u10d7\u10d8 \u10e6\u10d8\u10e0\u10d4\u10d1\u10e3\u10da\u10d4\u10d1\u10d0 (\u10e1\u10d0\u10e8\u10e3\u10d0\u10da\u10dd \u10db\u10dc\u10d8\u10e8\u10d5\u10dc\u10d4\u10da\u10dd\u10d1\u10d0)<\/td>\n<td width=\"90\">100 \u10d2 \u10db\u10e8\u10e0\u10d0\u10da \u10de\u10e0\u10dd\u10d3\u10e3\u10e5\u10e2\u10d6\u10d4<\/td>\n<td width=\"92\">\u10d3\u10e6\u10d8\u10e3\u10e0 \u10d3\u10dd\u10d6\u10d0\u10e8\u10d8 \u10e8\u10d4\u10db\u10ea\u10d5\u10d4\u10da\u10dd\u10d1\u10d0(3\u10e2\u10d0\u10d1\u10da\u10d4\u10e2\u10d8)<\/td>\n<td width=\"148\">\u10e1\u10d0\u10d3\u10e6\u10d4\u10e6\u10d0\u10db\u10d8\u10e1\u10dd \u10d2\u10d0\u10db\u10dd\u10e7\u10d4\u10dc\u10d4\u10d1\u10d8\u10e1 \u10e0\u10d4\u10d9\u10dd\u10db\u10d4\u10dc\u10d3\u10d8\u10e0\u10d4\u10d1\u10e3\u10da\u10d8 \u10dc\u10dd\u10e0\u10db\u10d8\u10e1 % \u10d6\u10e0\u10d3\u10d0\u10e1\u10e0\u10e3\u10da\u10d8 \u10d0\u10d3\u10d0\u10db\u10d8\u10d0\u10dc\u10d8\u10e1\u10d0\u10d7\u10d5\u10d8\u10e1<\/td>\n<\/tr>\n<tr>\n<td width=\"324\">\u10d4\u10dc\u10d4\u10e0\u10d2\u10d4\u10e2\u10d8\u10d9\u10e3\u10da\u10d8 \u10e6\u10d8\u10e0\u10d4\u10d1\u10e3\u10da\u10d4\u10d1\u10d0 (\u10d9\u10ef)(\u10d9\u10d9\u10d0\u10da)<\/td>\n<td width=\"90\">189.93\u10d9\u10d9\u10d0\u10da<\/td>\n<td width=\"92\">9.12\u10d9\u10d9\u10d0\u10da<\/td>\n<td width=\"148\">0.46<\/td>\n<\/tr>\n<tr>\n<td width=\"324\">\u10ea\u10ee\u10d8\u10db\u10d4\u10d1\u10d8 (\u10d2)<\/p>\n<p>\u10db\u10d0\u10d7 \u10e8\u10dd\u10e0\u10d8\u10e1 \u10dc\u10d0\u10ef\u10d4\u10e0\u10d8 (\u10d2)<\/td>\n<td width=\"90\">0.11 \u10d2<\/p>\n<p>&#8211;<\/td>\n<td width=\"92\">0.01 \u10d2<\/p>\n<p>&#8211;<\/td>\n<td width=\"148\">0.008<\/p>\n<p>&#8211;<\/td>\n<\/tr>\n<tr>\n<td width=\"324\">\u10d9\u10d0\u10e0\u10d1\u10dd\u10dc\u10f0\u10d8\u10d3\u10e0\u10d0\u10e2\u10d4\u10d1\u10d8 (\u10d2)<\/p>\n<p>\u10db\u10d0\u10d7 \u10e8\u10dd\u10e0\u10d8\u10e1 \u10e8\u10d0\u10e5\u10e0\u10d4\u10d1\u10d8 (\u10d2)<\/td>\n<td width=\"90\">28.78 \u10d2<\/p>\n<p>0.61 \u10d2<\/td>\n<td width=\"92\">1.38 \u10d2<\/p>\n<p>0.03 \u10d2<\/td>\n<td width=\"148\">&#8211;<\/p>\n<p>0.03<\/td>\n<\/tr>\n<tr>\n<td width=\"324\">\u10d1\u10dd\u10ed\u10d9\u10dd<\/td>\n<td width=\"90\">2.98 \u10d2<\/td>\n<td width=\"92\">0.14 \u10d2<\/td>\n<td width=\"148\">0.57<\/td>\n<\/tr>\n<tr>\n<td width=\"324\">\u10de\u10e0\u10dd\u10e2\u10d4\u10d8\u10dc\u10d8 (\u10d2)<\/td>\n<td width=\"90\">18.59 \u10d2<\/td>\n<td width=\"92\">0.89 \u10d2<\/td>\n<td width=\"148\">1.78<\/td>\n<\/tr>\n<tr>\n<td width=\"324\">\u10db\u10d0\u10e0\u10d8\u10da\u10d4\u10d1\u10d8 (\u10d2)<\/td>\n<td width=\"90\">8.01 \u10d2<\/td>\n<td width=\"92\">0.38 \u10d2<\/td>\n<td width=\"148\">16.02<\/td>\n<\/tr>\n<\/tbody>\n<\/table>\n<p>&nbsp;<\/p>\n<table style=\"height: 1233px;\" width=\"993\">\n<tbody>\n<tr>\n<td width=\"324\">\u10d8\u10dc\u10d2\u10e0\u10d4\u10d3\u10d8\u10d4\u10dc\u10e2\u10d4\u10d1\u10d8<\/td>\n<td width=\"90\">100 \u10d2 \u10db\u10e8\u10e0\u10d0\u10da \u10de\u10e0\u10dd\u10d3\u10e3\u10e5\u10e2\u10d6\u10d4<\/td>\n<td width=\"92\">\u10d3\u10e6\u10d8\u10e3\u10e0 \u10d3\u10dd\u10d6\u10d0\u10e8\u10d8 \u10e8\u10d4\u10db\u10ea\u10d5\u10d4\u10da\u10dd\u10d1\u10d0(3 \u10e2\u10d0\u10d1\u10da\u10d4\u10e2\u10d8)<\/p>\n<p>&nbsp;<\/td>\n<td width=\"148\">\u10e1\u10d0\u10d3\u10e6\u10d4\u10e6\u10d0\u10db\u10d8\u10e1\u10dd \u10d2\u10d0\u10db\u10dd\u10e7\u10d4\u10dc\u10d4\u10d1\u10d8\u10e1 \u10e0\u10d4\u10d9\u10dd\u10db\u10d4\u10dc\u10d3\u10d8\u10e0\u10d4\u10d1\u10e3\u10da\u10d8 \u10dc\u10dd\u10e0\u10db\u10d8\u10e1 % \u10d6\u10e0\u10d3\u10d0\u10e1\u10e0\u10e3\u10da\u10d8 \u10d0\u10d3\u10d0\u10db\u10d8\u10d0\u10dc\u10d8\u10e1\u10d0\u10d7\u10d5\u10d8\u10e1<\/td>\n<\/tr>\n<tr>\n<td width=\"324\">\u10d5\u10d8\u10e2\u10d0\u10db\u10d8\u10dc\u10d8 C<\/td>\n<td width=\"90\">1.87 \u10d2<\/td>\n<td width=\"92\">90\u10db\u10d2<\/td>\n<td width=\"148\">112.5% NRV*<\/td>\n<\/tr>\n<tr>\n<td width=\"324\">\u10db\u10d0\u10d2\u10dc\u10d8\u10e3\u10db\u10d8<\/td>\n<td width=\"90\">4.063 \u10d2<\/td>\n<td width=\"92\">195\u10db\u10d2<\/td>\n<td width=\"148\">52% NRV*<\/td>\n<\/tr>\n<tr>\n<td width=\"324\">\u10d7\u10e3\u10d7\u10d8\u10d0<\/td>\n<td width=\"90\">0.31 \u10d2<\/td>\n<td width=\"92\">15\u10db\u10d2<\/td>\n<td width=\"148\">150% NRV*<\/td>\n<\/tr>\n<tr>\n<td width=\"324\">\u10e1\u10de\u10d8\u10da\u10d4\u10dc\u10eb\u10d8<\/td>\n<td width=\"90\">0.01 \u10d2<\/td>\n<td width=\"92\">495\u10db\u10d9\u10d2<\/td>\n<td width=\"148\">49.5% NRV*<\/td>\n<\/tr>\n<tr>\n<td width=\"324\">\u00a0\u10db\u10d0\u10dc\u10d2\u10d0\u10dc\u10e3\u10db\u10d8<\/td>\n<td width=\"90\">0.094<\/td>\n<td width=\"92\">4.5\u10db\u10d2<\/td>\n<td width=\"148\">225% NRV*<\/td>\n<\/tr>\n<tr>\n<td width=\"324\">\u00a0\u10db\u10dd\u10da\u10d8\u10d1\u10d3\u10d4\u10dc\u10d8<\/td>\n<td width=\"90\">0.004 \u10d2<\/td>\n<td width=\"92\">210\u10db\u10d9\u10d2<\/td>\n<td width=\"148\">420% NRV*<\/td>\n<\/tr>\n<tr>\n<td width=\"324\">\u10d2\u10da\u10e3\u10d9\u10dd\u10d6\u10d0\u10db\u10d8\u10dc\u10d8\u10e1 \u10e1\u10e3\u10da\u10e4\u10d0\u10e2\u10d8<\/td>\n<td width=\"90\">31.250 \u10d2<\/td>\n<td width=\"92\">1500\u10db\u10d2<\/td>\n<td width=\"148\">&nbsp;<\/p>\n<p>**<\/td>\n<\/tr>\n<tr>\n<td width=\"324\">\u10db\u10d4\u10d7\u10d8\u10da\u10e1\u10e3\u10da\u10e4\u10dd\u10dc\u10d8\u10da\u10db\u10d4\u10d7\u10d0\u10dc\u10d8<\/td>\n<td width=\"90\">31.250 \u10d2<\/td>\n<td width=\"92\">1500\u10db\u10d2<\/td>\n<td width=\"148\">\u00a0\u00a0\u00a0\u00a0 **<\/td>\n<\/tr>\n<tr>\n<td width=\"324\">\u10f0\u10d8\u10d0\u10da\u10e3\u10e0\u10dd\u10dc\u10d8\u10e1 \u10db\u10df\u10d0\u10d5\u10d0<\/td>\n<td width=\"90\">1.56 \u10d2<\/td>\n<td width=\"92\">75\u10db\u10d2<\/td>\n<td width=\"148\">\u00a0\u00a0\u00a0\u00a0 **<\/td>\n<\/tr>\n<tr>\n<td width=\"324\">\u10db\u10d4-2 \u00a0\u10e2\u10d8\u10de\u10d8\u10e1 \u10d9\u10dd\u10da\u10d0\u10d2\u10d4\u10dc\u10d8<\/td>\n<td width=\"90\">18.43 \u10d2<\/td>\n<td width=\"92\">885\u10db\u10d2<\/td>\n<td width=\"148\">\u00a0\u00a0\u00a0\u00a0 **<\/td>\n<\/tr>\n<tr>\n<td width=\"324\">\u10d1\u10dd\u10e0\u10d8\u10e1 \u10d2\u10da\u10d8\u10ea\u10d8\u10dc\u10d0\u10e2\u10d8<\/td>\n<td width=\"90\">0.15 \u10d2<\/td>\n<td width=\"92\">7.5\u10db\u10d2<\/td>\n<td width=\"148\">\u00a0\u00a0\u00a0\u00a0 **<\/td>\n<\/tr>\n<tr>\n<td width=\"324\">\u10d1\u10dd\u10e1\u10d5\u10d4\u10da\u10d8\u10d0\u10e1 \u10d4\u10e5\u10e1\u10e2\u10e0\u10d0\u10e5\u10e2\u10d8<\/td>\n<td width=\"90\">3.12 \u10d2<\/td>\n<td width=\"92\">150\u10db\u10d2<\/td>\n<td width=\"148\">\u00a0\u00a0\u00a0\u00a0 **<\/td>\n<\/tr>\n<tr>\n<td width=\"324\">\u10e7\u10e3\u10e0\u10eb\u10dc\u10d8\u10e1 \u10ec\u10d8\u10d1\u10ec\u10d4\u10d1\u10d8\u10e1 \u10d4\u10e5\u10e1\u10e2\u10e0\u10d0\u10e5\u10e2\u10d8<\/td>\n<td width=\"90\">0.31 \u10d2<\/td>\n<td width=\"92\">15\u10db\u10d2<\/td>\n<td width=\"148\">\u00a0\u00a0\u00a0\u00a0 **<\/td>\n<\/tr>\n<tr>\n<td width=\"324\">\u10d7\u10d4\u10d7\u10e0\u10d8 \u10e2\u10d8\u10e0\u10d8\u10e4\u10d8\u10e1 \u10d4\u10e5\u10e1\u10e2\u10e0\u10d0\u10e5\u10e2\u10d8<\/td>\n<td width=\"90\">0.31 \u10d2<\/td>\n<td width=\"92\">15\u10db\u10d2<\/td>\n<td width=\"148\">\u00a0\u00a0\u00a0\u00a0 **<\/td>\n<\/tr>\n<tr>\n<td width=\"324\">\u10e5\u10dd\u10dc\u10d3\u10e0\u10dd\u10d8\u10e2\u10d8\u10dc\u10d8\u10e1 \u10e1\u10e3\u10da\u10e4\u10d0\u10e2\u10d8<\/td>\n<td width=\"90\">6.25 \u10d2<\/td>\n<td width=\"92\">300\u10db\u10d2<\/td>\n<td width=\"148\">\u00a0\u00a0\u00a0\u00a0 **<\/td>\n<\/tr>\n<\/tbody>\n<\/table>\n<p>&nbsp;<\/p>\n<p>NRV* \u10d3\u10e6\u10d8\u10e3\u10e0\u10d8 \u10db\u10dd\u10d7\u10ee\u10dd\u10d5\u10dc\u10d8\u10da\u10d4\u10d1\u10d0<\/p>\n<p>** \u00a0\u10d0\u10e0 \u10d0\u10e0\u10d8\u10e1 \u10d2\u10d0\u10dc\u10e1\u10d0\u10d6\u10e6\u10d5\u10e0\u10e3\u10da\u10d8 \u10d3\u10e6\u10d8\u10e3\u10e0\u10d8 \u10d3\u10dd\u10d6\u10d0<\/p>\n<p><strong>\u10d8\u10dc\u10d2\u10e0\u10d4\u10d3\u10d8\u10d4\u10dc\u10e2\u10d4\u10d1\u10d8: <\/strong>\u10e8\u10d4\u10db\u10d0\u10d5\u10e1\u10d4\u10d1\u10da\u10d4\u10d1\u10d8 \u10d3\u10d0 \u10d3\u10d0\u10db\u10d0\u10e2\u10d4\u10d1\u10d8\u10d7\u10d8 \u10e1\u10d0\u10e8\u10e3\u10d0\u10da\u10d4\u10d1\u10d4\u10d1\u10d8: \u10d1\u10d8\u10e4\u10da\u10d4\u10e5\u10e1\u10d8 \u10d4\u10e1 \u10d0\u10e0\u10d8\u10e1 \u10e1\u10e3\u10e0\u10e1\u10d0\u10d7\u10d8\u10e1 (\u10e1\u10d0\u10e1\u10e3\u10e0\u10e1\u10d0\u10d7\u10dd) \u10d3\u10d0\u10dc\u10d0\u10db\u10d0\u10e2\u10d8, \u10e0\u10dd\u10db\u10d4\u10da\u10d8\u10ea \u10e8\u10d4\u10d8\u10ea\u10d0\u10d5\u10e1\u00a0 \u10d2\u10da\u10e3\u10d9\u10dd\u10d6\u10d0\u10db\u10d8\u10dc\u10d8\u10e1 \u10e1\u10e3\u10da\u10e4\u10d0\u10e2\u10e1, \u10e5\u10dd\u10dc\u10d3\u10e0\u10dd\u10d8\u10e2\u10d8\u10dc\u10d8\u10e1 \u10e1\u10e3\u10da\u10e4\u10d0\u10e2\u10e1, \u10db\u10d4\u10d7\u10d8\u10da\u10e1\u10e3\u10da\u10e4\u10dd\u10dc\u10d8\u10da\u10db\u10d4\u10d7\u10d0\u10dc\u10e1, \u10f0\u10d8\u10da\u10e3\u10e0\u10dd\u10dc\u10d8\u10e1 \u10db\u10df\u10d0\u10d5\u10d0\u10e1, \u10db\u10d4-2 \u10e2\u10d8\u10de\u10d8\u10e1 \u10d9\u10dd\u10da\u10d0\u10d2\u10d4\u10dc\u10e1, \u10d1\u10dd\u10e1\u10d5\u10d4\u10da\u10d8\u10d0\u10e1 \u10d4\u10e5\u10e2\u10e0\u10d0\u10e5\u10e2\u10e1, \u10e7\u10e3\u10e0\u10eb\u10dc\u10d8\u10e1 \u10ec\u10d8\u10de\u10ec\u10d4\u10d1\u10d8\u10e1 \u10d4\u10e5\u10e1\u10e2\u10e0\u10d0\u10e5\u10e2\u10e1, \u10d7\u10d4\u10d7\u10e0\u10d8 \u10e2\u10d8\u10e0\u10d8\u10e4\u10d8\u10e1 \u10d4\u10e5\u10e1\u10e2\u10e0\u10d0\u10e5\u10e2\u10e1, \u10d1\u10dd\u10e0\u10d8\u10e1 \u10d2\u10da\u10d8\u10ea\u10d8\u10dc\u10d0\u10e2\u10e1, \u10d5\u10d8\u10e2\u10d0\u10db\u10d8\u10dc C-\u10e1, \u10db\u10d0\u10d2\u10dc\u10d8\u10e3\u10db\u10e1, \u10d7\u10e3\u10d7\u10d8\u10d0\u10e1, \u10e1\u10de\u10d8\u10da\u10d4\u10dc\u10eb\u10e1, \u10db\u10d0\u10dc\u10d2\u10d0\u10dc\u10e3\u10db\u10e1, \u10db\u10dd\u10da\u10d8\u10d1\u10d3\u10d4\u10dc\u10e1.<\/p>\n<p><strong>\u10e0\u10d4\u10d9\u10dd\u10db\u10d4\u10dc\u10d3\u10d4\u10d1\u10e3\u10da\u10d8 \u10d3\u10e6\u10d8\u10e3\u10e0\u10d8 \u10d3\u10dd\u10d6\u10d0:<\/strong><\/p>\n<p>1 \u10e2\u10d0\u10d1\u10da\u10d4\u10e2\u10d8 3-\u10ef\u10d4\u10e0 \u10d3\u10e6\u10d4\u10e8\u10d8, \u10d9\u10d5\u10d4\u10d1\u10d8\u10e1 \u10e8\u10d4\u10db\u10d3\u10d4\u10d2 \u10e1\u10d0\u10d9\u10db\u10d0\u10dd \u10e0\u10d0\u10dd\u10d3\u10d4\u10dc\u10dd\u10d1\u10d8\u10e1 \u10ec\u10e7\u10da\u10d8\u10e1 \u10db\u10d8\u10e7\u10dd\u10da\u10d4\u10d1\u10d8\u10d7.<\/p>\n<p><strong>\u10d2\u10d0\u10e4\u10e0\u10d7\u10ee\u10d8\u10da\u10d4\u10d1\u10d0<\/strong><strong> :<\/strong><\/p>\n<p>\u10d0\u10e0 \u10d2\u10d0\u10d3\u10d0\u10d0\u10ed\u10d0\u10e0\u10d1\u10dd\u10d7 \u10e0\u10d4\u10d9\u10dd\u10db\u10d4\u10dc\u10d3\u10d8\u10e0\u10d4\u10d1\u10e3\u10da \u10d3\u10dd\u10d6\u10d0\u10e1<\/p>\n<p>\u10e1\u10e3\u10e0\u10e1\u10d0\u10d7\u10d8\u10e1 (\u10e1\u10d0\u10e1\u10e3\u10e0\u10e1\u10d0\u10d7\u10dd) \u10d3\u10d0\u10dc\u10d0\u10db\u10d0\u10e2\u10e1 \u10e8\u10d4\u10e3\u10eb\u10da\u10d8\u10d0 \u10db\u10ee\u10dd\u10da\u10dd\u10d3 \u10d3\u10d0\u10ee\u10db\u10d0\u10e0\u10d4\u10d1\u10d8\u10e1\u00a0 \u10d2\u10d0\u10ec\u10d4\u10d5\u10d0, \u10d7\u10e3 \u10e1\u10d0\u10d9\u10d5\u10d4\u10d1\u10d8\u10d3\u10d0\u10dc \u10d0\u10e0\u00a0 \u10ee\u10d3\u10d4\u10d1\u10d0 \u10e1\u10d0\u10d9\u10db\u10d0\u10e0\u10d8\u10e1\u10d0\u10d3 \u10db\u10d0\u10d7\u10d8 \u10db\u10d8\u10e6\u10d4\u10d1\u10d0.<\/p>\n<p>\u10e1\u10e3\u10e0\u10e1\u10d0\u10d7\u10d8\u10e1 (\u10e1\u10d0\u10e1\u10e3\u10e0\u10e1\u10d0\u10d7\u10dd) \u10d3\u10d0\u10dc\u10d0\u10db\u10d0\u10e2\u10d8 \u10d0\u10e0 \u10e3\u10dc\u10d3\u10d0 \u10d8\u10e7\u10dd\u10e1 \u10d2\u10d0\u10db\u10dd\u10e7\u10d4\u10dc\u10d4\u10d1\u10e3\u10da\u10d8, \u10e0\u10dd\u10d2\u10dd\u10e0\u10ea \u10e9\u10d0\u10dc\u10d0\u10ea\u10d5\u10da\u10d4\u10d1\u10d0 \u10db\u10d0\u10e0\u10d0\u10d5\u10d0\u10da\u10e4\u10d4\u10e0\u10dd\u10d5\u10d0\u10dc\u10d8 \u10d3\u10d0 \u10d1\u10d0\u10da\u10d0\u10dc\u10e1\u10d8\u10e0\u10d4\u10d1\u10e3\u10da\u10d8 \u10d9\u10d5\u10d4\u10d1\u10d8\u10e1 \u10d3\u10d0 \u10ef\u10d0\u10dc\u10e1\u10d0\u10e6\u10d8 \u10ea\u10ee\u10dd\u10d5\u10e0\u10d4\u10d1\u10d8\u10e1 \u10ec\u10d4\u10e1\u10d8\u10e1.<\/p>\n<p><strong>\u10e8\u10d4\u10dc\u10d0\u10ee\u10d5\u10d8\u10e1<\/strong> <strong>\u10de\u10d8\u10e0\u10dd\u10d1\u10d4\u10d1\u10d8<\/strong><strong> :<\/strong><\/p>\n<p>\u10e8\u10d4\u10d8\u10dc\u10d0\u10ee\u10d4\u10d7 \u10d0\u10e0\u10d0\u10e3\u10db\u10d4\u10e2\u10d4\u10e1\u00a0 25 \u00b0 C- \u10d6\u10d4, \u10d3\u10d0\u10d8\u10ea\u10d0\u10d5\u10d8\u10d7 \u10de\u10d8\u10e0\u10d3\u10d0\u10de\u10d8\u10e0\u10d8\u00a0 \u10db\u10d6\u10d8\u10e1 \u10e1\u10ee\u10d8\u10d5\u10d4\u10d1\u10d8\u10e1\u10d2\u10d0\u10dc.<\/p>\n<p><strong>\u10e8\u10d4\u10d8\u10dc\u10d0\u10ee\u10d4\u10d7<\/strong> <strong>\u10d1\u10d0\u10d5\u10e8\u10d5\u10d4\u10d1\u10d8\u10e1\u10d2\u10d0\u10dc<\/strong> <strong>\u10db\u10d8\u10e3\u10ec\u10d5\u10d3\u10dd\u10db\u10d4\u10da<\/strong> <strong>\u10d0\u10d3\u10d2\u10d8\u10da\u10d0\u10e1<\/strong><strong>.<\/strong><\/p>\n<p><strong>\u10d2\u10d0\u10db\u10dd\u10e8\u10d5\u10d4\u10d1\u10d8\u10e1 \u10e4\u10dd\u10e0\u10db\u10d0 \u10d3\u10d0 \u10e8\u10d4\u10e4\u10e3\u10d7\u10d5\u10d0:<\/strong><\/p>\n<p>N 60\u00a0 \u10e2\u10d0\u10d1\u10da\u10d4\u10e2\u10d8 \u10de\u10dd\u10da\u10d8\u10d4\u10d7\u10d8\u10da\u10d4\u10dc\u10d8\u10e1 \u10d1\u10dd\u10d7\u10da\u10e8\u10d8.<\/p>\n<p><strong>\u10d2\u10d0\u10ea\u10d4\u10db\u10d8\u10e1 \u10ec\u10d4\u10e1\u10d8:<\/strong><\/p>\n<p>\u10d2\u10d0\u10d8\u10ea\u10d4\u10db\u10d0 \u10e0\u10d4\u10ea\u10d4\u10de\u10e2\u10d8\u10e1 \u10d2\u10d0\u10e0\u10d4\u10e8\u10d4<\/p>\n<p><strong>\u10d3\u10d0\u10db\u10d6\u10d0\u10d3\u10d4\u10d1\u10e3\u10da\u10d8\u10d0<\/strong> \u10e8\u10de\u10e1 \u10d2\u10da\u10dd\u10d1\u10d0\u10da \u10ea\u10d1\u10e1 -\u10d7\u10d5\u10d8\u10e1 Honor \u0130la\u00e7 Sanayi ve Tic. Ltd. \u015eti \u10db\u10d8\u10d4\u10e0.<\/p>\n<p>&nbsp;<\/p>","protected":false},"excerpt":{"rendered":"<ul>\n<li class=\"manufacturer\">Pharmacy purchasing terms:\u00a0Issued without a prescription.<\/li>\n<li class=\"manufacturer\">Production form:\u00a0Tablet<\/li>\n<li class=\"manufacturer\">Package:\u00a0\u2116 60<\/li>\n<li class=\"manufacturer\">User group:\u00a0Male , Female<\/li>\n<li class=\"manufacturer\">EAN\/UPC Bar Code:\u00a00725765293787<\/li>\n<\/ul>","protected":false},"featured_media":568,"comment_status":"open","ping_status":"closed","template":"","meta":{"_acf_changed":false},"product_cat":[59],"product_tag":[],"class_list":{"0":"post-567","1":"product","2":"type-product","3":"status-publish","4":"has-post-thumbnail","6":"product_cat-bone-and-joint-health","7":"entry","9":"first","10":"outofstock","11":"shipping-taxable","12":"purchasable","13":"product-type-simple"},"acf":[],"yoast_head":"<!-- This site is optimized with the Yoast SEO plugin v24.2 - https:\/\/yoast.com\/wordpress\/plugins\/seo\/ -->\n<title>BIFLEX, TAB N 60 - CBS Global<\/title>\n<meta name=\"robots\" content=\"index, follow, max-snippet:-1, max-image-preview:large, max-video-preview:-1\" \/>\n<link rel=\"canonical\" href=\"https:\/\/shop.cbs.ge\/en\/product\/biflex-tab-n-60\/\" \/>\n<meta property=\"og:locale\" content=\"en_US\" \/>\n<meta property=\"og:type\" content=\"article\" \/>\n<meta property=\"og:title\" content=\"BIFLEX, TAB N 60 - CBS Global\" \/>\n<meta property=\"og:description\" content=\"Pharmacy purchasing terms:\u00a0Issued without a prescription.  Production form:\u00a0Tablet  Package:\u00a0\u2116 60  User group:\u00a0Male , Female  EAN\/UPC Bar Code:\u00a00725765293787\" \/>\n<meta property=\"og:url\" content=\"https:\/\/shop.cbs.ge\/en\/product\/biflex-tab-n-60\/\" \/>\n<meta property=\"og:site_name\" content=\"CBS Global\" \/>\n<meta property=\"article:modified_time\" content=\"2024-11-29T14:36:47+00:00\" \/>\n<meta property=\"og:image\" content=\"http:\/\/shop.cbs.ge\/wp-content\/uploads\/2023\/11\/BIFLEX.jpg\" \/>\n\t<meta property=\"og:image:width\" content=\"1024\" \/>\n\t<meta property=\"og:image:height\" content=\"1024\" \/>\n\t<meta property=\"og:image:type\" content=\"image\/jpeg\" \/>\n<meta name=\"twitter:card\" content=\"summary_large_image\" \/>\n<meta name=\"twitter:label1\" content=\"Est. reading time\" \/>\n\t<meta name=\"twitter:data1\" content=\"2 minutes\" \/>\n<script type=\"application\/ld+json\" class=\"yoast-schema-graph\">{\"@context\":\"https:\/\/schema.org\",\"@graph\":[{\"@type\":\"WebPage\",\"@id\":\"https:\/\/shop.cbs.ge\/product\/biflex-tab-n-60\/\",\"url\":\"https:\/\/shop.cbs.ge\/product\/biflex-tab-n-60\/\",\"name\":\"BIFLEX, TAB N 60 - CBS Global\",\"isPartOf\":{\"@id\":\"https:\/\/shop.cbs.ge\/#website\"},\"primaryImageOfPage\":{\"@id\":\"https:\/\/shop.cbs.ge\/product\/biflex-tab-n-60\/#primaryimage\"},\"image\":{\"@id\":\"https:\/\/shop.cbs.ge\/product\/biflex-tab-n-60\/#primaryimage\"},\"thumbnailUrl\":\"https:\/\/shop.cbs.ge\/wp-content\/uploads\/2023\/11\/BIFLEX.jpg\",\"datePublished\":\"2023-11-25T11:53:26+00:00\",\"dateModified\":\"2024-11-29T14:36:47+00:00\",\"breadcrumb\":{\"@id\":\"https:\/\/shop.cbs.ge\/product\/biflex-tab-n-60\/#breadcrumb\"},\"inLanguage\":\"en-US\",\"potentialAction\":[{\"@type\":\"ReadAction\",\"target\":[\"https:\/\/shop.cbs.ge\/product\/biflex-tab-n-60\/\"]}]},{\"@type\":\"ImageObject\",\"inLanguage\":\"en-US\",\"@id\":\"https:\/\/shop.cbs.ge\/product\/biflex-tab-n-60\/#primaryimage\",\"url\":\"https:\/\/shop.cbs.ge\/wp-content\/uploads\/2023\/11\/BIFLEX.jpg\",\"contentUrl\":\"https:\/\/shop.cbs.ge\/wp-content\/uploads\/2023\/11\/BIFLEX.jpg\",\"width\":1024,\"height\":1024},{\"@type\":\"BreadcrumbList\",\"@id\":\"https:\/\/shop.cbs.ge\/product\/biflex-tab-n-60\/#breadcrumb\",\"itemListElement\":[{\"@type\":\"ListItem\",\"position\":1,\"name\":\"Home\",\"item\":\"https:\/\/shop.cbs.ge\/\"},{\"@type\":\"ListItem\",\"position\":2,\"name\":\"\u10db\u10d0\u10e6\u10d0\u10d6\u10d8\u10d0\",\"item\":\"https:\/\/shop.cbs.ge\/shop\/\"},{\"@type\":\"ListItem\",\"position\":3,\"name\":\"BIFLEX, TAB N 60\"}]},{\"@type\":\"WebSite\",\"@id\":\"https:\/\/shop.cbs.ge\/#website\",\"url\":\"https:\/\/shop.cbs.ge\/\",\"name\":\"CBS Global\",\"description\":\"Welcome to CBS Global\",\"publisher\":{\"@id\":\"https:\/\/shop.cbs.ge\/#organization\"},\"potentialAction\":[{\"@type\":\"SearchAction\",\"target\":{\"@type\":\"EntryPoint\",\"urlTemplate\":\"https:\/\/shop.cbs.ge\/?s={search_term_string}\"},\"query-input\":{\"@type\":\"PropertyValueSpecification\",\"valueRequired\":true,\"valueName\":\"search_term_string\"}}],\"inLanguage\":\"en-US\"},{\"@type\":\"Organization\",\"@id\":\"https:\/\/shop.cbs.ge\/#organization\",\"name\":\"CBS Global\",\"url\":\"https:\/\/shop.cbs.ge\/\",\"logo\":{\"@type\":\"ImageObject\",\"inLanguage\":\"en-US\",\"@id\":\"https:\/\/shop.cbs.ge\/#\/schema\/logo\/image\/\",\"url\":\"https:\/\/shop.cbs.ge\/wp-content\/uploads\/2023\/06\/cbs_logo.png\",\"contentUrl\":\"https:\/\/shop.cbs.ge\/wp-content\/uploads\/2023\/06\/cbs_logo.png\",\"width\":313,\"height\":501,\"caption\":\"CBS Global\"},\"image\":{\"@id\":\"https:\/\/shop.cbs.ge\/#\/schema\/logo\/image\/\"}}]}<\/script>\n<!-- \/ Yoast SEO plugin. -->","yoast_head_json":{"title":"BIFLEX, TAB N 60 - CBS Global","robots":{"index":"index","follow":"follow","max-snippet":"max-snippet:-1","max-image-preview":"max-image-preview:large","max-video-preview":"max-video-preview:-1"},"canonical":"https:\/\/shop.cbs.ge\/en\/product\/biflex-tab-n-60\/","og_locale":"en_US","og_type":"article","og_title":"BIFLEX, TAB N 60 - CBS Global","og_description":"Pharmacy purchasing terms:\u00a0Issued without a prescription.  Production form:\u00a0Tablet  Package:\u00a0\u2116 60  User group:\u00a0Male , Female  EAN\/UPC Bar Code:\u00a00725765293787","og_url":"https:\/\/shop.cbs.ge\/en\/product\/biflex-tab-n-60\/","og_site_name":"CBS Global","article_modified_time":"2024-11-29T14:36:47+00:00","og_image":[{"width":1024,"height":1024,"url":"http:\/\/shop.cbs.ge\/wp-content\/uploads\/2023\/11\/BIFLEX.jpg","type":"image\/jpeg"}],"twitter_card":"summary_large_image","twitter_misc":{"Est. reading time":"2 minutes"},"schema":{"@context":"https:\/\/schema.org","@graph":[{"@type":"WebPage","@id":"https:\/\/shop.cbs.ge\/product\/biflex-tab-n-60\/","url":"https:\/\/shop.cbs.ge\/product\/biflex-tab-n-60\/","name":"BIFLEX, TAB N 60 - CBS Global","isPartOf":{"@id":"https:\/\/shop.cbs.ge\/#website"},"primaryImageOfPage":{"@id":"https:\/\/shop.cbs.ge\/product\/biflex-tab-n-60\/#primaryimage"},"image":{"@id":"https:\/\/shop.cbs.ge\/product\/biflex-tab-n-60\/#primaryimage"},"thumbnailUrl":"https:\/\/shop.cbs.ge\/wp-content\/uploads\/2023\/11\/BIFLEX.jpg","datePublished":"2023-11-25T11:53:26+00:00","dateModified":"2024-11-29T14:36:47+00:00","breadcrumb":{"@id":"https:\/\/shop.cbs.ge\/product\/biflex-tab-n-60\/#breadcrumb"},"inLanguage":"en-US","potentialAction":[{"@type":"ReadAction","target":["https:\/\/shop.cbs.ge\/product\/biflex-tab-n-60\/"]}]},{"@type":"ImageObject","inLanguage":"en-US","@id":"https:\/\/shop.cbs.ge\/product\/biflex-tab-n-60\/#primaryimage","url":"https:\/\/shop.cbs.ge\/wp-content\/uploads\/2023\/11\/BIFLEX.jpg","contentUrl":"https:\/\/shop.cbs.ge\/wp-content\/uploads\/2023\/11\/BIFLEX.jpg","width":1024,"height":1024},{"@type":"BreadcrumbList","@id":"https:\/\/shop.cbs.ge\/product\/biflex-tab-n-60\/#breadcrumb","itemListElement":[{"@type":"ListItem","position":1,"name":"Home","item":"https:\/\/shop.cbs.ge\/"},{"@type":"ListItem","position":2,"name":"\u10db\u10d0\u10e6\u10d0\u10d6\u10d8\u10d0","item":"https:\/\/shop.cbs.ge\/shop\/"},{"@type":"ListItem","position":3,"name":"BIFLEX, TAB N 60"}]},{"@type":"WebSite","@id":"https:\/\/shop.cbs.ge\/#website","url":"https:\/\/shop.cbs.ge\/","name":"CBS Global","description":"Welcome to CBS Global","publisher":{"@id":"https:\/\/shop.cbs.ge\/#organization"},"potentialAction":[{"@type":"SearchAction","target":{"@type":"EntryPoint","urlTemplate":"https:\/\/shop.cbs.ge\/?s={search_term_string}"},"query-input":{"@type":"PropertyValueSpecification","valueRequired":true,"valueName":"search_term_string"}}],"inLanguage":"en-US"},{"@type":"Organization","@id":"https:\/\/shop.cbs.ge\/#organization","name":"CBS Global","url":"https:\/\/shop.cbs.ge\/","logo":{"@type":"ImageObject","inLanguage":"en-US","@id":"https:\/\/shop.cbs.ge\/#\/schema\/logo\/image\/","url":"https:\/\/shop.cbs.ge\/wp-content\/uploads\/2023\/06\/cbs_logo.png","contentUrl":"https:\/\/shop.cbs.ge\/wp-content\/uploads\/2023\/06\/cbs_logo.png","width":313,"height":501,"caption":"CBS Global"},"image":{"@id":"https:\/\/shop.cbs.ge\/#\/schema\/logo\/image\/"}}]}},"_links":{"self":[{"href":"https:\/\/shop.cbs.ge\/en\/wp-json\/wp\/v2\/product\/567","targetHints":{"allow":["GET"]}}],"collection":[{"href":"https:\/\/shop.cbs.ge\/en\/wp-json\/wp\/v2\/product"}],"about":[{"href":"https:\/\/shop.cbs.ge\/en\/wp-json\/wp\/v2\/types\/product"}],"replies":[{"embeddable":true,"href":"https:\/\/shop.cbs.ge\/en\/wp-json\/wp\/v2\/comments?post=567"}],"wp:featuredmedia":[{"embeddable":true,"href":"https:\/\/shop.cbs.ge\/en\/wp-json\/wp\/v2\/media\/568"}],"wp:attachment":[{"href":"https:\/\/shop.cbs.ge\/en\/wp-json\/wp\/v2\/media?parent=567"}],"wp:term":[{"taxonomy":"product_cat","embeddable":true,"href":"https:\/\/shop.cbs.ge\/en\/wp-json\/wp\/v2\/product_cat?post=567"},{"taxonomy":"product_tag","embeddable":true,"href":"https:\/\/shop.cbs.ge\/en\/wp-json\/wp\/v2\/product_tag?post=567"}],"curies":[{"name":"wp","href":"https:\/\/api.w.org\/{rel}","templated":true}]}}