{"id":147,"date":"2023-06-27T11:53:16","date_gmt":"2023-06-27T11:53:16","guid":{"rendered":"https:\/\/demo.sufiwebsoft.com\/cbsglobal\/?post_type=product&#038;p=147"},"modified":"2025-03-11T06:33:34","modified_gmt":"2025-03-11T06:33:34","slug":"feramed","status":"publish","type":"product","link":"https:\/\/shop.cbs.ge\/en\/product\/feramed\/","title":{"rendered":"FERAMED CAPS N 30"},"content":{"rendered":"<div><b>\u10e4\u10d4\u10e0\u10d0\u10db\u10d4\u10d3\u10d8<\/b><\/div>\n<div><b>\u10d0\u10ee\u10d0\u10da\u10d8 \u10d7\u10d0\u10dd\u10d1\u10d8\u10e1 \u10e0\u10d9\u10d8\u10dc\u10d0<\/b><\/div>\n<div><b>N 30 \u10d9\u10d0\u10e4\u10e1\u10e3\u10da\u10d0<\/b><\/div>\n<div>\u10e4\u10d4\u10e0\u10d0\u10db\u10d4\u10d3\u10d8\u00a0 \u10d0\u10e0\u10d8\u10e1 \u10d1\u10d8\u10dd\u10da\u10dd\u10d2\u10d8\u10e3\u10e0\u10d0\u10d3 \u10d0\u10e5\u10e2\u10d8\u10e3\u10e0\u10d8 \u10d3\u10d0\u10dc\u10d0\u10db\u10d0\u10e2\u10d8, \u10e0\u10dd\u10db\u10d4\u10da\u10e8\u10d8\u10ea \u10e0\u10d9\u10d8\u10dc\u10d0 \u10ec\u10d0\u10e0\u10db\u10dd\u10d3\u10d2\u10d4\u10dc\u10d8\u10da\u10d8\u10d0 \u10ee\u10d4\u10da\u10d0\u10e2\u10e3\u10e0\u10d8 \u10d9\u10dd\u10db\u10de\u10da\u10d4\u10e5\u10e1\u10d8\u10e1\u00a0 (\u10e0\u10d9\u10d8\u10dc\u10d8\u10e1 \u10d1\u10d8\u10e1\u10d2\u10da\u10d8\u10ea\u10d8\u10dc\u10d0\u10e2\u10d8) \u10e1\u10d0\u10ee\u10d8\u10d7,<\/div>\n<div>\u10e0\u10dd\u10db\u10d4\u10da\u10d8\u10ea \u10d2\u10d0\u10db\u10dd\u10d8\u10e0\u10e9\u10d4\u10d5\u10d0 \u10e3\u10d0\u10e6\u10e0\u10d4\u10e1\u10d0\u10d3 \u10db\u10d0\u10e6\u10d0\u10da\u10d8 \u10d1\u10d8\u10dd\u10e8\u10d4\u10e6\u10ec\u10d4\u10d5\u10d0\u10d3\u10dd\u10d1\u10d8\u10d7 \u10d3\u10d0 \u10d9\u10d0\u10e0\u10d2\u10d8 \u10d0\u10db\u10e2\u10d0\u10dc\u10dd\u10d1\u10d8\u10d7.<\/div>\n<div><b>1 \u10d9\u10d0\u10e4\u10e1\u10e3\u10da\u10d0 \u10e8\u10d4\u10d8\u10ea\u10d0\u10d5\u10e1:<\/b><\/div>\n<div>\u10e0\u10d9\u10d8\u10dc\u10d8\u10e1 \u10d1\u10d8\u10e1\u10d2\u10da\u10d8\u10ea\u10d8\u10dc\u10d0\u10e2\u10d8 150 \u10db\u10d2<\/div>\n<div>(\u10d4\u10da\u10d4\u10db\u10d4\u10dc\u10e2\u10d0\u10e0\u10e3\u10da\u10d8 \u10e0\u10d9\u10d8\u10dc\u10d0 34 \u10db\u10d2)<\/div>\n<div><b>\u10e4\u10d4\u10e0\u10d0\u10db\u10d4\u10d3\u10d8\u10e1\u00a0 \u10db\u10d0\u10ee\u10d0\u10e1\u10d8\u10d0\u10d7\u10d4\u10d1\u10da\u10d4\u10d1\u10d8:<\/b><\/div>\n<div>\u2022 \u10db\u10d0\u10e6\u10d0\u10da\u10d8 \u10d1\u10d8\u10dd\u10e8\u10d4\u10e6\u10ec\u10d4\u10d5\u10d0\u10d3\u10dd\u10d1\u10d0;<\/div>\n<div>\u2022 \u10e3\u10e1\u10d0\u10e4\u10e0\u10d7\u10ee\u10dd\u10d4\u10d1\u10d0;<\/div>\n<div>\u2022 \u10d9\u10d0\u10e0\u10d2\u10d8 \u10d0\u10db\u10e2\u10d0\u10dc\u10dd\u10d1\u10d0 \u10d3\u10d0 \u10d2\u10d5\u10d4\u10e0\u10d3\u10d8\u10d7\u10d8 \u10db\u10dd\u10d5\u10da\u10d4\u10dc\u10d4\u10d1\u10d8\u10e1 \u10e1\u10d8\u10db\u10ea\u10d8\u10e0\u10d4;<\/div>\n<div><b>\u10e0\u10d4\u10d9\u10dd\u10db\u10d4\u10dc\u10d3\u10d4\u10d1\u10e3\u10da\u10d8\u10d0:<\/b><\/div>\n<div>\u2022 \u10e0\u10d9\u10d8\u10dc\u10d0\u10d6\u10d4 \u10d2\u10d0\u10d6\u10e0\u10d3\u10d8\u10da\u10d8 \u10db\u10dd\u10d7\u10ee\u10dd\u10d5\u10dc\u10d8\u10da\u10d4\u10d1\u10d8\u10e1 \u10de\u10d4\u10e0\u10d8\u10dd\u10d3\u10e8\u10d8: \u10dd\u10e0\u10e1\u10e3\u10da\u10dd\u10d1\u10d0 \u10d3\u10d0 \u10da\u10d0\u10e5\u10e2\u10d0\u10ea\u10d8\u10d0;<\/div>\n<div>\u2022 \u10ed\u10d0\u10e0\u10d1\u10d8 \u10db\u10d4\u10dc\u10e1\u10e2\u10e0\u10e3\u10d0\u10da\u10e3\u10e0\u10d8 \u10e1\u10d8\u10e1\u10ee\u10da\u10d3\u10d4\u10dc\u10d8\u10e1 \u10d3\u10e0\u10dd\u10e1;<\/div>\n<div>\u2022 \u10d8\u10dc\u10e2\u10d4\u10dc\u10e1\u10d8\u10e3\u10e0\u10d8 \u10e4\u10d8\u10d6\u10d8\u10d9\u10e3\u10e0\u10d8 \u10d3\u10d0\u10e2\u10d5\u10d8\u10e0\u10d7\u10d5\u10d8\u10e1 \u10d3\u10e0\u10dd\u10e1;<\/div>\n<div>\u2022 \u10d1\u10d0\u10d5\u10e8\u10d5\u10d4\u10d1\u10e1\u10d0 \u10d3\u10d0 \u10db\u10dd\u10d6\u10d0\u10e0\u10d3\u10d4\u10d1\u10e8\u10d8 \u10d8\u10dc\u10e2\u10d4\u10dc\u10e1\u10d8\u10e3\u10e0\u10d8 \u10d6\u10e0\u10d3\u10d8\u10e1 \u10de\u10d4\u10e0\u10d8\u10dd\u10d3\u10e8\u10d8;<\/div>\n<div>\u2022 \u10e0\u10d9\u10d8\u10dc\u10d8\u10e1 \u10e8\u10d4\u10ec\u10dd\u10d5\u10d8\u10e1 \u10d3\u10d0\u10e0\u10e6\u10d5\u10d4\u10d5\u10d0;<\/div>\n<div>\u2022 \u10e0\u10d9\u10d8\u10dc\u10d0\u10d3\u10d4\u10e4\u10d8\u10ea\u10d8\u10e2\u10e3\u10e0\u10d8 \u10d0\u10dc\u10d4\u10db\u10d8\u10d0;<\/div>\n<div>\u2022 \u10e0\u10d9\u10d8\u10dc\u10d8\u10e1 \u10d3\u10d4\u10e4\u10d8\u10ea\u10d8\u10e2\u10d8, \u10e0\u10dd\u10db\u10d4\u10da\u10d8\u10ea \u10d2\u10d0\u10db\u10dd\u10ec\u10d5\u10d4\u10e3\u10da\u10d8\u10d0 \u10db\u10d0\u10d3\u10d8\u10e1 \u10d3\u10d0\u10e5\u10d5\u10d4\u10d8\u10d7\u10d4\u10d1\u10d8\u10d7, \u10d0\u10e0\u10d0\u10d1\u10d0\u10da\u10d0\u10dc\u10e1\u10d8\u10e0\u10d4\u10d1\u10e3\u10da\u10d8 \u10d9\u10d5\u10d4\u10d1\u10d8\u10d7;<\/div>\n<div>\u2022 \u10e0\u10d9\u10d8\u10dc\u10d8\u10e1 \u10d3\u10d4\u10e4\u10d8\u10ea\u10d8\u10e2\u10d8 \u10e5\u10d8\u10db\u10d8\u10dd\u10d7\u10d4\u10e0\u10d0\u10de\u10d8\u10d8\u10e1\u10d0 \u10d3\u10d0 \u10de\u10d4\u10e0\u10d8\u10dd\u10de\u10d4\u10e0\u10d0\u10ea\u10d8\u10e3\u10da \u10de\u10d4\u10e0\u10d8\u10dd\u10d3\u10e8\u10d8;<\/div>\n<div><b>\u10e0\u10d4\u10d9\u10dd\u10db\u10d4\u10dc\u10d3\u10d0\u10ea\u10d8\u10d0 \u10d2\u10d0\u10db\u10dd\u10e7\u10d4\u10dc\u10d4\u10d1\u10d8\u10e1\u10d7\u10d5\u10d8\u10e1:<\/b>\u00a01 \u10d9\u10d0\u10e4\u10e1\u10e3\u10da\u10d0 \u10d3\u10e6\u10d4\u10e8\u10d8 \u10d4\u10e0\u10d7\u10ee\u10d4\u10da \u10e1\u10d0\u10d9\u10d5\u10d4\u10d1\u10d8\u10e1 \u10db\u10d8\u10e6\u10d4\u10d1\u10d8\u10e1 \u10e8\u10d4\u10db\u10d3\u10d4\u10d2\u00a0 \u10ec\u10e7\u10da\u10d8\u10e1 \u10db\u10d8\u10e7\u10dd\u10da\u10d4\u10d1\u10d8\u10d7.<\/div>\n<div><b>\u10d0\u10e0 \u10d2\u10d0\u10d3\u10d0\u10d0\u10ed\u10d0\u10e0\u10d1\u10dd\u10d7 \u10e0\u10d4\u10d9\u10dd\u10db\u10d4\u10dc\u10d3\u10d4\u10d1\u10e3\u10da \u10d3\u10e6\u10d8\u10e3\u10e0 \u10d3\u10dd\u10d6\u10d0\u10e1. \u10e1\u10d0\u10d9\u10d5\u10d4\u10d1\u10d8 \u10d3\u10d0\u10dc\u10d0\u10db\u10d0\u10e2\u10d8 \u10d0\u10e0 \u10e3\u10dc\u10d3\u10d0 \u10d8\u10e5\u10dc\u10d0\u10e1 \u10d2\u10d0\u10db\u10dd\u10e7\u10d4\u10dc\u10d4\u10d1\u10e3\u10da\u10d8 \u10db\u10e0\u10d0\u10d5\u10d0\u10da\u10e4\u10d4\u10e0\u10dd\u10d5\u10d0\u10dc\u10d8 \u10d3\u10d0 \u10d3\u10d0\u10d1\u10d0\u10da\u10d0\u10dc\u10e1\u10d4\u10d1\u10e3\u10da\u10d8 \u10d3\u10d8\u10d4\u10e2\u10d8\u10e1 \u10e9\u10d0\u10e1\u10d0\u10dc\u10d0\u10ea\u10d5\u10da\u10d4\u10d1\u10da\u10d0\u10d3. \u10e0\u10d4\u10d9\u10dd\u10db\u10d4\u10dc\u10d3\u10d4\u10d1\u10e3\u10da\u10d8\u10d0 \u10db\u10e0\u10d0\u10d5\u10d0\u10da\u10e4\u10d4\u10e0\u10dd\u10d5\u10d0\u10dc\u10d8 \u10d3\u10d0 \u10d3\u10d0\u10d1\u10d0\u10da\u10d0\u10dc\u10e1\u10d4\u10d1\u10e3\u10da\u10d8 \u10d9\u10d5\u10d4\u10d1\u10d0 \u10d3\u10d0 \u10ef\u10d0\u10dc\u10e1\u10d0\u10e6\u10d8 \u10ea\u10ee\u10dd\u10d5\u10e0\u10d4\u10d1\u10d8\u10e1 \u10ec\u10d4\u10e1\u10d8.<\/b><\/div>\n<div><b>\u10e8\u10d4\u10dc\u10d0\u10ee\u10d5\u10d8\u10e1 \u10de\u10e0\u10dd\u10d1\u10d4\u10d1\u10d8:<\/b><\/div>\n<div>\u10e8\u10d4\u10d8\u10dc\u10d0\u10ee\u10d4\u10d7 \u10d1\u10d0\u10d5\u10e8\u10d5\u10d4\u10d1\u10d8\u10e1\u10d0\u10d2\u10d0\u10dc \u10db\u10d8\u10e3\u10ec\u10d5\u10d3\u10dd\u10db\u10d4\u10da \u10d0\u10d3\u10d2\u10d8\u10da\u10d0\u10e1. \u10d8\u10dc\u10d0\u10ee\u10d4\u10d1\u10d0 25oC &#8211; \u10d6\u10d4 \u10d3\u10d0\u10d1\u10d0\u10da \u10e2\u10d4\u10db\u10de\u10d4\u10e0\u10d0\u10e2\u10e3\u10e0\u10d0\u10d6\u10d4, \u10db\u10e8\u10e0\u10d0\u10da, \u10db\u10d6\u10d8\u10e1 \u10e1\u10ee\u10d8\u10d5\u10d4\u10d1\u10d8\u10e1\u10d0\u10d2\u10d0\u10dc \u10d3\u10d0\u10ea\u10e3\u10da \u10d0\u10d3\u10d2\u10d8\u10da\u10d0\u10e1.<\/div>\n<div><b>\u10e4\u10dd\u10e0\u10db\u10d0 \u10d3\u10d0 \u10e8\u10d4\u10e4\u10e3\u10d7\u10d5\u10d0:<\/b>\u00a01X10X3\u00a0 \u10d9\u10d0\u10e4\u10e1\u10e3\u10da\u10d0 \u10d1\u10da\u10d8\u10e1\u10e2\u10d4\u10e0\u10e3\u10da \u10e8\u10d4\u10e4\u10e3\u10d7\u10d5\u10d0\u10e8\u10d8.<\/div>\n<div><b>\u10d2\u10d0\u10ea\u10d4\u10db\u10d8\u10e1 \u10ec\u10d4\u10e1\u10d8:<\/b>\u00a0\u10d2\u10d0\u10d8\u10ea\u10d4\u10db\u10d0 \u10e0\u10d4\u10ea\u10d4\u10de\u10e2\u10d8\u10e1 \u10d2\u10d0\u10e0\u10d4\u10e8\u10d4<\/div>\n<div><b>\u10d3\u10d0\u10db\u10d6\u10d0\u10d3\u10d4\u10d1\u10e3\u10da\u10d8\u10d0:<\/b>\u00a0\u10e8\u10de\u10e1 \u10d2\u10da\u10dd\u10d1\u10d0\u10da \u10ea\u10d1\u10e1 -\u10d7\u10d5\u10d8\u10e1 \u10f0\u10dd\u10dc\u10dd\u10e0 \u10d8\u10da\u10d0\u10e9, \u10d7\u10e3\u10e0\u10e5\u10d4\u10d7\u10d8 (Honor \u0130la\u00e7 Sanayi ve Tic. Ltd. \u015eti) \u10db\u10d8\u10d4\u10e0.<\/div>","protected":false},"excerpt":{"rendered":"<ul>\n<li class=\"manufacturer\">Pharmacy purchasing terms:\u00a0Issued without a prescription.<\/li>\n<li class=\"manufacturer\">Production form:\u00a0Capsule<\/li>\n<li class=\"manufacturer\">Package:\u00a0\u2116 30<\/li>\n<li class=\"manufacturer\">User group:\u00a0Male , Female , Child<\/li>\n<li class=\"manufacturer\">EAN\/UPC Bar Code:\u00a00725765675637<\/li>\n<\/ul>","protected":false},"featured_media":569,"comment_status":"open","ping_status":"closed","template":"","meta":{"_acf_changed":false},"product_cat":[50],"product_tag":[],"class_list":{"0":"post-147","1":"product","2":"type-product","3":"status-publish","4":"has-post-thumbnail","6":"product_cat-general-wellness","7":"entry","9":"first","10":"instock","11":"shipping-taxable","12":"purchasable","13":"product-type-simple"},"acf":[],"yoast_head":"<!-- This site is optimized with the Yoast SEO plugin v24.2 - https:\/\/yoast.com\/wordpress\/plugins\/seo\/ -->\n<title>FERAMED CAPS N 30 - CBS Global<\/title>\n<meta name=\"robots\" content=\"index, follow, max-snippet:-1, max-image-preview:large, max-video-preview:-1\" \/>\n<link rel=\"canonical\" href=\"https:\/\/shop.cbs.ge\/en\/product\/feramed\/\" \/>\n<meta property=\"og:locale\" content=\"en_US\" \/>\n<meta property=\"og:type\" content=\"article\" \/>\n<meta property=\"og:title\" content=\"FERAMED CAPS N 30 - CBS Global\" \/>\n<meta property=\"og:description\" content=\"Pharmacy purchasing terms:\u00a0Issued without a prescription.  Production form:\u00a0Capsule  Package:\u00a0\u2116 30  User group:\u00a0Male , Female , Child  EAN\/UPC Bar Code:\u00a00725765675637\" \/>\n<meta property=\"og:url\" content=\"https:\/\/shop.cbs.ge\/en\/product\/feramed\/\" \/>\n<meta property=\"og:site_name\" content=\"CBS Global\" \/>\n<meta property=\"article:modified_time\" content=\"2025-03-11T06:33:34+00:00\" \/>\n<meta property=\"og:image\" content=\"http:\/\/shop.cbs.ge\/wp-content\/uploads\/2023\/06\/FERAMED.jpg\" \/>\n\t<meta property=\"og:image:width\" content=\"1024\" \/>\n\t<meta property=\"og:image:height\" content=\"1024\" \/>\n\t<meta property=\"og:image:type\" content=\"image\/jpeg\" \/>\n<meta name=\"twitter:card\" content=\"summary_large_image\" \/>\n<meta name=\"twitter:label1\" content=\"Est. reading time\" \/>\n\t<meta name=\"twitter:data1\" content=\"1 minute\" \/>\n<script type=\"application\/ld+json\" class=\"yoast-schema-graph\">{\"@context\":\"https:\/\/schema.org\",\"@graph\":[{\"@type\":\"WebPage\",\"@id\":\"https:\/\/shop.cbs.ge\/product\/feramed\/\",\"url\":\"https:\/\/shop.cbs.ge\/product\/feramed\/\",\"name\":\"FERAMED CAPS N 30 - CBS Global\",\"isPartOf\":{\"@id\":\"https:\/\/shop.cbs.ge\/#website\"},\"primaryImageOfPage\":{\"@id\":\"https:\/\/shop.cbs.ge\/product\/feramed\/#primaryimage\"},\"image\":{\"@id\":\"https:\/\/shop.cbs.ge\/product\/feramed\/#primaryimage\"},\"thumbnailUrl\":\"https:\/\/shop.cbs.ge\/wp-content\/uploads\/2023\/06\/FERAMED.jpg\",\"datePublished\":\"2023-06-27T11:53:16+00:00\",\"dateModified\":\"2025-03-11T06:33:34+00:00\",\"breadcrumb\":{\"@id\":\"https:\/\/shop.cbs.ge\/product\/feramed\/#breadcrumb\"},\"inLanguage\":\"en-US\",\"potentialAction\":[{\"@type\":\"ReadAction\",\"target\":[\"https:\/\/shop.cbs.ge\/product\/feramed\/\"]}]},{\"@type\":\"ImageObject\",\"inLanguage\":\"en-US\",\"@id\":\"https:\/\/shop.cbs.ge\/product\/feramed\/#primaryimage\",\"url\":\"https:\/\/shop.cbs.ge\/wp-content\/uploads\/2023\/06\/FERAMED.jpg\",\"contentUrl\":\"https:\/\/shop.cbs.ge\/wp-content\/uploads\/2023\/06\/FERAMED.jpg\",\"width\":1024,\"height\":1024},{\"@type\":\"BreadcrumbList\",\"@id\":\"https:\/\/shop.cbs.ge\/product\/feramed\/#breadcrumb\",\"itemListElement\":[{\"@type\":\"ListItem\",\"position\":1,\"name\":\"Home\",\"item\":\"https:\/\/shop.cbs.ge\/\"},{\"@type\":\"ListItem\",\"position\":2,\"name\":\"\u10db\u10d0\u10e6\u10d0\u10d6\u10d8\u10d0\",\"item\":\"https:\/\/shop.cbs.ge\/shop\/\"},{\"@type\":\"ListItem\",\"position\":3,\"name\":\"FERAMED CAPS N 30\"}]},{\"@type\":\"WebSite\",\"@id\":\"https:\/\/shop.cbs.ge\/#website\",\"url\":\"https:\/\/shop.cbs.ge\/\",\"name\":\"CBS Global\",\"description\":\"Welcome to CBS Global\",\"publisher\":{\"@id\":\"https:\/\/shop.cbs.ge\/#organization\"},\"potentialAction\":[{\"@type\":\"SearchAction\",\"target\":{\"@type\":\"EntryPoint\",\"urlTemplate\":\"https:\/\/shop.cbs.ge\/?s={search_term_string}\"},\"query-input\":{\"@type\":\"PropertyValueSpecification\",\"valueRequired\":true,\"valueName\":\"search_term_string\"}}],\"inLanguage\":\"en-US\"},{\"@type\":\"Organization\",\"@id\":\"https:\/\/shop.cbs.ge\/#organization\",\"name\":\"CBS Global\",\"url\":\"https:\/\/shop.cbs.ge\/\",\"logo\":{\"@type\":\"ImageObject\",\"inLanguage\":\"en-US\",\"@id\":\"https:\/\/shop.cbs.ge\/#\/schema\/logo\/image\/\",\"url\":\"https:\/\/shop.cbs.ge\/wp-content\/uploads\/2023\/06\/cbs_logo.png\",\"contentUrl\":\"https:\/\/shop.cbs.ge\/wp-content\/uploads\/2023\/06\/cbs_logo.png\",\"width\":313,\"height\":501,\"caption\":\"CBS Global\"},\"image\":{\"@id\":\"https:\/\/shop.cbs.ge\/#\/schema\/logo\/image\/\"}}]}<\/script>\n<!-- \/ Yoast SEO plugin. -->","yoast_head_json":{"title":"FERAMED CAPS N 30 - CBS Global","robots":{"index":"index","follow":"follow","max-snippet":"max-snippet:-1","max-image-preview":"max-image-preview:large","max-video-preview":"max-video-preview:-1"},"canonical":"https:\/\/shop.cbs.ge\/en\/product\/feramed\/","og_locale":"en_US","og_type":"article","og_title":"FERAMED CAPS N 30 - CBS Global","og_description":"Pharmacy purchasing terms:\u00a0Issued without a prescription.  Production form:\u00a0Capsule  Package:\u00a0\u2116 30  User group:\u00a0Male , Female , Child  EAN\/UPC Bar Code:\u00a00725765675637","og_url":"https:\/\/shop.cbs.ge\/en\/product\/feramed\/","og_site_name":"CBS Global","article_modified_time":"2025-03-11T06:33:34+00:00","og_image":[{"width":1024,"height":1024,"url":"http:\/\/shop.cbs.ge\/wp-content\/uploads\/2023\/06\/FERAMED.jpg","type":"image\/jpeg"}],"twitter_card":"summary_large_image","twitter_misc":{"Est. reading time":"1 minute"},"schema":{"@context":"https:\/\/schema.org","@graph":[{"@type":"WebPage","@id":"https:\/\/shop.cbs.ge\/product\/feramed\/","url":"https:\/\/shop.cbs.ge\/product\/feramed\/","name":"FERAMED CAPS N 30 - CBS Global","isPartOf":{"@id":"https:\/\/shop.cbs.ge\/#website"},"primaryImageOfPage":{"@id":"https:\/\/shop.cbs.ge\/product\/feramed\/#primaryimage"},"image":{"@id":"https:\/\/shop.cbs.ge\/product\/feramed\/#primaryimage"},"thumbnailUrl":"https:\/\/shop.cbs.ge\/wp-content\/uploads\/2023\/06\/FERAMED.jpg","datePublished":"2023-06-27T11:53:16+00:00","dateModified":"2025-03-11T06:33:34+00:00","breadcrumb":{"@id":"https:\/\/shop.cbs.ge\/product\/feramed\/#breadcrumb"},"inLanguage":"en-US","potentialAction":[{"@type":"ReadAction","target":["https:\/\/shop.cbs.ge\/product\/feramed\/"]}]},{"@type":"ImageObject","inLanguage":"en-US","@id":"https:\/\/shop.cbs.ge\/product\/feramed\/#primaryimage","url":"https:\/\/shop.cbs.ge\/wp-content\/uploads\/2023\/06\/FERAMED.jpg","contentUrl":"https:\/\/shop.cbs.ge\/wp-content\/uploads\/2023\/06\/FERAMED.jpg","width":1024,"height":1024},{"@type":"BreadcrumbList","@id":"https:\/\/shop.cbs.ge\/product\/feramed\/#breadcrumb","itemListElement":[{"@type":"ListItem","position":1,"name":"Home","item":"https:\/\/shop.cbs.ge\/"},{"@type":"ListItem","position":2,"name":"\u10db\u10d0\u10e6\u10d0\u10d6\u10d8\u10d0","item":"https:\/\/shop.cbs.ge\/shop\/"},{"@type":"ListItem","position":3,"name":"FERAMED CAPS N 30"}]},{"@type":"WebSite","@id":"https:\/\/shop.cbs.ge\/#website","url":"https:\/\/shop.cbs.ge\/","name":"CBS Global","description":"Welcome to CBS Global","publisher":{"@id":"https:\/\/shop.cbs.ge\/#organization"},"potentialAction":[{"@type":"SearchAction","target":{"@type":"EntryPoint","urlTemplate":"https:\/\/shop.cbs.ge\/?s={search_term_string}"},"query-input":{"@type":"PropertyValueSpecification","valueRequired":true,"valueName":"search_term_string"}}],"inLanguage":"en-US"},{"@type":"Organization","@id":"https:\/\/shop.cbs.ge\/#organization","name":"CBS Global","url":"https:\/\/shop.cbs.ge\/","logo":{"@type":"ImageObject","inLanguage":"en-US","@id":"https:\/\/shop.cbs.ge\/#\/schema\/logo\/image\/","url":"https:\/\/shop.cbs.ge\/wp-content\/uploads\/2023\/06\/cbs_logo.png","contentUrl":"https:\/\/shop.cbs.ge\/wp-content\/uploads\/2023\/06\/cbs_logo.png","width":313,"height":501,"caption":"CBS Global"},"image":{"@id":"https:\/\/shop.cbs.ge\/#\/schema\/logo\/image\/"}}]}},"_links":{"self":[{"href":"https:\/\/shop.cbs.ge\/en\/wp-json\/wp\/v2\/product\/147","targetHints":{"allow":["GET"]}}],"collection":[{"href":"https:\/\/shop.cbs.ge\/en\/wp-json\/wp\/v2\/product"}],"about":[{"href":"https:\/\/shop.cbs.ge\/en\/wp-json\/wp\/v2\/types\/product"}],"replies":[{"embeddable":true,"href":"https:\/\/shop.cbs.ge\/en\/wp-json\/wp\/v2\/comments?post=147"}],"wp:featuredmedia":[{"embeddable":true,"href":"https:\/\/shop.cbs.ge\/en\/wp-json\/wp\/v2\/media\/569"}],"wp:attachment":[{"href":"https:\/\/shop.cbs.ge\/en\/wp-json\/wp\/v2\/media?parent=147"}],"wp:term":[{"taxonomy":"product_cat","embeddable":true,"href":"https:\/\/shop.cbs.ge\/en\/wp-json\/wp\/v2\/product_cat?post=147"},{"taxonomy":"product_tag","embeddable":true,"href":"https:\/\/shop.cbs.ge\/en\/wp-json\/wp\/v2\/product_tag?post=147"}],"curies":[{"name":"wp","href":"https:\/\/api.w.org\/{rel}","templated":true}]}}