{"id":1084,"date":"2023-12-18T15:02:53","date_gmt":"2023-12-18T15:02:53","guid":{"rendered":"https:\/\/sufiwebsoft.us\/cbsglobal\/?post_type=product&#038;p=1084"},"modified":"2024-06-25T10:27:54","modified_gmt":"2024-06-25T10:27:54","slug":"vomistop-capsules-n-30","status":"publish","type":"product","link":"https:\/\/shop.cbs.ge\/en\/product\/vomistop-capsules-n-30\/","title":{"rendered":"Vomistop Capsules N 30"},"content":{"rendered":"<p>&nbsp;<\/p>\n<table style=\"height: 887px;\" width=\"930\">\n<tbody>\n<tr>\n<td width=\"318\"><strong>\u10d9\u10d5\u10d4\u10d1\u10d8\u10d7\u10d8 \u10e6\u10d8\u10e0\u10d4\u10d1\u10e3\u10da\u10d4\u10d1\u10d0<\/strong><strong> (<\/strong><strong>\u10e1\u10d0\u10e8\u10e3\u10d0\u10da\u10dd \u10db\u10dc\u10d8\u10e8\u10d5\u10dc\u10d4\u10da\u10dd\u10d1\u10d0)<\/strong><\/td>\n<td width=\"81\"><strong>\u00a0<\/strong><\/p>\n<p><strong>\u10e7\u10dd\u10d5\u10d4\u10da\u10d8 100\u10d2<\/strong><\/td>\n<td width=\"87\"><strong>\u00a0<\/strong><\/p>\n<p><strong>1<\/strong><strong>\u10d9\u10d0\u10e4\u10e1\u10e3\u10da\u10d0<\/strong><\/td>\n<td width=\"108\"><strong>\u00a0<\/strong><\/p>\n<p><strong>\u10d3\u10e6\u10d8\u10e3\u10e0\u10d8 \u10d3\u10dd\u10d6\u10d0<\/strong><strong>(2\u10d9\u10d0\u10e4\u10e1\u10e3\u10da\u10d0)<\/strong><\/td>\n<td width=\"142\"><strong>\u10e1\u10d0\u10d3\u10e6\u10d4\u10e6\u10d0\u10db\u10d8\u10e1\u10dd \u10d2\u10d0\u10db\u10dd\u10e7\u10d4\u10dc\u10d4\u10d1\u10d8\u10e1 \u10e0\u10d4\u10d9\u10dd\u10db\u10d4\u10dc\u10d3\u10d8\u10e0\u10d4\u10d1\u10e3\u10da\u10d8 \u10dc\u10dd\u10e0\u10db\u10d8\u10e1 % \u10d6\u10e0\u10d3\u10d0\u10e1\u10e0\u10e3\u10da\u10d8 \u10d0\u10d3\u10d0\u10db\u10d8\u10d0\u10dc\u10d8\u10e1\u10d0\u10d7\u10d5\u10d8\u10e1<\/strong><\/td>\n<\/tr>\n<tr>\n<td width=\"318\"><strong>\u10d4\u10dc\u10d4\u10e0\u10d2\u10d4\u10e2\u10d8\u10d9\u10e3\u10da\u10d8 \u10e6\u10d8\u10e0\u10d4\u10d1\u10e3\u10da\u10d4\u10d1\u10d0 (\u10d9\u10ef)<\/strong><strong>(\u10d9\u10d9\u10d0\u10da)<\/strong><\/td>\n<td width=\"81\"><strong>469.44<\/strong><strong>\u10d9\u10d9\u10d0\u10da<\/strong><\/td>\n<td width=\"87\"><strong>5.63\u10d9\u10d9\u10d0\u10da<\/strong><\/td>\n<td width=\"108\"><strong>11.27\u10d9\u10d9\u10d0\u10da<\/strong><\/td>\n<td width=\"142\"><strong>0.563<\/strong><\/td>\n<\/tr>\n<tr>\n<td width=\"318\"><strong>\u10ea\u10ee\u10d8\u10db\u10d4\u10d1\u10d8 (\u10d2) <\/strong><strong>\u10db\u10d0\u10d7 \u10e8\u10dd\u10e0\u10d8\u10e1 \u10dc\u10d0\u10ef\u10d4\u10e0\u10d8 (\u10d2)<\/strong><\/td>\n<td width=\"81\"><strong>0.06\u10d2<\/strong><\/td>\n<td width=\"87\"><strong>0.0007\u10d2<\/strong><\/td>\n<td width=\"108\"><strong>0.001\u10d2<\/strong><\/td>\n<td width=\"142\"><strong>0.002<\/strong><\/td>\n<\/tr>\n<tr>\n<td width=\"318\"><strong>\u10d9\u10d0\u10e0\u10d1\u10dd\u10dc\u10f0\u10d8\u10d3\u10e0\u10d0\u10e2\u10d4\u10d1\u10d8 (\u10d2)<\/strong><\/p>\n<p><strong>\u10db\u10d0\u10d7 \u10e8\u10dd\u10e0\u10d8\u10e1 \u10e8\u10d0\u10e5\u10e0\u10d4\u10d1\u10d8 (\u10d2)<\/strong><\/td>\n<td width=\"81\"><strong>86.50\u10d2<\/strong><\/p>\n<p><strong>&#8211;<\/strong><\/td>\n<td width=\"87\"><strong>1.038\u10d2<\/strong><\/p>\n<p><strong>&#8211;<\/strong><\/td>\n<td width=\"108\"><strong>2.076\u10d2<\/strong><\/p>\n<p><strong>&#8211;<\/strong><\/td>\n<td width=\"142\"><strong>&#8211;<\/strong><\/p>\n<p><strong>&#8211;<\/strong><\/td>\n<\/tr>\n<tr>\n<td width=\"318\"><strong>\u10e1\u10d0\u10d9\u10d5\u10d4\u10d1\u10d8 \u10d1\u10dd\u10ed\u10d9\u10dd\u10d4\u10d1\u10d8<\/strong><\/td>\n<td width=\"81\"><strong>&#8211;<\/strong><\/td>\n<td width=\"87\"><strong>&#8211;<\/strong><\/td>\n<td width=\"108\"><strong>&#8211;<\/strong><\/td>\n<td width=\"142\"><strong>&#8211;<\/strong><\/td>\n<\/tr>\n<tr>\n<td width=\"318\"><strong>\u10de\u10e0\u10dd\u10e2\u10d4\u10d8\u10dc\u10d8 (\u10d2)<\/strong><\/td>\n<td width=\"81\"><strong>0.14\u10d2<\/strong><\/td>\n<td width=\"87\"><strong>0.002\u10d2<\/strong><\/td>\n<td width=\"108\"><strong>0.003\u10d2<\/strong><\/td>\n<td width=\"142\"><strong>0.007<\/strong><\/td>\n<\/tr>\n<tr>\n<td width=\"318\"><strong>\u10db\u10d0\u10e0\u10d8\u10da\u10d4\u10d1\u10d8 (\u10d2)<\/strong><\/td>\n<td width=\"81\"><strong>0.002\u10d2<\/strong><\/td>\n<td width=\"87\"><strong>0.00003\u10d2<\/strong><\/td>\n<td width=\"108\"><strong>0.0001\u10d2<\/strong><\/td>\n<td width=\"142\"><strong>0.0023<\/strong><\/td>\n<\/tr>\n<\/tbody>\n<\/table>\n<p>&nbsp;<\/p>\n<p><strong>\u10d8\u10dc\u10d2\u10e0\u10d4\u10d3\u10d8\u10d4\u10dc\u10e2\u10d4\u10d1\u10d8<\/strong><\/p>\n<table width=\"738\">\n<tbody>\n<tr>\n<td width=\"319\"><strong>\u10d9\u10dd\u10ed\u10d0\u10e1 \u10d4\u10e5\u10e1\u10e2\u10e0\u10d0\u10e5\u10e2\u10d8<\/strong><\/td>\n<td width=\"81\"><strong>41.67\u10d2<\/strong><\/td>\n<td width=\"87\"><strong>500\u10db\u10d2<\/strong><\/td>\n<td width=\"109\"><strong>1000\u10db\u10d2<\/strong><\/td>\n<td width=\"143\"><strong>**<\/strong><\/td>\n<\/tr>\n<tr>\n<td width=\"319\"><strong>\u10d3\u10d0\u10e0\u10e4\u10d8\u10da\u10e4\u10d8\u10da\u10d8\u10e1 \u10d4\u10e5\u10e1\u10e2\u10e0\u10d0\u10e5\u10e2\u10d8<\/strong><\/td>\n<td width=\"81\"><strong>16.67\u10d2<\/strong><\/td>\n<td width=\"87\"><strong>200\u10db\u10d2<\/strong><\/td>\n<td width=\"109\"><strong>400\u10db\u10d2<\/strong><\/td>\n<td width=\"143\"><strong>**<\/strong><\/td>\n<\/tr>\n<tr>\n<td width=\"319\"><strong>\u10d0\u10e0\u10e2\u10d8\u10e8\u10dd\u10d9\u10d8\u10e1 \u10d4\u10e5\u10e1\u10e2\u10e0\u10d0\u10e5\u10e2\u10d8<\/strong><\/td>\n<td width=\"81\"><strong>25\u10d2<\/strong><\/td>\n<td width=\"87\"><strong>300\u10db\u10d2<\/strong><\/td>\n<td width=\"109\"><strong>600\u10db\u10d2<\/strong><\/td>\n<td width=\"143\"><strong>**<\/strong><\/td>\n<\/tr>\n<tr>\n<td width=\"319\"><strong>\u10d0\u10e5\u10e2\u10d8\u10d5\u10d8\u10e0\u10d4\u10d1\u10e3\u10da\u10d8 \u10dc\u10d0\u10ee\u10e8\u10d8\u10e0\u10d8<\/strong><\/td>\n<td width=\"81\"><strong>6.<\/strong><strong>2<\/strong><strong>5\u10d2<\/strong><\/td>\n<td width=\"87\"><strong>75\u10db\u10d2<\/strong><\/td>\n<td width=\"109\"><strong>150\u10db\u10d2<\/strong><\/td>\n<td width=\"143\"><strong>**<\/strong><\/td>\n<\/tr>\n<tr>\n<td width=\"319\"><strong>\u10d5\u10d8\u10e2\u10d0\u10db\u10d8\u10dc\u10d8 <\/strong><strong>B6<\/strong><\/td>\n<td width=\"81\"><strong>0.42\u10d2<\/strong><\/td>\n<td width=\"87\"><strong>5\u10db\u10d2<\/strong><\/td>\n<td width=\"109\"><strong>10\u10db\u10d2<\/strong><\/td>\n<td width=\"143\"><strong>714.28<\/strong><strong>%<\/strong> <strong>NRV*<\/strong><\/td>\n<\/tr>\n<\/tbody>\n<\/table>\n<p>&nbsp;<\/p>\n<p>NRV* \u10d3\u10e6\u10d8\u10e3\u10e0\u10d8 \u10db\u10dd\u10d7\u10ee\u10dd\u10d5\u10dc\u10d8\u10da\u10d4\u10d1\u10d0<\/p>\n<p>** \u00a0\u10d0\u10e0 \u10d0\u10e0\u10d8\u10e1 \u10d2\u10d0\u10dc\u10e1\u10d0\u10d6\u10e6\u10d5\u10e0\u10e3\u10da\u10d8 \u10d3\u10e6\u10d8\u10e3\u10e0\u10d8 \u10d3\u10dd\u10d6\u10d0<\/p>\n<p><strong>\u10d8\u10dc\u10d2\u10e0\u10d4\u10d3\u10d8\u10d4\u10dc\u10e2\u10d4\u10d1\u10d8: <\/strong>\u10e8\u10d4\u10db\u10d0\u10d5\u10e1\u10d4\u10d1\u10da\u10d4\u10d1\u10d8 \u10d3\u10d0 \u10d3\u10d0\u10db\u10d0\u10e2\u10d4\u10d1\u10d8\u10d7\u10d8 \u10e1\u10d0\u10e8\u10e3\u10d0\u10da\u10d4\u10d1\u10d4\u10d1\u10d8: \u10d9\u10dd\u10ed\u10d0\u10e1 \u10d4\u10e5\u10e1\u10e2\u10e0\u10d0\u10e5\u10e2\u10d8, \u10d3\u10d0\u10e0\u10e4\u10d8\u10da\u10e4\u10d8\u10da\u10d8\u10e1 \u10d4\u10e5\u10e1\u10e2\u10e0\u10d0\u10e5\u10e2\u10d8, \u10d0\u10e0\u10e2\u10d8\u10e8\u10dd\u10d9\u10d8\u10e1 \u10d4\u10e5\u10e1\u10e2\u10e0\u10d0\u10e5\u10e2\u10d8, \u10d0\u10e5\u10e2\u10d8\u10d5\u10d8\u10e0\u10d4\u10d1\u10e3\u10da\u10d8 \u10dc\u10d0\u10ee\u10e8\u10d8\u10e0\u10d8 \u10d3\u10d0 \u10d5\u10d8\u10e2\u10d0\u10db\u10d8\u10dc\u10d8 B6<\/p>\n<p><strong>\u10e0\u10d4\u10d9\u10dd\u10db\u10d4\u10dc\u10d3\u10d4\u10d1\u10e3\u10da\u10d8 \u10d3\u10e6\u10d8\u10e3\u10e0\u10d8 \u10d3\u10dd\u10d6\u10d0:<\/strong><\/p>\n<p>1 \u10d9\u10d0\u10e4\u10e1\u10e3\u10da\u10d0 2-\u10ef\u10d4\u10e0 \u10d3\u10e6\u10d4\u10e8\u10d8, \u10d9\u10d5\u10d4\u10d1\u10d8\u10e1 \u10e8\u10d4\u10db\u10d3\u10d4\u10d2 \u10e1\u10d0\u10d9\u10db\u10d0\u10dd \u10e0\u10d0\u10dd\u10d3\u10d4\u10dc\u10dd\u10d1\u10d8\u10e1 \u10ec\u10e7\u10da\u10d8\u10e1 \u10db\u10d8\u10e7\u10dd\u10da\u10d4\u10d1\u10d8\u10d7.<\/p>\n<p><strong>\u10d2\u10d0\u10e4\u10e0\u10d7\u10ee\u10d8\u10da\u10d4\u10d1\u10d0<\/strong><strong> :<\/strong><\/p>\n<p>\u10d0\u10e0 \u10d2\u10d0\u10d3\u10d0\u10d0\u10ed\u10d0\u10e0\u10d1\u10dd\u10d7 \u10e0\u10d4\u10d9\u10dd\u10db\u10d4\u10dc\u10d3\u10d8\u10e0\u10d4\u10d1\u10e3\u10da \u10d3\u10dd\u10d6\u10d0\u10e1<\/p>\n<p>\u10e1\u10e3\u10e0\u10e1\u10d0\u10d7\u10d8\u10e1 (\u10e1\u10d0\u10e1\u10e3\u10e0\u10e1\u10d0\u10d7\u10dd) \u10d3\u10d0\u10dc\u10d0\u10db\u10d0\u10e2\u10e1 \u10e8\u10d4\u10e3\u10eb\u10da\u10d8\u10d0 \u10db\u10ee\u10dd\u10da\u10dd\u10d3 \u10d3\u10d0\u10ee\u10db\u10d0\u10e0\u10d4\u10d1\u10d8\u10e1\u00a0 \u10d2\u10d0\u10ec\u10d4\u10d5\u10d0, \u10d7\u10e3 \u10e1\u10d0\u10d9\u10d5\u10d4\u10d1\u10d8\u10d3\u10d0\u10dc \u10d0\u10e0\u00a0 \u10ee\u10d3\u10d4\u10d1\u10d0 \u10e1\u10d0\u10d9\u10db\u10d0\u10e0\u10d8\u10e1\u10d0\u10d3 \u10db\u10d0\u10d7\u10d8 \u10db\u10d8\u10e6\u10d4\u10d1\u10d0.<\/p>\n<p>\u10e1\u10e3\u10e0\u10e1\u10d0\u10d7\u10d8\u10e1 (\u10e1\u10d0\u10e1\u10e3\u10e0\u10e1\u10d0\u10d7\u10dd) \u10d3\u10d0\u10dc\u10d0\u10db\u10d0\u10e2\u10d8 \u10d0\u10e0 \u10e3\u10dc\u10d3\u10d0 \u10d8\u10e7\u10dd\u10e1 \u10d2\u10d0\u10db\u10dd\u10e7\u10d4\u10dc\u10d4\u10d1\u10e3\u10da\u10d8, \u10e0\u10dd\u10d2\u10dd\u10e0\u10ea \u10e9\u10d0\u10dc\u10d0\u10ea\u10d5\u10da\u10d4\u10d1\u10d0 \u10db\u10d0\u10e0\u10d0\u10d5\u10d0\u10da\u10e4\u10d4\u10e0\u10dd\u10d5\u10d0\u10dc\u10d8 \u10d3\u10d0 \u10d1\u10d0\u10da\u10d0\u10dc\u10e1\u10d8\u10e0\u10d4\u10d1\u10e3\u10da\u10d8 \u10d9\u10d5\u10d4\u10d1\u10d8\u10e1 \u10d3\u10d0 \u10ef\u10d0\u10dc\u10e1\u10d0\u10e6\u10d8 \u10ea\u10ee\u10dd\u10d5\u10e0\u10d4\u10d1\u10d8\u10e1 \u10ec\u10d4\u10e1\u10d8\u10e1.<\/p>\n<p><strong>\u10e8\u10d4\u10dc\u10d0\u10ee\u10d5\u10d8\u10e1<\/strong> <strong>\u10de\u10d8\u10e0\u10dd\u10d1\u10d4\u10d1\u10d8<\/strong><strong> :<\/strong><\/p>\n<p>\u10e8\u10d4\u10d8\u10dc\u10d0\u10ee\u10d4\u10d7 \u10d0\u10e0\u10d0\u10e3\u10db\u10d4\u10e2\u10d4\u10e1\u00a0 25 \u00b0 C- \u10d6\u10d4, \u10d3\u10d0\u10d8\u10ea\u10d0\u10d5\u10d8\u10d7 \u10de\u10d8\u10e0\u10d3\u10d0\u10de\u10d8\u10e0\u10d8\u00a0 \u10db\u10d6\u10d8\u10e1 \u10e1\u10ee\u10d8\u10d5\u10d4\u10d1\u10d8\u10e1\u10d2\u10d0\u10dc.<\/p>\n<p><strong>\u10e8\u10d4\u10d8\u10dc\u10d0\u10ee\u10d4\u10d7<\/strong> <strong>\u10d1\u10d0\u10d5\u10e8\u10d5\u10d4\u10d1\u10d8\u10e1\u10d2\u10d0\u10dc<\/strong> <strong>\u10db\u10d8\u10e3\u10ec\u10d5\u10d3\u10dd\u10db\u10d4\u10da<\/strong> <strong>\u10d0\u10d3\u10d2\u10d8\u10da\u10d0\u10e1<\/strong><strong>.<\/strong><\/p>\n<p><strong>\u10d2\u10d0\u10db\u10dd\u10e8\u10d5\u10d4\u10d1\u10d8\u10e1 \u10e4\u10dd\u10e0\u10db\u10d0 \u10d3\u10d0 \u10e8\u10d4\u10e4\u10e3\u10d7\u10d5\u10d0: <\/strong><\/p>\n<p>1X10X3 \u10d9\u10d0\u10e4\u10e1\u10e3\u10da\u10d0 \u10d1\u10da\u10d8\u10e1\u10e2\u10d4\u10e0\u10e3\u10da \u10e8\u10d4\u10e4\u10e3\u10d7\u10d5\u10d0\u10e8\u10d8.<\/p>\n<p><strong>\u10d2\u10d0\u10ea\u10d4\u10db\u10d8\u10e1 \u10ec\u10d4\u10e1\u10d8:<\/strong><\/p>\n<p>\u10d2\u10d0\u10d8\u10ea\u10d4\u10db\u10d0 \u10e0\u10d4\u10ea\u10d4\u10de\u10e2\u10d8\u10e1 \u10d2\u10d0\u10e0\u10d4\u10e8\u10d4<\/p>\n<p><strong>\u10d3\u10d0\u10db\u10d6\u10d0\u10d3\u10d4\u10d1\u10e3\u10da\u10d8\u10d0<\/strong> \u10e8\u10de\u10e1 \u10d2\u10da\u10dd\u10d1\u10d0\u10da \u10ea\u10d1\u10e1 -\u10d7\u10d5\u10d8\u10e1 Honor \u0130la\u00e7 Sanayi ve Tic. Ltd. \u015eti \u10db\u10d8\u10d4\u10e0.<\/p>\n<p><strong>\u00a0<\/strong><\/p>","protected":false},"excerpt":{"rendered":"<p><strong>\u10d5\u10dd\u10db\u10d8\u10e1\u10e2\u10dd\u10de\u10d8<\/strong><\/p>\n<p>N30 \u10d9\u10d0\u10e4\u10e1\u10e3\u10da\u10d0<\/p>\n<p><strong>\u10d5\u10dd\u10db\u10d8\u10e1\u10e2\u10dd\u10de\u10d8<\/strong> <strong>\u10d4\u10e1 <\/strong><strong>\u10d0\u10e0\u10d8\u10e1 \u10e1\u10e3\u10e0\u10e1\u10d0\u10d7\u10d8\u10e1 (\u10e1\u10d0\u10e1\u10e3\u10e0\u10e1\u10d0\u10d7\u10dd) \u10d3\u10d0\u10dc\u10d0\u10db\u10d0\u10e2\u10d8, <\/strong>\u10dc\u10d0\u10e6\u10d5\u10da\u10db\u10d3\u10d4\u10dc\u10d8, \u10d2\u10e3\u10da\u10d8\u10e1\u10e0\u10d4\u10d5\u10d8\u10e1, \u10e6\u10d4\u10d1\u10d8\u10dc\u10d4\u10d1\u10d8\u10e1 \u10e1\u10d0\u10ec\u10d8\u10dc\u10d0\u10d0\u10e6\u10db\u10d3\u10d4\u10d2\u10dd \u10d3\u10d0 \u10e8\u10d4\u10d1\u10d4\u10e0\u10d8\u10da\u10dd\u10d1\u10d8\u10e1 \u10e1\u10d0\u10ec\u10d8\u10dc\u10d0\u10d0\u10e6\u10db\u10d3\u10d4\u10d2\u10dd \u10db\u10dd\u10e5\u10db\u10d4\u10d3\u10d4\u10d1\u10d8\u10d7, \u10e0\u10dd\u10db\u10d4\u10da\u10d8\u10ea \u10e8\u10d4\u10d8\u10ea\u10d0\u10d5\u10e1 \u10d9\u10dd\u10ed\u10d0\u10e1 \u10d4\u10e5\u10e1\u10e2\u10e0\u10d0\u10e5\u10e2\u10e1, \u10d3\u10d0\u10e0\u10e4\u10d8\u10da\u10e4\u10d8\u10da\u10d8\u10e1 \u10d4\u10e5\u10e1\u10e2\u10e0\u10d0\u10e5\u10e2\u10e1, \u10d0\u10e0\u10e2\u10d8\u10e8\u10dd\u10d9\u10d8\u10e1 \u10d4\u10e5\u10e1\u10e2\u10e0\u10d0\u10e5\u10e2\u10e1, \u10d0\u10e5\u10e2\u10d8\u10d5\u10d8\u10e0\u10d4\u10d1\u10e3\u10da\u10d8 \u10dc\u10d0\u10ee\u10e8\u10d8\u10e0\u10e1 \u10d3\u10d0 \u10d5\u10d8\u10e2\u10d0\u10db\u10d8\u10dc B6<\/p>","protected":false},"featured_media":1128,"comment_status":"open","ping_status":"closed","template":"","meta":{"_acf_changed":false},"product_cat":[15],"product_tag":[],"class_list":{"0":"post-1084","1":"product","2":"type-product","3":"status-publish","4":"has-post-thumbnail","6":"product_cat-digestive-health","7":"entry","9":"first","10":"instock","11":"shipping-taxable","12":"purchasable","13":"product-type-simple"},"acf":[],"yoast_head":"<!-- This site is optimized with the Yoast SEO plugin v24.2 - https:\/\/yoast.com\/wordpress\/plugins\/seo\/ -->\n<title>Vomistop Capsules N 30 - CBS Global<\/title>\n<meta name=\"robots\" content=\"index, follow, max-snippet:-1, max-image-preview:large, max-video-preview:-1\" \/>\n<link rel=\"canonical\" href=\"https:\/\/shop.cbs.ge\/en\/product\/vomistop-capsules-n-30\/\" \/>\n<meta property=\"og:locale\" content=\"en_US\" \/>\n<meta property=\"og:type\" content=\"article\" \/>\n<meta property=\"og:title\" content=\"Vomistop Capsules N 30 - CBS Global\" \/>\n<meta property=\"og:description\" content=\"\u10d5\u10dd\u10db\u10d8\u10e1\u10e2\u10dd\u10de\u10d8  N30 \u10d9\u10d0\u10e4\u10e1\u10e3\u10da\u10d0  \u10d5\u10dd\u10db\u10d8\u10e1\u10e2\u10dd\u10de\u10d8 \u10d4\u10e1 \u10d0\u10e0\u10d8\u10e1 \u10e1\u10e3\u10e0\u10e1\u10d0\u10d7\u10d8\u10e1 (\u10e1\u10d0\u10e1\u10e3\u10e0\u10e1\u10d0\u10d7\u10dd) \u10d3\u10d0\u10dc\u10d0\u10db\u10d0\u10e2\u10d8, \u10dc\u10d0\u10e6\u10d5\u10da\u10db\u10d3\u10d4\u10dc\u10d8, \u10d2\u10e3\u10da\u10d8\u10e1\u10e0\u10d4\u10d5\u10d8\u10e1, \u10e6\u10d4\u10d1\u10d8\u10dc\u10d4\u10d1\u10d8\u10e1 \u10e1\u10d0\u10ec\u10d8\u10dc\u10d0\u10d0\u10e6\u10db\u10d3\u10d4\u10d2\u10dd \u10d3\u10d0 \u10e8\u10d4\u10d1\u10d4\u10e0\u10d8\u10da\u10dd\u10d1\u10d8\u10e1 \u10e1\u10d0\u10ec\u10d8\u10dc\u10d0\u10d0\u10e6\u10db\u10d3\u10d4\u10d2\u10dd \u10db\u10dd\u10e5\u10db\u10d4\u10d3\u10d4\u10d1\u10d8\u10d7, \u10e0\u10dd\u10db\u10d4\u10da\u10d8\u10ea \u10e8\u10d4\u10d8\u10ea\u10d0\u10d5\u10e1 \u10d9\u10dd\u10ed\u10d0\u10e1 \u10d4\u10e5\u10e1\u10e2\u10e0\u10d0\u10e5\u10e2\u10e1, \u10d3\u10d0\u10e0\u10e4\u10d8\u10da\u10e4\u10d8\u10da\u10d8\u10e1 \u10d4\u10e5\u10e1\u10e2\u10e0\u10d0\u10e5\u10e2\u10e1, \u10d0\u10e0\u10e2\u10d8\u10e8\u10dd\u10d9\u10d8\u10e1 \u10d4\u10e5\u10e1\u10e2\u10e0\u10d0\u10e5\u10e2\u10e1, \u10d0\u10e5\u10e2\u10d8\u10d5\u10d8\u10e0\u10d4\u10d1\u10e3\u10da\u10d8 \u10dc\u10d0\u10ee\u10e8\u10d8\u10e0\u10e1 \u10d3\u10d0 \u10d5\u10d8\u10e2\u10d0\u10db\u10d8\u10dc B6\" \/>\n<meta property=\"og:url\" content=\"https:\/\/shop.cbs.ge\/en\/product\/vomistop-capsules-n-30\/\" \/>\n<meta property=\"og:site_name\" content=\"CBS Global\" \/>\n<meta property=\"article:modified_time\" content=\"2024-06-25T10:27:54+00:00\" \/>\n<meta property=\"og:image\" content=\"http:\/\/shop.cbs.ge\/wp-content\/uploads\/2023\/12\/WhatsApp-Image-2023-12-20-at-17.32.26_2194355b.jpg\" \/>\n\t<meta property=\"og:image:width\" content=\"1024\" \/>\n\t<meta property=\"og:image:height\" content=\"1024\" \/>\n\t<meta property=\"og:image:type\" content=\"image\/jpeg\" \/>\n<meta name=\"twitter:card\" content=\"summary_large_image\" \/>\n<meta name=\"twitter:label1\" content=\"Est. reading time\" \/>\n\t<meta name=\"twitter:data1\" content=\"2 minutes\" \/>\n<script type=\"application\/ld+json\" class=\"yoast-schema-graph\">{\"@context\":\"https:\/\/schema.org\",\"@graph\":[{\"@type\":\"WebPage\",\"@id\":\"https:\/\/shop.cbs.ge\/product\/vomistop-capsules-n-30\/\",\"url\":\"https:\/\/shop.cbs.ge\/product\/vomistop-capsules-n-30\/\",\"name\":\"Vomistop Capsules N 30 - CBS Global\",\"isPartOf\":{\"@id\":\"https:\/\/shop.cbs.ge\/#website\"},\"primaryImageOfPage\":{\"@id\":\"https:\/\/shop.cbs.ge\/product\/vomistop-capsules-n-30\/#primaryimage\"},\"image\":{\"@id\":\"https:\/\/shop.cbs.ge\/product\/vomistop-capsules-n-30\/#primaryimage\"},\"thumbnailUrl\":\"https:\/\/shop.cbs.ge\/wp-content\/uploads\/2023\/12\/WhatsApp-Image-2023-12-20-at-17.32.26_2194355b.jpg\",\"datePublished\":\"2023-12-18T15:02:53+00:00\",\"dateModified\":\"2024-06-25T10:27:54+00:00\",\"breadcrumb\":{\"@id\":\"https:\/\/shop.cbs.ge\/product\/vomistop-capsules-n-30\/#breadcrumb\"},\"inLanguage\":\"en-US\",\"potentialAction\":[{\"@type\":\"ReadAction\",\"target\":[\"https:\/\/shop.cbs.ge\/product\/vomistop-capsules-n-30\/\"]}]},{\"@type\":\"ImageObject\",\"inLanguage\":\"en-US\",\"@id\":\"https:\/\/shop.cbs.ge\/product\/vomistop-capsules-n-30\/#primaryimage\",\"url\":\"https:\/\/shop.cbs.ge\/wp-content\/uploads\/2023\/12\/WhatsApp-Image-2023-12-20-at-17.32.26_2194355b.jpg\",\"contentUrl\":\"https:\/\/shop.cbs.ge\/wp-content\/uploads\/2023\/12\/WhatsApp-Image-2023-12-20-at-17.32.26_2194355b.jpg\",\"width\":1024,\"height\":1024},{\"@type\":\"BreadcrumbList\",\"@id\":\"https:\/\/shop.cbs.ge\/product\/vomistop-capsules-n-30\/#breadcrumb\",\"itemListElement\":[{\"@type\":\"ListItem\",\"position\":1,\"name\":\"Home\",\"item\":\"https:\/\/shop.cbs.ge\/\"},{\"@type\":\"ListItem\",\"position\":2,\"name\":\"\u10db\u10d0\u10e6\u10d0\u10d6\u10d8\u10d0\",\"item\":\"https:\/\/shop.cbs.ge\/shop\/\"},{\"@type\":\"ListItem\",\"position\":3,\"name\":\"Vomistop Capsules N 30\"}]},{\"@type\":\"WebSite\",\"@id\":\"https:\/\/shop.cbs.ge\/#website\",\"url\":\"https:\/\/shop.cbs.ge\/\",\"name\":\"CBS Global\",\"description\":\"Welcome to CBS Global\",\"publisher\":{\"@id\":\"https:\/\/shop.cbs.ge\/#organization\"},\"potentialAction\":[{\"@type\":\"SearchAction\",\"target\":{\"@type\":\"EntryPoint\",\"urlTemplate\":\"https:\/\/shop.cbs.ge\/?s={search_term_string}\"},\"query-input\":{\"@type\":\"PropertyValueSpecification\",\"valueRequired\":true,\"valueName\":\"search_term_string\"}}],\"inLanguage\":\"en-US\"},{\"@type\":\"Organization\",\"@id\":\"https:\/\/shop.cbs.ge\/#organization\",\"name\":\"CBS Global\",\"url\":\"https:\/\/shop.cbs.ge\/\",\"logo\":{\"@type\":\"ImageObject\",\"inLanguage\":\"en-US\",\"@id\":\"https:\/\/shop.cbs.ge\/#\/schema\/logo\/image\/\",\"url\":\"https:\/\/shop.cbs.ge\/wp-content\/uploads\/2023\/06\/cbs_logo.png\",\"contentUrl\":\"https:\/\/shop.cbs.ge\/wp-content\/uploads\/2023\/06\/cbs_logo.png\",\"width\":313,\"height\":501,\"caption\":\"CBS Global\"},\"image\":{\"@id\":\"https:\/\/shop.cbs.ge\/#\/schema\/logo\/image\/\"}}]}<\/script>\n<!-- \/ Yoast SEO plugin. -->","yoast_head_json":{"title":"Vomistop Capsules N 30 - CBS Global","robots":{"index":"index","follow":"follow","max-snippet":"max-snippet:-1","max-image-preview":"max-image-preview:large","max-video-preview":"max-video-preview:-1"},"canonical":"https:\/\/shop.cbs.ge\/en\/product\/vomistop-capsules-n-30\/","og_locale":"en_US","og_type":"article","og_title":"Vomistop Capsules N 30 - CBS Global","og_description":"\u10d5\u10dd\u10db\u10d8\u10e1\u10e2\u10dd\u10de\u10d8  N30 \u10d9\u10d0\u10e4\u10e1\u10e3\u10da\u10d0  \u10d5\u10dd\u10db\u10d8\u10e1\u10e2\u10dd\u10de\u10d8 \u10d4\u10e1 \u10d0\u10e0\u10d8\u10e1 \u10e1\u10e3\u10e0\u10e1\u10d0\u10d7\u10d8\u10e1 (\u10e1\u10d0\u10e1\u10e3\u10e0\u10e1\u10d0\u10d7\u10dd) \u10d3\u10d0\u10dc\u10d0\u10db\u10d0\u10e2\u10d8, \u10dc\u10d0\u10e6\u10d5\u10da\u10db\u10d3\u10d4\u10dc\u10d8, \u10d2\u10e3\u10da\u10d8\u10e1\u10e0\u10d4\u10d5\u10d8\u10e1, \u10e6\u10d4\u10d1\u10d8\u10dc\u10d4\u10d1\u10d8\u10e1 \u10e1\u10d0\u10ec\u10d8\u10dc\u10d0\u10d0\u10e6\u10db\u10d3\u10d4\u10d2\u10dd \u10d3\u10d0 \u10e8\u10d4\u10d1\u10d4\u10e0\u10d8\u10da\u10dd\u10d1\u10d8\u10e1 \u10e1\u10d0\u10ec\u10d8\u10dc\u10d0\u10d0\u10e6\u10db\u10d3\u10d4\u10d2\u10dd \u10db\u10dd\u10e5\u10db\u10d4\u10d3\u10d4\u10d1\u10d8\u10d7, \u10e0\u10dd\u10db\u10d4\u10da\u10d8\u10ea \u10e8\u10d4\u10d8\u10ea\u10d0\u10d5\u10e1 \u10d9\u10dd\u10ed\u10d0\u10e1 \u10d4\u10e5\u10e1\u10e2\u10e0\u10d0\u10e5\u10e2\u10e1, \u10d3\u10d0\u10e0\u10e4\u10d8\u10da\u10e4\u10d8\u10da\u10d8\u10e1 \u10d4\u10e5\u10e1\u10e2\u10e0\u10d0\u10e5\u10e2\u10e1, \u10d0\u10e0\u10e2\u10d8\u10e8\u10dd\u10d9\u10d8\u10e1 \u10d4\u10e5\u10e1\u10e2\u10e0\u10d0\u10e5\u10e2\u10e1, \u10d0\u10e5\u10e2\u10d8\u10d5\u10d8\u10e0\u10d4\u10d1\u10e3\u10da\u10d8 \u10dc\u10d0\u10ee\u10e8\u10d8\u10e0\u10e1 \u10d3\u10d0 \u10d5\u10d8\u10e2\u10d0\u10db\u10d8\u10dc B6","og_url":"https:\/\/shop.cbs.ge\/en\/product\/vomistop-capsules-n-30\/","og_site_name":"CBS Global","article_modified_time":"2024-06-25T10:27:54+00:00","og_image":[{"width":1024,"height":1024,"url":"http:\/\/shop.cbs.ge\/wp-content\/uploads\/2023\/12\/WhatsApp-Image-2023-12-20-at-17.32.26_2194355b.jpg","type":"image\/jpeg"}],"twitter_card":"summary_large_image","twitter_misc":{"Est. reading time":"2 minutes"},"schema":{"@context":"https:\/\/schema.org","@graph":[{"@type":"WebPage","@id":"https:\/\/shop.cbs.ge\/product\/vomistop-capsules-n-30\/","url":"https:\/\/shop.cbs.ge\/product\/vomistop-capsules-n-30\/","name":"Vomistop Capsules N 30 - CBS Global","isPartOf":{"@id":"https:\/\/shop.cbs.ge\/#website"},"primaryImageOfPage":{"@id":"https:\/\/shop.cbs.ge\/product\/vomistop-capsules-n-30\/#primaryimage"},"image":{"@id":"https:\/\/shop.cbs.ge\/product\/vomistop-capsules-n-30\/#primaryimage"},"thumbnailUrl":"https:\/\/shop.cbs.ge\/wp-content\/uploads\/2023\/12\/WhatsApp-Image-2023-12-20-at-17.32.26_2194355b.jpg","datePublished":"2023-12-18T15:02:53+00:00","dateModified":"2024-06-25T10:27:54+00:00","breadcrumb":{"@id":"https:\/\/shop.cbs.ge\/product\/vomistop-capsules-n-30\/#breadcrumb"},"inLanguage":"en-US","potentialAction":[{"@type":"ReadAction","target":["https:\/\/shop.cbs.ge\/product\/vomistop-capsules-n-30\/"]}]},{"@type":"ImageObject","inLanguage":"en-US","@id":"https:\/\/shop.cbs.ge\/product\/vomistop-capsules-n-30\/#primaryimage","url":"https:\/\/shop.cbs.ge\/wp-content\/uploads\/2023\/12\/WhatsApp-Image-2023-12-20-at-17.32.26_2194355b.jpg","contentUrl":"https:\/\/shop.cbs.ge\/wp-content\/uploads\/2023\/12\/WhatsApp-Image-2023-12-20-at-17.32.26_2194355b.jpg","width":1024,"height":1024},{"@type":"BreadcrumbList","@id":"https:\/\/shop.cbs.ge\/product\/vomistop-capsules-n-30\/#breadcrumb","itemListElement":[{"@type":"ListItem","position":1,"name":"Home","item":"https:\/\/shop.cbs.ge\/"},{"@type":"ListItem","position":2,"name":"\u10db\u10d0\u10e6\u10d0\u10d6\u10d8\u10d0","item":"https:\/\/shop.cbs.ge\/shop\/"},{"@type":"ListItem","position":3,"name":"Vomistop Capsules N 30"}]},{"@type":"WebSite","@id":"https:\/\/shop.cbs.ge\/#website","url":"https:\/\/shop.cbs.ge\/","name":"CBS Global","description":"Welcome to CBS Global","publisher":{"@id":"https:\/\/shop.cbs.ge\/#organization"},"potentialAction":[{"@type":"SearchAction","target":{"@type":"EntryPoint","urlTemplate":"https:\/\/shop.cbs.ge\/?s={search_term_string}"},"query-input":{"@type":"PropertyValueSpecification","valueRequired":true,"valueName":"search_term_string"}}],"inLanguage":"en-US"},{"@type":"Organization","@id":"https:\/\/shop.cbs.ge\/#organization","name":"CBS Global","url":"https:\/\/shop.cbs.ge\/","logo":{"@type":"ImageObject","inLanguage":"en-US","@id":"https:\/\/shop.cbs.ge\/#\/schema\/logo\/image\/","url":"https:\/\/shop.cbs.ge\/wp-content\/uploads\/2023\/06\/cbs_logo.png","contentUrl":"https:\/\/shop.cbs.ge\/wp-content\/uploads\/2023\/06\/cbs_logo.png","width":313,"height":501,"caption":"CBS Global"},"image":{"@id":"https:\/\/shop.cbs.ge\/#\/schema\/logo\/image\/"}}]}},"_links":{"self":[{"href":"https:\/\/shop.cbs.ge\/en\/wp-json\/wp\/v2\/product\/1084","targetHints":{"allow":["GET"]}}],"collection":[{"href":"https:\/\/shop.cbs.ge\/en\/wp-json\/wp\/v2\/product"}],"about":[{"href":"https:\/\/shop.cbs.ge\/en\/wp-json\/wp\/v2\/types\/product"}],"replies":[{"embeddable":true,"href":"https:\/\/shop.cbs.ge\/en\/wp-json\/wp\/v2\/comments?post=1084"}],"wp:featuredmedia":[{"embeddable":true,"href":"https:\/\/shop.cbs.ge\/en\/wp-json\/wp\/v2\/media\/1128"}],"wp:attachment":[{"href":"https:\/\/shop.cbs.ge\/en\/wp-json\/wp\/v2\/media?parent=1084"}],"wp:term":[{"taxonomy":"product_cat","embeddable":true,"href":"https:\/\/shop.cbs.ge\/en\/wp-json\/wp\/v2\/product_cat?post=1084"},{"taxonomy":"product_tag","embeddable":true,"href":"https:\/\/shop.cbs.ge\/en\/wp-json\/wp\/v2\/product_tag?post=1084"}],"curies":[{"name":"wp","href":"https:\/\/api.w.org\/{rel}","templated":true}]}}